{"id":2507,"date":"2021-11-17T12:04:23","date_gmt":"2021-11-17T12:04:23","guid":{"rendered":"https:\/\/balflex.com\/?page_id=2507"},"modified":"2022-09-11T17:12:08","modified_gmt":"2022-09-11T17:12:08","slug":"politica-de-privacidade","status":"publish","type":"page","link":"https:\/\/balflex.com\/pt-pt\/politica-de-privacidade\/","title":{"rendered":"Pol\u00edtica de Privacidade"},"content":{"rendered":"<p>[vc_row row_height_percent=&#8221;0&#8243; override_padding=&#8221;yes&#8221; h_padding=&#8221;0&#8243; top_padding=&#8221;3&#8243; bottom_padding=&#8221;3&#8243; shift_y=&#8221;0&#8243; z_index=&#8221;0&#8243;][vc_column position_horizontal=&#8221;&#8221; align_horizontal=&#8221;text-lg-center&#8221; mobile_width=&#8221;0&#8243; shift_x=&#8221;0&#8243; shift_y=&#8221;0&#8243; z_index=&#8221;0&#8243; medium_width=&#8221;0&#8243; width=&#8221;1\/1&#8243;][vc_custom_heading auto_text=&#8221;yes&#8221; heading_semantic=&#8221;h1&#8243; text_size=&#8221;h1&#8243; text_weight=&#8221;font-weight-light&#8221; el_class=&#8221;alternative-font&#8221;]<span style=\"font-weight: 400;\">Pol\u00edtica de privacidade da<\/span> Balflex<sup>\u00ae<\/sup>[\/vc_custom_heading][\/vc_column][\/vc_row][vc_row row_height_percent=&#8221;0&#8243; override_padding=&#8221;yes&#8221; h_padding=&#8221;0&#8243; top_padding=&#8221;1&#8243; bottom_padding=&#8221;3&#8243; shift_y=&#8221;0&#8243; z_index=&#8221;0&#8243; el_class=&#8221;mb-adapt-6&#8243;][vc_column position_horizontal=&#8221;&#8221; mobile_visibility=&#8221;yes&#8221; mobile_width=&#8221;0&#8243; shift_x=&#8221;0&#8243; shift_y=&#8221;0&#8243; z_index=&#8221;0&#8243; medium_visibility=&#8221;yes&#8221; medium_width=&#8221;0&#8243; width=&#8221;1\/6&#8243;][\/vc_column][vc_column width=&#8221;2\/3&#8243;][vc_column_text]<span style=\"font-weight: 400;\">Em balflex.com, acess\u00edvel a partir de http:\/\/www.balflex.com\/, uma das nossas principais prioridades \u00e9 a privacidade dos nossos visitantes. Este documento de Pol\u00edtica de Privacidade cont\u00e9m os tipos de informa\u00e7\u00e3o que \u00e9 recolhida e registada por balflex.com e a forma como a utilizamos.<\/span><span style=\"font-weight: 400;\"><br \/>\n<\/span><span style=\"font-weight: 400;\">Se tiver perguntas adicionais ou necessitar de mais informa\u00e7\u00f5es sobre a nossa Pol\u00edtica de Privacidade, n\u00e3o hesite em contactar-nos.<br \/>\n<\/span><span style=\"font-weight: 400;\"><br \/>\n<\/span><span style=\"font-weight: 400;\">Esta Pol\u00edtica de Privacidade aplica-se apenas \u00e0s nossas atividades online e \u00e9 v\u00e1lida para os visitantes do nosso website no que respeita \u00e0s informa\u00e7\u00f5es que partilharam e\/ou recolheram em balflex.com. Esta pol\u00edtica n\u00e3o \u00e9 aplic\u00e1vel a qualquer informa\u00e7\u00e3o recolhida offline ou atrav\u00e9s de outros canais que n\u00e3o este website.\u00a0 A nossa pol\u00edtica de privacidade foi criada com a ajuda de https:\/\/www.generateprivacypolicy.com.<\/span><\/p>\n<p><strong>Consentimento<\/strong><\/p>\n<p><span style=\"font-weight: 400;\">Ao utilizar o nosso website, o utilizador consente com a nossa Pol\u00edtica de Privacidade e concorda com os seus termos.<\/span><\/p>\n<p><strong>Informa\u00e7\u00f5es por n\u00f3s recolhidas<\/strong><\/p>\n<p><span style=\"font-weight: 400;\">As informa\u00e7\u00f5es pessoais que lhe s\u00e3o pedidas, e as raz\u00f5es pelas quais lhe s\u00e3o pedidas, ser-lhe-\u00e3o esclarecidas no momento em que lhe for pedido que forne\u00e7a as suas informa\u00e7\u00f5es pessoais.<\/span><span style=\"font-weight: 400;\"><br \/>\n<\/span><span style=\"font-weight: 400;\">Se nos contactar diretamente, poderemos receber informa\u00e7\u00f5es adicionais sobre si, tais como o seu nome, endere\u00e7o de correio eletr\u00f3nico, n\u00famero de telefone, o conte\u00fado da mensagem e\/ou anexos que nos possa enviar, e quaisquer outras informa\u00e7\u00f5es que decida fornecer.<br \/>\n<\/span><span style=\"font-weight: 400;\"><br \/>\n<\/span><span style=\"font-weight: 400;\">Ao registar-se para criar uma conta, poderemos pedir-lhe informa\u00e7\u00f5es de contacto, incluindo elementos como nome, nome da empresa, endere\u00e7o, endere\u00e7o de correio eletr\u00f3nico e n\u00famero de telefone.<\/span><\/p>\n<p><strong>Como utilizamos as suas informa\u00e7\u00f5es<\/strong><\/p>\n<p><span style=\"font-weight: 400;\">Utilizamos a informa\u00e7\u00e3o que recolhemos de v\u00e1rias maneiras, incluindo para:<\/span><span style=\"font-weight: 400;\"><br \/>\n<\/span><span style=\"font-weight: 400;\">Fornecer, operar e manter o nosso website;<\/span><span style=\"font-weight: 400;\"><br \/>\n<\/span><span style=\"font-weight: 400;\">Melhorar, personalizar e expandir o nosso website;<\/span><span style=\"font-weight: 400;\"><br \/>\n<\/span><span style=\"font-weight: 400;\">Compreender e analisar a forma como usa o nosso site;<\/span><span style=\"font-weight: 400;\"><br \/>\n<\/span><span style=\"font-weight: 400;\">Desenvolver novos produtos, servi\u00e7os, caracter\u00edsticas e funcionalidades;<\/span><span style=\"font-weight: 400;\"><br \/>\n<\/span><span style=\"font-weight: 400;\">Comunicar consigo, diretamente ou atrav\u00e9s de um dos nossos parceiros, incluindo para o servi\u00e7o ao cliente, para lhe fornecer atualiza\u00e7\u00f5es e outras informa\u00e7\u00f5es relacionadas com o website, e para fins de marketing e promocionais;<\/span><span style=\"font-weight: 400;\"><br \/>\n<\/span><span style=\"font-weight: 400;\">Enviar-lhe e-mails;<\/span><span style=\"font-weight: 400;\"><br \/>\n<\/span><span style=\"font-weight: 400;\">Detetar e prevenir a fraude;<\/span><\/p>\n<p><strong>Arquivos de registo<\/strong><\/p>\n<p><span style=\"font-weight: 400;\">A Balflex.com segue um procedimento padr\u00e3o de utiliza\u00e7\u00e3o de arquivos de registo. Estes ficheiros registam os visitantes quando estes visitam s\u00edtios web. Todas as empresas de alojamento fazem isto e s\u00e3o uma parte da an\u00e1lise dos servi\u00e7os de alojamento.\u00a0 As informa\u00e7\u00f5es recolhidas pelos ficheiros de registo incluem endere\u00e7os de protocolo Internet (IP), tipo de navegador, fornecedor de servi\u00e7os Internet (ISP), carimbo de data e hora, p\u00e1ginas de refer\u00eancia\/sa\u00edda, e possivelmente o n\u00famero de cliques. Estes n\u00e3o est\u00e3o ligados a qualquer informa\u00e7\u00e3o que seja pessoalmente identific\u00e1vel. O objetivo da informa\u00e7\u00e3o \u00e9 analisar tend\u00eancias, administrar o site, acompanhar o movimento dos utilizadores no site, e recolher informa\u00e7\u00e3o demogr\u00e1fica.<\/span><\/p>\n<p><strong>Cookies e Web Beacons<\/strong><\/p>\n<p>Como qualquer outro website, a balflex.com utiliza \u201ccookies\u201d. Estes cookies s\u00e3o utilizados para armazenar informa\u00e7\u00e3o incluindo as prefer\u00eancias dos visitantes e as p\u00e1ginas do website a que o visitante acedeu ou visitou. A informa\u00e7\u00e3o \u00e9 utilizada para otimizar a experi\u00eancia dos utilizadores, personalizando o conte\u00fado do nosso website com base no tipo de navegador dos visitantes e\/ou outras informa\u00e7\u00f5es.<\/p>\n<p><strong>Pol\u00edticas de Privacidade dos Parceiros Publicit\u00e1rios<\/strong><\/p>\n<p><span style=\"font-weight: 400;\">Pode consultar esta lista para encontrar a Pol\u00edtica de Privacidade para cada um dos parceiros publicit\u00e1rios da balflex.com.<br \/>\n<\/span><span style=\"font-weight: 400;\"><br \/>\n<\/span><span style=\"font-weight: 400;\">Os servidores ou redes de an\u00fancios de terceiros utilizam tecnologias como cookies, JavaScript, ou Web Beacons que s\u00e3o utilizados nos seus respetivos an\u00fancios e links que aparecem em balflex.com, os quais s\u00e3o enviados diretamente para o navegador dos utilizadores. Estes recebem automaticamente o seu endere\u00e7o IP quando isto ocorre. Estas tecnologias s\u00e3o utilizadas para medir a efic\u00e1cia das suas campanhas publicit\u00e1rias e\/ou para personalizar o conte\u00fado publicit\u00e1rio que v\u00ea nos websites que visita.<\/span><\/p>\n<p><span style=\"font-weight: 400;\">Note que balflex.com n\u00e3o tem acesso ou controlo sobre estes cookies que s\u00e3o utilizados por anunciantes de terceiros.<\/span><\/p>\n<p><strong>Pol\u00edticas de Privacidade de Terceiros<\/strong><\/p>\n<p><span style=\"font-weight: 400;\">A Pol\u00edtica de Privacidade de Balflex.com n\u00e3o se aplica a outros anunciantes ou websites. Assim, aconselhamo-lo a consultar as respetivas Pol\u00edticas de Privacidade destes servidores de an\u00fancios de terceiros para obter informa\u00e7\u00f5es mais detalhadas. Pode incluir as suas pr\u00e1ticas e instru\u00e7\u00f5es sobre como optar pela exclus\u00e3o de certas op\u00e7\u00f5es.<br \/>\n<\/span><span style=\"font-weight: 400;\"><br \/>\n<\/span><span style=\"font-weight: 400;\">Pode optar por desativar os cookies atrav\u00e9s das op\u00e7\u00f5es individuais do seu navegador. Para saber informa\u00e7\u00f5es mais detalhadas sobre a gest\u00e3o de cookies com navegadores web espec\u00edficos, pode encontr\u00e1-las nos respetivos websites dos navegadores.<\/span><\/p>\n<p><strong>GDPR Direitos de Prote\u00e7\u00e3o de Dados<\/strong><\/p>\n<p><span style=\"font-weight: 400;\">Quer\u00edamos ter a certeza de que est\u00e1 plenamente consciente de todos os seus direitos de prote\u00e7\u00e3o de dados. Cada utilizador tem direito ao seguinte:<\/span><span style=\"font-weight: 400;\"><br \/>\n<\/span><span style=\"font-weight: 400;\">O direito de acesso \u2013 Tem o direito de solicitar c\u00f3pias dos seus dados pessoais. Podemos cobrar-lhe uma pequena taxa por este servi\u00e7o.<\/span><span style=\"font-weight: 400;\"><br \/>\n<\/span><span style=\"font-weight: 400;\">O direito de retifica\u00e7\u00e3o \u2013 Tem o direito de solicitar a corre\u00e7\u00e3o de qualquer informa\u00e7\u00e3o que considere incorreta. Tem tamb\u00e9m o direito de solicitar que completemos a informa\u00e7\u00e3o que considere estar incompleta.<\/span><span style=\"font-weight: 400;\"><br \/>\n<\/span><span style=\"font-weight: 400;\">O direito de apagamento \u2013 Tem o direito de solicitar que apaguemos os seus dados pessoais, sob determinadas condi\u00e7\u00f5es.<\/span><span style=\"font-weight: 400;\"><br \/>\n<\/span><span style=\"font-weight: 400;\">O direito de restringir o processamento \u2013 Tem o direito de solicitar que restrinjamos o processamento dos seus dados pessoais, sob determinadas condi\u00e7\u00f5es.<\/span><span style=\"font-weight: 400;\"><br \/>\n<\/span><span style=\"font-weight: 400;\">O direito de se opor ao processamento \u2013 Tem o direito de se opor ao nosso processamento dos seus dados pessoais, sob determinadas condi\u00e7\u00f5es.<\/span><span style=\"font-weight: 400;\"><br \/>\n<\/span><span style=\"font-weight: 400;\">O direito \u00e0 portabilidade dos dados \u2013 Tem o direito de solicitar a transfer\u00eancia dos dados que recolhemos para outra organiza\u00e7\u00e3o, ou diretamente para si, sob determinadas condi\u00e7\u00f5es.<\/span><span style=\"font-weight: 400;\"><br \/>\n<\/span><span style=\"font-weight: 400;\">Se fizer um pedido, temos um m\u00eas para lhe responder.<\/span><span style=\"font-weight: 400;\"><br \/>\n<\/span><span style=\"font-weight: 400;\">Se desejar exercer algum destes direitos, por favor contacte-nos.<\/span><\/p>\n<p><strong>Informa\u00e7\u00e3o das crian\u00e7as<\/strong><\/p>\n<p>Outra parte da nossa prioridade \u00e9 acrescentar prote\u00e7\u00e3o para as crian\u00e7as enquanto utilizam a Internet. Encorajamos os pais e tutores a observar, participar e\/ou monitorizar e orientar a sua atividade online.<\/p>\n<p><span style=\"font-weight: 400;\">Balflex.com n\u00e3o recolhe intencionalmente qualquer informa\u00e7\u00e3o pessoal identific\u00e1vel de crian\u00e7as menores de 13 anos. Se pensa que o seu filho forneceu este tipo de informa\u00e7\u00e3o no nosso website, encorajamo-lo vivamente a contactar-nos imediatamente e faremos os nossos melhores esfor\u00e7os para remover prontamente tal informa\u00e7\u00e3o dos nossos registos.<br \/>\n<\/span>[\/vc_column_text][\/vc_column][vc_column position_horizontal=&#8221;&#8221; mobile_visibility=&#8221;yes&#8221; mobile_width=&#8221;0&#8243; shift_x=&#8221;0&#8243; shift_y=&#8221;0&#8243; z_index=&#8221;0&#8243; medium_visibility=&#8221;yes&#8221; medium_width=&#8221;0&#8243; width=&#8221;1\/6&#8243;][\/vc_column][\/vc_row]<\/p>\n","protected":false},"excerpt":{"rendered":"<p>[vc_row row_height_percent=&#8221;0&#8243; override_padding=&#8221;yes&#8221; h_padding=&#8221;0&#8243; top_padding=&#8221;3&#8243; bottom_padding=&#8221;3&#8243; shift_y=&#8221;0&#8243; z_index=&#8221;0&#8243;][vc_column position_horizontal=&#8221;&#8221; align_horizontal=&#8221;text-lg-center&#8221; mobile_width=&#8221;0&#8243; shift_x=&#8221;0&#8243; shift_y=&#8221;0&#8243; z_index=&#8221;0&#8243; medium_width=&#8221;0&#8243; width=&#8221;1\/1&#8243;][vc_custom_heading auto_text=&#8221;yes&#8221; heading_semantic=&#8221;h1&#8243; text_size=&#8221;h1&#8243; text_weight=&#8221;font-weight-light&#8221; el_class=&#8221;alternative-font&#8221;]Pol\u00edtica de privacidade da Balflex\u00ae[\/vc_custom_heading][\/vc_column][\/vc_row][vc_row row_height_percent=&#8221;0&#8243; override_padding=&#8221;yes&#8221; h_padding=&#8221;0&#8243; top_padding=&#8221;1&#8243; bottom_padding=&#8221;3&#8243; shift_y=&#8221;0&#8243; z_index=&#8221;0&#8243; el_class=&#8221;mb-adapt-6&#8243;][vc_column position_horizontal=&#8221;&#8221; mobile_visibility=&#8221;yes&#8221; mobile_width=&#8221;0&#8243; shift_x=&#8221;0&#8243; shift_y=&#8221;0&#8243; z_index=&#8221;0&#8243; medium_visibility=&#8221;yes&#8221; medium_width=&#8221;0&#8243; width=&#8221;1\/6&#8243;][\/vc_column][vc_column width=&#8221;2\/3&#8243;][vc_column_text]Em balflex.com, acess\u00edvel a partir de http:\/\/www.balflex.com\/, uma das nossas principais prioridades \u00e9 [&hellip;]<\/p>\n","protected":false},"author":1,"featured_media":0,"parent":0,"menu_order":0,"comment_status":"closed","ping_status":"closed","template":"","meta":{"footnotes":""},"class_list":["post-2507","page","type-page","status-publish","hentry"],"acf":[],"yoast_head":"<!-- This site is optimized with the Yoast SEO plugin v19.9 - https:\/\/yoast.com\/wordpress\/plugins\/seo\/ -->\n<title>Pol\u00edtica de Privacidade - Balflex<\/title>\n<meta name=\"robots\" content=\"index, follow, max-snippet:-1, max-image-preview:large, max-video-preview:-1\" \/>\n<link rel=\"canonical\" href=\"https:\/\/balflex.com\/pt-pt\/politica-de-privacidade\/\" \/>\n<meta property=\"og:locale\" content=\"pt_PT\" \/>\n<meta property=\"og:type\" content=\"article\" \/>\n<meta property=\"og:title\" content=\"Pol\u00edtica de Privacidade - Balflex\" \/>\n<meta property=\"og:description\" content=\"[vc_row row_height_percent=&#8221;0&#8243; override_padding=&#8221;yes&#8221; h_padding=&#8221;0&#8243; top_padding=&#8221;3&#8243; bottom_padding=&#8221;3&#8243; shift_y=&#8221;0&#8243; z_index=&#8221;0&#8243;][vc_column position_horizontal=&#8221;&#8221; align_horizontal=&#8221;text-lg-center&#8221; mobile_width=&#8221;0&#8243; shift_x=&#8221;0&#8243; shift_y=&#8221;0&#8243; z_index=&#8221;0&#8243; medium_width=&#8221;0&#8243; width=&#8221;1\/1&#8243;][vc_custom_heading auto_text=&#8221;yes&#8221; heading_semantic=&#8221;h1&#8243; text_size=&#8221;h1&#8243; text_weight=&#8221;font-weight-light&#8221; el_class=&#8221;alternative-font&#8221;]Pol\u00edtica de privacidade da Balflex\u00ae[\/vc_custom_heading][\/vc_column][\/vc_row][vc_row row_height_percent=&#8221;0&#8243; override_padding=&#8221;yes&#8221; h_padding=&#8221;0&#8243; top_padding=&#8221;1&#8243; bottom_padding=&#8221;3&#8243; shift_y=&#8221;0&#8243; z_index=&#8221;0&#8243; el_class=&#8221;mb-adapt-6&#8243;][vc_column position_horizontal=&#8221;&#8221; mobile_visibility=&#8221;yes&#8221; mobile_width=&#8221;0&#8243; shift_x=&#8221;0&#8243; shift_y=&#8221;0&#8243; z_index=&#8221;0&#8243; medium_visibility=&#8221;yes&#8221; medium_width=&#8221;0&#8243; width=&#8221;1\/6&#8243;][\/vc_column][vc_column width=&#8221;2\/3&#8243;][vc_column_text]Em balflex.com, acess\u00edvel a partir de http:\/\/www.balflex.com\/, uma das nossas principais prioridades \u00e9 [&hellip;]\" \/>\n<meta property=\"og:url\" content=\"https:\/\/balflex.com\/pt-pt\/politica-de-privacidade\/\" \/>\n<meta property=\"og:site_name\" content=\"Balflex\" \/>\n<meta property=\"article:modified_time\" content=\"2022-09-11T17:12:08+00:00\" \/>\n<meta name=\"twitter:card\" content=\"summary_large_image\" \/>\n<meta name=\"twitter:label1\" content=\"Tempo estimado de leitura\" \/>\n\t<meta name=\"twitter:data1\" content=\"6 minutos\" \/>\n<script type=\"application\/ld+json\" class=\"yoast-schema-graph\">{\"@context\":\"https:\/\/schema.org\",\"@graph\":[{\"@type\":\"WebPage\",\"@id\":\"https:\/\/balflex.com\/pt-pt\/politica-de-privacidade\/\",\"url\":\"https:\/\/balflex.com\/pt-pt\/politica-de-privacidade\/\",\"name\":\"Pol\u00edtica de Privacidade - Balflex\",\"isPartOf\":{\"@id\":\"https:\/\/balflex.com\/#website\"},\"datePublished\":\"2021-11-17T12:04:23+00:00\",\"dateModified\":\"2022-09-11T17:12:08+00:00\",\"breadcrumb\":{\"@id\":\"https:\/\/balflex.com\/pt-pt\/politica-de-privacidade\/#breadcrumb\"},\"inLanguage\":\"pt-PT\",\"potentialAction\":[{\"@type\":\"ReadAction\",\"target\":[\"https:\/\/balflex.com\/pt-pt\/politica-de-privacidade\/\"]}]},{\"@type\":\"BreadcrumbList\",\"@id\":\"https:\/\/balflex.com\/pt-pt\/politica-de-privacidade\/#breadcrumb\",\"itemListElement\":[{\"@type\":\"ListItem\",\"position\":1,\"name\":\"Home\",\"item\":\"https:\/\/balflex.com\/pt-pt\/\"},{\"@type\":\"ListItem\",\"position\":2,\"name\":\"Pol\u00edtica de Privacidade\"}]},{\"@type\":\"WebSite\",\"@id\":\"https:\/\/balflex.com\/#website\",\"url\":\"https:\/\/balflex.com\/\",\"name\":\"Balflex\",\"description\":\"The Hose Best Name You Can Get \u2013 The European Technology\",\"potentialAction\":[{\"@type\":\"SearchAction\",\"target\":{\"@type\":\"EntryPoint\",\"urlTemplate\":\"https:\/\/balflex.com\/?s={search_term_string}\"},\"query-input\":\"required name=search_term_string\"}],\"inLanguage\":\"pt-PT\"}]}<\/script>\n<!-- \/ Yoast SEO plugin. -->","yoast_head_json":{"title":"Pol\u00edtica de Privacidade - Balflex","robots":{"index":"index","follow":"follow","max-snippet":"max-snippet:-1","max-image-preview":"max-image-preview:large","max-video-preview":"max-video-preview:-1"},"canonical":"https:\/\/balflex.com\/pt-pt\/politica-de-privacidade\/","og_locale":"pt_PT","og_type":"article","og_title":"Pol\u00edtica de Privacidade - Balflex","og_description":"[vc_row row_height_percent=&#8221;0&#8243; override_padding=&#8221;yes&#8221; h_padding=&#8221;0&#8243; top_padding=&#8221;3&#8243; bottom_padding=&#8221;3&#8243; shift_y=&#8221;0&#8243; z_index=&#8221;0&#8243;][vc_column position_horizontal=&#8221;&#8221; align_horizontal=&#8221;text-lg-center&#8221; mobile_width=&#8221;0&#8243; shift_x=&#8221;0&#8243; shift_y=&#8221;0&#8243; z_index=&#8221;0&#8243; medium_width=&#8221;0&#8243; width=&#8221;1\/1&#8243;][vc_custom_heading auto_text=&#8221;yes&#8221; heading_semantic=&#8221;h1&#8243; text_size=&#8221;h1&#8243; text_weight=&#8221;font-weight-light&#8221; el_class=&#8221;alternative-font&#8221;]Pol\u00edtica de privacidade da Balflex\u00ae[\/vc_custom_heading][\/vc_column][\/vc_row][vc_row row_height_percent=&#8221;0&#8243; override_padding=&#8221;yes&#8221; h_padding=&#8221;0&#8243; top_padding=&#8221;1&#8243; bottom_padding=&#8221;3&#8243; shift_y=&#8221;0&#8243; z_index=&#8221;0&#8243; el_class=&#8221;mb-adapt-6&#8243;][vc_column position_horizontal=&#8221;&#8221; mobile_visibility=&#8221;yes&#8221; mobile_width=&#8221;0&#8243; shift_x=&#8221;0&#8243; shift_y=&#8221;0&#8243; z_index=&#8221;0&#8243; medium_visibility=&#8221;yes&#8221; medium_width=&#8221;0&#8243; width=&#8221;1\/6&#8243;][\/vc_column][vc_column width=&#8221;2\/3&#8243;][vc_column_text]Em balflex.com, acess\u00edvel a partir de http:\/\/www.balflex.com\/, uma das nossas principais prioridades \u00e9 [&hellip;]","og_url":"https:\/\/balflex.com\/pt-pt\/politica-de-privacidade\/","og_site_name":"Balflex","article_modified_time":"2022-09-11T17:12:08+00:00","twitter_card":"summary_large_image","twitter_misc":{"Tempo estimado de leitura":"6 minutos"},"schema":{"@context":"https:\/\/schema.org","@graph":[{"@type":"WebPage","@id":"https:\/\/balflex.com\/pt-pt\/politica-de-privacidade\/","url":"https:\/\/balflex.com\/pt-pt\/politica-de-privacidade\/","name":"Pol\u00edtica de Privacidade - Balflex","isPartOf":{"@id":"https:\/\/balflex.com\/#website"},"datePublished":"2021-11-17T12:04:23+00:00","dateModified":"2022-09-11T17:12:08+00:00","breadcrumb":{"@id":"https:\/\/balflex.com\/pt-pt\/politica-de-privacidade\/#breadcrumb"},"inLanguage":"pt-PT","potentialAction":[{"@type":"ReadAction","target":["https:\/\/balflex.com\/pt-pt\/politica-de-privacidade\/"]}]},{"@type":"BreadcrumbList","@id":"https:\/\/balflex.com\/pt-pt\/politica-de-privacidade\/#breadcrumb","itemListElement":[{"@type":"ListItem","position":1,"name":"Home","item":"https:\/\/balflex.com\/pt-pt\/"},{"@type":"ListItem","position":2,"name":"Pol\u00edtica de Privacidade"}]},{"@type":"WebSite","@id":"https:\/\/balflex.com\/#website","url":"https:\/\/balflex.com\/","name":"Balflex","description":"The Hose Best Name You Can Get \u2013 The European Technology","potentialAction":[{"@type":"SearchAction","target":{"@type":"EntryPoint","urlTemplate":"https:\/\/balflex.com\/?s={search_term_string}"},"query-input":"required name=search_term_string"}],"inLanguage":"pt-PT"}]}},"_links":{"self":[{"href":"https:\/\/balflex.com\/pt-pt\/wp-json\/wp\/v2\/pages\/2507","targetHints":{"allow":["GET"]}}],"collection":[{"href":"https:\/\/balflex.com\/pt-pt\/wp-json\/wp\/v2\/pages"}],"about":[{"href":"https:\/\/balflex.com\/pt-pt\/wp-json\/wp\/v2\/types\/page"}],"author":[{"embeddable":true,"href":"https:\/\/balflex.com\/pt-pt\/wp-json\/wp\/v2\/users\/1"}],"replies":[{"embeddable":true,"href":"https:\/\/balflex.com\/pt-pt\/wp-json\/wp\/v2\/comments?post=2507"}],"version-history":[{"count":1,"href":"https:\/\/balflex.com\/pt-pt\/wp-json\/wp\/v2\/pages\/2507\/revisions"}],"predecessor-version":[{"id":2508,"href":"https:\/\/balflex.com\/pt-pt\/wp-json\/wp\/v2\/pages\/2507\/revisions\/2508"}],"wp:attachment":[{"href":"https:\/\/balflex.com\/pt-pt\/wp-json\/wp\/v2\/media?parent=2507"}],"curies":[{"name":"wp","href":"https:\/\/api.w.org\/{rel}","templated":true}]}}