{"id":2498,"date":"2021-11-24T15:02:30","date_gmt":"2021-11-24T15:02:30","guid":{"rendered":"https:\/\/balflex.com\/?page_id=2498"},"modified":"2022-09-20T17:21:39","modified_gmt":"2022-09-20T17:21:39","slug":"politica-de-cookies","status":"publish","type":"page","link":"https:\/\/balflex.com\/pt-pt\/politica-de-cookies\/","title":{"rendered":"Pol\u00edtica de cookies"},"content":{"rendered":"<p>[vc_row row_height_percent=&#8221;0&#8243; override_padding=&#8221;yes&#8221; h_padding=&#8221;0&#8243; top_padding=&#8221;3&#8243; bottom_padding=&#8221;3&#8243; shift_y=&#8221;0&#8243; z_index=&#8221;0&#8243;][vc_column position_horizontal=&#8221;&#8221; align_horizontal=&#8221;text-lg-center&#8221; mobile_width=&#8221;0&#8243; shift_x=&#8221;0&#8243; shift_y=&#8221;0&#8243; z_index=&#8221;0&#8243; medium_width=&#8221;0&#8243; width=&#8221;1\/1&#8243;][vc_custom_heading auto_text=&#8221;yes&#8221; heading_semantic=&#8221;h1&#8243; text_size=&#8221;h1&#8243; text_weight=&#8221;font-weight-light&#8221; el_class=&#8221;alternative-font&#8221;]<strong>Pol\u00edtica de cookies da <\/strong><b>Balflex\u00ae<\/b>[\/vc_custom_heading][\/vc_column][\/vc_row][vc_row row_height_percent=&#8221;0&#8243; override_padding=&#8221;yes&#8221; h_padding=&#8221;0&#8243; top_padding=&#8221;1&#8243; bottom_padding=&#8221;3&#8243; shift_y=&#8221;0&#8243; z_index=&#8221;0&#8243; el_class=&#8221;mb-adapt-6&#8243;][vc_column position_horizontal=&#8221;&#8221; mobile_visibility=&#8221;yes&#8221; mobile_width=&#8221;0&#8243; shift_x=&#8221;0&#8243; shift_y=&#8221;0&#8243; z_index=&#8221;0&#8243; medium_visibility=&#8221;yes&#8221; medium_width=&#8221;0&#8243; width=&#8221;1\/6&#8243;][\/vc_column][vc_column width=&#8221;2\/3&#8243;][vc_column_text]<strong>Pol\u00edtica de cookies<\/strong><\/p>\n<p><span style=\"font-weight: 400;\">Esta \u00e9 a Pol\u00edtica de Cookies para a Balflex\u00ae, acess\u00edvel a partir de https:\/\/www.balflex.com\/<\/span><\/p>\n<p><strong>O que s\u00e3o cookies<\/strong><\/p>\n<p><span style=\"font-weight: 400;\">Como \u00e9 pr\u00e1tica comum em quase todos os sites profissionais, este site utiliza cookies, que s\u00e3o pequenos arquivos que s\u00e3o armazenados no seu computador para melhorar sua experi\u00eancia. Esta p\u00e1gina descreve as informa\u00e7\u00f5es que os cookies recolhem, como as usamos e por que \u00e0s vezes precisamos de armazenar esses cookies. Tamb\u00e9m partilharemos consigo como pode impedir que esses cookies sejam armazenados, no entanto, tal pode diminuir ou \u2018destruir\u201d determinados elementos da funcionalidade do site.<\/span><\/p>\n<p><strong>Como utilizamos os cookies<\/strong><\/p>\n<p><span style=\"font-weight: 400;\">Usamos cookies por uma variedade de raz\u00f5es detalhadas abaixo. Infelizmente, na maioria dos casos, n\u00e3o h\u00e1 op\u00e7\u00f5es padr\u00e3o do setor para desativar cookies sem desativar completamente a funcionalidade e os recursos que os cookies adicionam a este site.\u00a0 Recomenda-se que deixe ativos todos os cookies se n\u00e3o tem certeza se precisa ou deles para um servi\u00e7o de que deseja usufruir.<\/span><\/p>\n<p><strong>Desativar cookies<\/strong><\/p>\n<p><span style=\"font-weight: 400;\">Pode evitar a configura\u00e7\u00e3o de cookies, ajustando as configura\u00e7\u00f5es do seu navegador (consulte a Ajuda do navegador para saber como faz\u00ea-lo. Esteja ciente de que a desativa\u00e7\u00e3o de cookies afetar\u00e1 a funcionalidade deste e muitos outros sites que visita.\u00a0 Desativar cookies geralmente resultar\u00e1 em desabilitar certas funcionalidades e recursos deste site.\u00a0 Portanto, \u00e9 recomend\u00e1vel que n\u00e3o desative os cookies.<\/span><\/p>\n<p><b><\/b><strong>Newsletter enviadas por e-mail relacionadas com cookies<\/strong><\/p>\n<p><span style=\"font-weight: 400;\">Este site oferece newsletters ou servi\u00e7os de subscri\u00e7\u00e3o por e-mail e podem ser utilizados cookies para lembrar se j\u00e1 se encontra registado e se devem ser mostradas ou n\u00e3o determinadas notifica\u00e7\u00f5es que podem apenas ser v\u00e1lidas para subscrever\/utilizadores n\u00e3o subscritos.<\/span><\/p>\n<p><strong>Cookies de prefer\u00eancias do site<\/strong><\/p>\n<p><span style=\"font-weight: 400;\">Para proporcionar uma \u00f3tima experi\u00eancia neste site, fornecemos a funcionalidade para definir as suas prefer\u00eancias de como este site \u00e9 executado quando o usa. Para lembrar as suas prefer\u00eancias, precisamos de definir cookies para que essas informa\u00e7\u00f5es possam ser chamadas sempre que interagir com uma p\u00e1gina que \u00e9 afetada pelas suas prefer\u00eancias.<\/span><\/p>\n<p><strong>Cookies de Terceiros<\/strong><\/p>\n<p><span style=\"font-weight: 400;\">Em alguns casos especiais, tamb\u00e9m usamos cookies fornecidos por terceiros fi\u00e1veis. A se\u00e7\u00e3o seguinte detalha que cookies de terceiros pode encontrar atrav\u00e9s deste site.<\/span><span style=\"font-weight: 400;\"><br \/>\n<\/span><span style=\"font-weight: 400;\"><br \/>\n<\/span><span style=\"font-weight: 400;\">Este site usa o Google Analytics, que \u00e9 uma das solu\u00e7\u00f5es de an\u00e1lise mais difundidas e fi\u00e1veis \u200b\u200bda Web, para nos ajudar a entender como usa o site e como podemos melhorar sua experi\u00eancia. Esses cookies podem encontrar elementos, como por exemplo, quanto tempo gasta no site e as p\u00e1ginas que visita, para que possamos continuar a produzir conte\u00fados atrativos.\u00a0 \u00a0 Para mais informa\u00e7\u00f5es sobre cookies do Google Analytics, consulte a p\u00e1gina oficial do Google Analytics.<\/span><\/p>\n<p><strong>Mais informa\u00e7\u00f5es<\/strong><\/p>\n<p><span style=\"font-weight: 400;\">Esperamos t\u00ea-lo esclarecido e, tal como anteriormente referido, se existe algo que n\u00e3o tem a certeza de que ir\u00e1 precisar, \u00e9 geralmente mais seguro deixar os cookies ativados no caso de ter intera\u00e7\u00e3o com alguma das funcionalidades que utiliza no nosso.<\/span><span style=\"font-weight: 400;\"><br \/>\n<\/span><span style=\"font-weight: 400;\"><br \/>\n<\/span><span style=\"font-weight: 400;\">No entanto, se ainda estiver \u00e0 procura de mais informa\u00e7\u00e3o, pode contactar-nos atrav\u00e9s de um dos nossos meios de contacto preferenciais: E-mail: <\/span><a href=\"about:blank\"><span style=\"font-weight: 400;\">info@balflex.com<\/span><\/a><span style=\"font-weight: 400;\">.<\/span>[\/vc_column_text][\/vc_column][vc_column position_horizontal=&#8221;&#8221; mobile_visibility=&#8221;yes&#8221; mobile_width=&#8221;0&#8243; shift_x=&#8221;0&#8243; shift_y=&#8221;0&#8243; z_index=&#8221;0&#8243; medium_visibility=&#8221;yes&#8221; medium_width=&#8221;0&#8243; width=&#8221;1\/6&#8243;][\/vc_column][\/vc_row]<\/p>\n","protected":false},"excerpt":{"rendered":"<p>[vc_row row_height_percent=&#8221;0&#8243; override_padding=&#8221;yes&#8221; h_padding=&#8221;0&#8243; top_padding=&#8221;3&#8243; bottom_padding=&#8221;3&#8243; shift_y=&#8221;0&#8243; z_index=&#8221;0&#8243;][vc_column position_horizontal=&#8221;&#8221; align_horizontal=&#8221;text-lg-center&#8221; mobile_width=&#8221;0&#8243; shift_x=&#8221;0&#8243; shift_y=&#8221;0&#8243; z_index=&#8221;0&#8243; medium_width=&#8221;0&#8243; width=&#8221;1\/1&#8243;][vc_custom_heading auto_text=&#8221;yes&#8221; heading_semantic=&#8221;h1&#8243; text_size=&#8221;h1&#8243; text_weight=&#8221;font-weight-light&#8221; el_class=&#8221;alternative-font&#8221;]Pol\u00edtica de cookies da Balflex\u00ae[\/vc_custom_heading][\/vc_column][\/vc_row][vc_row row_height_percent=&#8221;0&#8243; override_padding=&#8221;yes&#8221; h_padding=&#8221;0&#8243; top_padding=&#8221;1&#8243; bottom_padding=&#8221;3&#8243; shift_y=&#8221;0&#8243; z_index=&#8221;0&#8243; el_class=&#8221;mb-adapt-6&#8243;][vc_column position_horizontal=&#8221;&#8221; mobile_visibility=&#8221;yes&#8221; mobile_width=&#8221;0&#8243; shift_x=&#8221;0&#8243; shift_y=&#8221;0&#8243; z_index=&#8221;0&#8243; medium_visibility=&#8221;yes&#8221; medium_width=&#8221;0&#8243; width=&#8221;1\/6&#8243;][\/vc_column][vc_column width=&#8221;2\/3&#8243;][vc_column_text]Pol\u00edtica de cookies Esta \u00e9 a Pol\u00edtica de Cookies para a Balflex\u00ae, acess\u00edvel [&hellip;]<\/p>\n","protected":false},"author":1,"featured_media":0,"parent":0,"menu_order":0,"comment_status":"closed","ping_status":"closed","template":"","meta":{"footnotes":""},"class_list":["post-2498","page","type-page","status-publish","hentry"],"acf":[],"yoast_head":"<!-- This site is optimized with the Yoast SEO plugin v19.9 - https:\/\/yoast.com\/wordpress\/plugins\/seo\/ -->\n<title>Pol\u00edtica de cookies - Balflex<\/title>\n<meta name=\"robots\" content=\"index, follow, max-snippet:-1, max-image-preview:large, max-video-preview:-1\" \/>\n<link rel=\"canonical\" href=\"https:\/\/balflex.com\/pt-pt\/politica-de-cookies\/\" \/>\n<meta property=\"og:locale\" content=\"pt_PT\" \/>\n<meta property=\"og:type\" content=\"article\" \/>\n<meta property=\"og:title\" content=\"Pol\u00edtica de cookies - Balflex\" \/>\n<meta property=\"og:description\" content=\"[vc_row row_height_percent=&#8221;0&#8243; override_padding=&#8221;yes&#8221; h_padding=&#8221;0&#8243; top_padding=&#8221;3&#8243; bottom_padding=&#8221;3&#8243; shift_y=&#8221;0&#8243; z_index=&#8221;0&#8243;][vc_column position_horizontal=&#8221;&#8221; align_horizontal=&#8221;text-lg-center&#8221; mobile_width=&#8221;0&#8243; shift_x=&#8221;0&#8243; shift_y=&#8221;0&#8243; z_index=&#8221;0&#8243; medium_width=&#8221;0&#8243; width=&#8221;1\/1&#8243;][vc_custom_heading auto_text=&#8221;yes&#8221; heading_semantic=&#8221;h1&#8243; text_size=&#8221;h1&#8243; text_weight=&#8221;font-weight-light&#8221; el_class=&#8221;alternative-font&#8221;]Pol\u00edtica de cookies da Balflex\u00ae[\/vc_custom_heading][\/vc_column][\/vc_row][vc_row row_height_percent=&#8221;0&#8243; override_padding=&#8221;yes&#8221; h_padding=&#8221;0&#8243; top_padding=&#8221;1&#8243; bottom_padding=&#8221;3&#8243; shift_y=&#8221;0&#8243; z_index=&#8221;0&#8243; el_class=&#8221;mb-adapt-6&#8243;][vc_column position_horizontal=&#8221;&#8221; mobile_visibility=&#8221;yes&#8221; mobile_width=&#8221;0&#8243; shift_x=&#8221;0&#8243; shift_y=&#8221;0&#8243; z_index=&#8221;0&#8243; medium_visibility=&#8221;yes&#8221; medium_width=&#8221;0&#8243; width=&#8221;1\/6&#8243;][\/vc_column][vc_column width=&#8221;2\/3&#8243;][vc_column_text]Pol\u00edtica de cookies Esta \u00e9 a Pol\u00edtica de Cookies para a Balflex\u00ae, acess\u00edvel [&hellip;]\" \/>\n<meta property=\"og:url\" content=\"https:\/\/balflex.com\/pt-pt\/politica-de-cookies\/\" \/>\n<meta property=\"og:site_name\" content=\"Balflex\" \/>\n<meta property=\"article:modified_time\" content=\"2022-09-20T17:21:39+00:00\" \/>\n<meta name=\"twitter:card\" content=\"summary_large_image\" \/>\n<meta name=\"twitter:label1\" content=\"Tempo estimado de leitura\" \/>\n\t<meta name=\"twitter:data1\" content=\"3 minutos\" \/>\n<script type=\"application\/ld+json\" class=\"yoast-schema-graph\">{\"@context\":\"https:\/\/schema.org\",\"@graph\":[{\"@type\":\"WebPage\",\"@id\":\"https:\/\/balflex.com\/pt-pt\/politica-de-cookies\/\",\"url\":\"https:\/\/balflex.com\/pt-pt\/politica-de-cookies\/\",\"name\":\"Pol\u00edtica de cookies - Balflex\",\"isPartOf\":{\"@id\":\"https:\/\/balflex.com\/#website\"},\"datePublished\":\"2021-11-24T15:02:30+00:00\",\"dateModified\":\"2022-09-20T17:21:39+00:00\",\"breadcrumb\":{\"@id\":\"https:\/\/balflex.com\/pt-pt\/politica-de-cookies\/#breadcrumb\"},\"inLanguage\":\"pt-PT\",\"potentialAction\":[{\"@type\":\"ReadAction\",\"target\":[\"https:\/\/balflex.com\/pt-pt\/politica-de-cookies\/\"]}]},{\"@type\":\"BreadcrumbList\",\"@id\":\"https:\/\/balflex.com\/pt-pt\/politica-de-cookies\/#breadcrumb\",\"itemListElement\":[{\"@type\":\"ListItem\",\"position\":1,\"name\":\"Home\",\"item\":\"https:\/\/balflex.com\/pt-pt\/\"},{\"@type\":\"ListItem\",\"position\":2,\"name\":\"Pol\u00edtica de cookies\"}]},{\"@type\":\"WebSite\",\"@id\":\"https:\/\/balflex.com\/#website\",\"url\":\"https:\/\/balflex.com\/\",\"name\":\"Balflex\",\"description\":\"The Hose Best Name You Can Get \u2013 The European Technology\",\"potentialAction\":[{\"@type\":\"SearchAction\",\"target\":{\"@type\":\"EntryPoint\",\"urlTemplate\":\"https:\/\/balflex.com\/?s={search_term_string}\"},\"query-input\":\"required name=search_term_string\"}],\"inLanguage\":\"pt-PT\"}]}<\/script>\n<!-- \/ Yoast SEO plugin. -->","yoast_head_json":{"title":"Pol\u00edtica de cookies - Balflex","robots":{"index":"index","follow":"follow","max-snippet":"max-snippet:-1","max-image-preview":"max-image-preview:large","max-video-preview":"max-video-preview:-1"},"canonical":"https:\/\/balflex.com\/pt-pt\/politica-de-cookies\/","og_locale":"pt_PT","og_type":"article","og_title":"Pol\u00edtica de cookies - Balflex","og_description":"[vc_row row_height_percent=&#8221;0&#8243; override_padding=&#8221;yes&#8221; h_padding=&#8221;0&#8243; top_padding=&#8221;3&#8243; bottom_padding=&#8221;3&#8243; shift_y=&#8221;0&#8243; z_index=&#8221;0&#8243;][vc_column position_horizontal=&#8221;&#8221; align_horizontal=&#8221;text-lg-center&#8221; mobile_width=&#8221;0&#8243; shift_x=&#8221;0&#8243; shift_y=&#8221;0&#8243; z_index=&#8221;0&#8243; medium_width=&#8221;0&#8243; width=&#8221;1\/1&#8243;][vc_custom_heading auto_text=&#8221;yes&#8221; heading_semantic=&#8221;h1&#8243; text_size=&#8221;h1&#8243; text_weight=&#8221;font-weight-light&#8221; el_class=&#8221;alternative-font&#8221;]Pol\u00edtica de cookies da Balflex\u00ae[\/vc_custom_heading][\/vc_column][\/vc_row][vc_row row_height_percent=&#8221;0&#8243; override_padding=&#8221;yes&#8221; h_padding=&#8221;0&#8243; top_padding=&#8221;1&#8243; bottom_padding=&#8221;3&#8243; shift_y=&#8221;0&#8243; z_index=&#8221;0&#8243; el_class=&#8221;mb-adapt-6&#8243;][vc_column position_horizontal=&#8221;&#8221; mobile_visibility=&#8221;yes&#8221; mobile_width=&#8221;0&#8243; shift_x=&#8221;0&#8243; shift_y=&#8221;0&#8243; z_index=&#8221;0&#8243; medium_visibility=&#8221;yes&#8221; medium_width=&#8221;0&#8243; width=&#8221;1\/6&#8243;][\/vc_column][vc_column width=&#8221;2\/3&#8243;][vc_column_text]Pol\u00edtica de cookies Esta \u00e9 a Pol\u00edtica de Cookies para a Balflex\u00ae, acess\u00edvel [&hellip;]","og_url":"https:\/\/balflex.com\/pt-pt\/politica-de-cookies\/","og_site_name":"Balflex","article_modified_time":"2022-09-20T17:21:39+00:00","twitter_card":"summary_large_image","twitter_misc":{"Tempo estimado de leitura":"3 minutos"},"schema":{"@context":"https:\/\/schema.org","@graph":[{"@type":"WebPage","@id":"https:\/\/balflex.com\/pt-pt\/politica-de-cookies\/","url":"https:\/\/balflex.com\/pt-pt\/politica-de-cookies\/","name":"Pol\u00edtica de cookies - Balflex","isPartOf":{"@id":"https:\/\/balflex.com\/#website"},"datePublished":"2021-11-24T15:02:30+00:00","dateModified":"2022-09-20T17:21:39+00:00","breadcrumb":{"@id":"https:\/\/balflex.com\/pt-pt\/politica-de-cookies\/#breadcrumb"},"inLanguage":"pt-PT","potentialAction":[{"@type":"ReadAction","target":["https:\/\/balflex.com\/pt-pt\/politica-de-cookies\/"]}]},{"@type":"BreadcrumbList","@id":"https:\/\/balflex.com\/pt-pt\/politica-de-cookies\/#breadcrumb","itemListElement":[{"@type":"ListItem","position":1,"name":"Home","item":"https:\/\/balflex.com\/pt-pt\/"},{"@type":"ListItem","position":2,"name":"Pol\u00edtica de cookies"}]},{"@type":"WebSite","@id":"https:\/\/balflex.com\/#website","url":"https:\/\/balflex.com\/","name":"Balflex","description":"The Hose Best Name You Can Get \u2013 The European Technology","potentialAction":[{"@type":"SearchAction","target":{"@type":"EntryPoint","urlTemplate":"https:\/\/balflex.com\/?s={search_term_string}"},"query-input":"required name=search_term_string"}],"inLanguage":"pt-PT"}]}},"_links":{"self":[{"href":"https:\/\/balflex.com\/pt-pt\/wp-json\/wp\/v2\/pages\/2498","targetHints":{"allow":["GET"]}}],"collection":[{"href":"https:\/\/balflex.com\/pt-pt\/wp-json\/wp\/v2\/pages"}],"about":[{"href":"https:\/\/balflex.com\/pt-pt\/wp-json\/wp\/v2\/types\/page"}],"author":[{"embeddable":true,"href":"https:\/\/balflex.com\/pt-pt\/wp-json\/wp\/v2\/users\/1"}],"replies":[{"embeddable":true,"href":"https:\/\/balflex.com\/pt-pt\/wp-json\/wp\/v2\/comments?post=2498"}],"version-history":[{"count":2,"href":"https:\/\/balflex.com\/pt-pt\/wp-json\/wp\/v2\/pages\/2498\/revisions"}],"predecessor-version":[{"id":2648,"href":"https:\/\/balflex.com\/pt-pt\/wp-json\/wp\/v2\/pages\/2498\/revisions\/2648"}],"wp:attachment":[{"href":"https:\/\/balflex.com\/pt-pt\/wp-json\/wp\/v2\/media?parent=2498"}],"curies":[{"name":"wp","href":"https:\/\/api.w.org\/{rel}","templated":true}]}}