{"id":2496,"date":"2022-01-18T11:05:49","date_gmt":"2022-01-18T11:05:49","guid":{"rendered":"https:\/\/balflex.com\/?page_id=2496"},"modified":"2025-08-25T15:35:43","modified_gmt":"2025-08-25T15:35:43","slug":"certificacoes","status":"publish","type":"page","link":"https:\/\/balflex.com\/pt-pt\/certificacoes\/","title":{"rendered":"Certifica\u00e7\u00f5es"},"content":{"rendered":"<p>[vc_row unlock_row_content=&#8221;&#8221; row_height_percent=&#8221;0&#8243; override_padding=&#8221;yes&#8221; h_padding=&#8221;0&#8243; top_padding=&#8221;1&#8243; bottom_padding=&#8221;4&#8243; back_image=&#8221;324&#8243; shift_y=&#8221;0&#8243; z_index=&#8221;0&#8243;][vc_column position_horizontal=&#8221;&#8221; align_mobile=&#8221;text-center&#8221; mobile_width=&#8221;11&#8243; shift_x=&#8221;0&#8243; shift_y=&#8221;0&#8243; z_index=&#8221;0&#8243; width=&#8221;1\/1&#8243;][vc_row_inner unlock_row_content=&#8221;&#8221; row_height_percent=&#8221;0&#8243; override_padding=&#8221;yes&#8221; h_padding=&#8221;0&#8243; top_padding=&#8221;4&#8243; bottom_padding=&#8221;4&#8243; shift_y=&#8221;0&#8243; z_index=&#8221;0&#8243;][vc_column_inner position_horizontal=&#8221;&#8221; align_mobile=&#8221;text-center&#8221; mobile_width=&#8221;11&#8243; shift_x=&#8221;0&#8243; shift_y=&#8221;0&#8243; z_index=&#8221;0&#8243; width=&#8221;1\/1&#8243;][vc_custom_heading]<strong>Certifica\u00e7\u00f5es<br \/>\nBalflex<\/strong>[\/vc_custom_heading][vc_column_text el_class=&#8221;font-weight-light&#8221;]<span style=\"font-weight: 400;\">Ao longo dos anos, os\u00a0 nossos produtos t\u00eam atendido aos requisitos de conformidade das normas da ind\u00fastria. O que pode ser comprovado pela nossa lista de aprova\u00e7\u00f5es t\u00e9cnicas emitidas pelos organismos de acredita\u00e7\u00e3o de terceiros.<\/span><span style=\"font-weight: 400;\"><br \/>\n<\/span><span style=\"font-weight: 400;\">\u2013 Bureau Veritas \u2013 Homologa\u00e7\u00e3o de todas as mangueiras hidr\u00e1ulicas e conex\u00f5es;<\/span><span style=\"font-weight: 400;\"><br \/>\n<\/span><span style=\"font-weight: 400;\">\u2013 Det Norske Veritas \u2013 ISO 9001 Sistema de Gest\u00e3o de Qualidade;<\/span><span style=\"font-weight: 400;\"><br \/>\n<\/span><span style=\"font-weight: 400;\">\u2013 USMSHA \u2013 United States Mine Safety and Health Administration (Ag\u00eancia para a Seguran\u00e7a nas Minas e Administra\u00e7\u00e3o de Sa\u00fade dos Estados Unidos);<\/span><span style=\"font-weight: 400;\"><br \/>\n<\/span><span style=\"font-weight: 400;\">\u2013 FRAS \u2013 Fire Resistant and Anti-Static Australian Department Mineral Resource (Departamento de Recursos Minerais da Austr\u00e1lia &#8211; Produtos resistentes ao fogo e anti est\u00e1ticos) <\/span><span style=\"font-weight: 400;\"><br \/>\n<\/span><span style=\"font-weight: 400;\">\u2013 RINA \u2013 Resist\u00eancia ao fogo de mangueiras hidr\u00e1ulicas;<\/span><span style=\"font-weight: 400;\"><br \/>\n<\/span><span style=\"font-weight: 400;\">\u2013 DOT \u2013 Departamento dos Transportes dos EUA.<\/span><span style=\"font-weight: 400;\"><br \/>\n<\/span><span style=\"font-weight: 400;\"><br \/>\n<\/span><span style=\"font-weight: 400;\"><br \/>\n<\/span><span style=\"font-weight: 400;\">Al\u00e9m disso, a nossa equipa t\u00e9cnica est\u00e1 presente nos Comit\u00e9s T\u00e9cnicos mais importantes do setor das mangueiras hidr\u00e1ulicas:<\/span><span style=\"font-weight: 400;\"><br \/>\n<\/span><span style=\"font-weight: 400;\">CEN TC 218;<\/span><span style=\"font-weight: 400;\"><br \/>\n<\/span><span style=\"font-weight: 400;\">ISO TC 131;<\/span><span style=\"font-weight: 400;\"><br \/>\n<\/span><span style=\"font-weight: 400;\">ISO TC 45.<\/span>[\/vc_column_text][\/vc_column_inner][\/vc_row_inner][vc_row_inner unlock_row_content=&#8221;&#8221; row_height_percent=&#8221;0&#8243; columns_gutter=&#8221;&#8221; override_padding=&#8221;yes&#8221; h_padding=&#8221;0&#8243; top_padding=&#8221;0&#8243; bottom_padding=&#8221;0&#8243; shift_y=&#8221;0&#8243; z_index=&#8221;0&#8243;][vc_column_inner width=&#8221;1\/1&#8243;]<div class=\"posts_grid \" data-post=\"certifications\" data-name=\"certifications\" data-label=\"certifications\" id=\"certifications\" data-loadmore=\"\"><div class=\"certifications-divs elements_animated text-left\">\n\t<figure>\n\t\t<picture><div class=\"aspectRatioPlaceholder\" style=\"margin:auto; \"><div class=\"fill\" style=\"padding-bottom: 100%\"><\/div><\/div><span role=\"img\" aria-label=\"\" class=\"has_bg\" data-background-image=\"https:\/\/balflex.com\/wp-content\/uploads\/2022\/05\/Group-1-1.png\"><\/span><\/picture>\n\t\t<figcaption>\n\t\t\t<div class=\"description mt-adapt-3\"><p class=\"text-light\"><\/p><\/div>\n\t\t\t<figcaption>\n\t\t<a class=\"button mt-adapt-3\" href=\"https:\/\/balflex.com\/wp-content\/uploads\/2022\/05\/FRAS-TESTING-RESULTS.pdf\" target=\"_blank\">Download<\/a>\n\t<\/figcaption>\n\t\t<\/figcaption>\n\t<\/figure>\n<\/div><div class=\"certifications-divs elements_animated text-left\">\n\t<figure>\n\t\t<picture><div class=\"aspectRatioPlaceholder\" style=\"margin:auto; \"><div class=\"fill\" style=\"padding-bottom: 100%\"><\/div><\/div><span role=\"img\" aria-label=\"\" class=\"has_bg\" data-background-image=\"https:\/\/balflex.com\/wp-content\/uploads\/2021\/11\/Mask-Group.png\"><\/span><\/picture>\n\t\t<figcaption>\n\t\t\t<div class=\"description mt-adapt-3\"><p class=\"text-light\"><\/p><\/div>\n\t\t\t<figcaption>\n\t\t<a class=\"button mt-adapt-3\" href=\"https:\/\/balflex.com\/wp-content\/uploads\/2022\/03\/BALFLEX-HYDRAULIC-HOSES_MSHA-IC_252.00.zip\" target=\"_blank\">Download<\/a>\n\t<\/figcaption>\n\t\t<\/figcaption>\n\t<\/figure>\n<\/div><div class=\"certifications-divs elements_animated text-left\">\n\t<figure>\n\t\t<picture><div class=\"aspectRatioPlaceholder\" style=\"margin:auto; \"><div class=\"fill\" style=\"padding-bottom: 100%\"><\/div><\/div><span role=\"img\" aria-label=\"\" class=\"has_bg\" data-background-image=\"https:\/\/balflex.com\/wp-content\/uploads\/2022\/03\/DNV_PT_ISO_9001_col-1.png\"><\/span><\/picture>\n\t\t<figcaption>\n\t\t\t<div class=\"description mt-adapt-3\"><p class=\"text-light\"><\/p><\/div>\n\t\t\t<figcaption>\n\t\t<a class=\"button mt-adapt-3\" href=\"https:\/\/balflex.com\/wp-content\/uploads\/2022\/03\/ISO_9001-ENG-C749998-6-20250929-1.pdf\" target=\"_blank\">Download<\/a>\n\t<\/figcaption>\n\t\t<\/figcaption>\n\t<\/figure>\n<\/div><div class=\"certifications-divs elements_animated text-left\">\n\t<figure>\n\t\t<picture><div class=\"aspectRatioPlaceholder\" style=\"margin:auto; \"><div class=\"fill\" style=\"padding-bottom: 100%\"><\/div><\/div><span role=\"img\" aria-label=\"\" class=\"has_bg\" data-background-image=\"https:\/\/balflex.com\/wp-content\/uploads\/2022\/03\/Brazil-Inmetro-Certification-Type-Approval-Services-1.png\"><\/span><\/picture>\n\t\t<figcaption>\n\t\t\t<div class=\"description mt-adapt-3\"><p class=\"text-light\"><\/p><\/div>\n\t\t\t<figcaption>\n\t\t<a class=\"button mt-adapt-3\" href=\"https:\/\/balflex.com\/wp-content\/uploads\/2022\/03\/INMETRO-APPROVAL-BALFLEX-FUEL-PUMP-3_4.zip\" target=\"_blank\">Download<\/a>\n\t<\/figcaption>\n\t\t<\/figcaption>\n\t<\/figure>\n<\/div><div class=\"certifications-divs elements_animated text-left\">\n\t<figure>\n\t\t<picture><div class=\"aspectRatioPlaceholder\" style=\"margin:auto; \"><div class=\"fill\" style=\"padding-bottom: 100%\"><\/div><\/div><span role=\"img\" aria-label=\"\" class=\"has_bg\" data-background-image=\"https:\/\/balflex.com\/wp-content\/uploads\/2022\/03\/5DEOUSA-1.png\"><\/span><\/picture>\n\t\t<figcaption>\n\t\t\t<div class=\"description mt-adapt-3\"><p class=\"text-light\"><\/p><\/div>\n\t\t\t<figcaption>\n\t\t<a class=\"button mt-adapt-3\" href=\"https:\/\/balflex.com\/wp-content\/uploads\/2022\/03\/US-DOT-REGISTRATION-24042012_0000.pdf\" target=\"_blank\">Download<\/a>\n\t<\/figcaption>\n\t\t<\/figcaption>\n\t<\/figure>\n<\/div><div class=\"certifications-divs elements_animated text-left\">\n\t<figure>\n\t\t<picture><div class=\"aspectRatioPlaceholder\" style=\"margin:auto; \"><div class=\"fill\" style=\"padding-bottom: 100%\"><\/div><\/div><span role=\"img\" aria-label=\"\" class=\"has_bg\" data-background-image=\"https:\/\/balflex.com\/wp-content\/uploads\/2022\/03\/6BERAU-1.png\"><\/span><\/picture>\n\t\t<figcaption>\n\t\t\t<div class=\"description mt-adapt-3\"><p class=\"text-light\"><\/p><\/div>\n\t\t\t<figcaption>\n\t\t<a class=\"button mt-adapt-3\" href=\"https:\/\/balflex.com\/wp-content\/uploads\/2022\/03\/BUREAU-VERITAS-MARINE-DIVISION-CERTIFICATE-1.pdf\" target=\"_blank\">Download<\/a>\n\t<\/figcaption>\n\t\t<\/figcaption>\n\t<\/figure>\n<\/div><div class=\"certifications-divs elements_animated text-left\">\n\t<figure>\n\t\t<picture><div class=\"aspectRatioPlaceholder\" style=\"margin:auto; \"><div class=\"fill\" style=\"padding-bottom: 100%\"><\/div><\/div><span role=\"img\" aria-label=\"\" class=\"has_bg\" data-background-image=\"https:\/\/balflex.com\/wp-content\/uploads\/2022\/03\/7NMI-1.png\"><\/span><\/picture>\n\t\t<figcaption>\n\t\t\t<div class=\"description mt-adapt-3\"><p class=\"text-light\"><\/p><\/div>\n\t\t\t<figcaption>\n\t\t<a class=\"button mt-adapt-3\" href=\"https:\/\/balflex.com\/wp-content\/uploads\/2022\/03\/NMI-CERTIFICATE-TC3542e00.pdf\" target=\"_blank\">Download<\/a>\n\t<\/figcaption>\n\t\t<\/figcaption>\n\t<\/figure>\n<\/div><div class=\"certifications-divs elements_animated text-left\">\n\t<figure>\n\t\t<picture><div class=\"aspectRatioPlaceholder\" style=\"margin:auto; \"><div class=\"fill\" style=\"padding-bottom: 100%\"><\/div><\/div><span role=\"img\" aria-label=\"\" class=\"has_bg\" data-background-image=\"https:\/\/balflex.com\/wp-content\/uploads\/2022\/03\/351-3514132_rina-certification-1.png\"><\/span><\/picture>\n\t\t<figcaption>\n\t\t\t<div class=\"description mt-adapt-3\"><p class=\"text-light\"><\/p><\/div>\n\t\t\t<figcaption>\n\t\t<a class=\"button mt-adapt-3\" href=\"https:\/\/balflex.com\/wp-content\/uploads\/2022\/03\/RINA_BALMASTER-4SP-DN10.pdf\" target=\"_blank\">Download<\/a>\n\t<\/figcaption>\n\t\t<\/figcaption>\n\t<\/figure>\n<\/div><\/div>[vc_custom_heading]<strong>Pol\u00edtica da Qualidade. Ambiente e Seguran\u00e7a<\/strong>[\/vc_custom_heading][vc_column_text el_class=&#8221;font-weight-light&#8221;]A Administra\u00e7\u00e3o consciente de que o mercado em que a Balflex opera \u00e9 cada vez mais exigente e competitivo, considera que orienta\u00e7\u00e3o dos esfor\u00e7os de todos na procura da sustentabilidade, rigor e melhoria cont\u00ednua da efic\u00e1cia da organiza\u00e7\u00e3o \u00e9 essencial para a valoriza\u00e7\u00e3o e satisfa\u00e7\u00e3o dos clientes.<\/p>\n<p>Tais inten\u00e7\u00f5es, s\u00e3o um desafio que envolve administradores e demais partes interessadas, para assegurar:<\/p>\n<p>&#8211; Adequa\u00e7\u00e3o das infraestruturas e equipamentos necess\u00e1rios para a operacionaliza\u00e7\u00e3o e controlo dos processos de fabrico, comercializa\u00e7\u00e3o e distribui\u00e7\u00e3o dos produtos Balflex.<\/p>\n<p>&#8211; Promover a motiva\u00e7\u00e3o, a participa\u00e7\u00e3o e consulta dos colaboradores estimulando a capacidade de iniciativa e o trabalho em equipa.<\/p>\n<p>&#8211; Promover um ambiente de bem-estar prevenindo as les\u00f5es e afe\u00e7\u00f5es da sa\u00fade dos colaboradores.<\/p>\n<p>&#8211; Incutir uma cultura de seguran\u00e7a e boas pr\u00e1ticas ambientais para todos os trabalhadores.<\/p>\n<p>&#8211; Procurar solu\u00e7\u00f5es para mitigar os riscos e eliminar perigos nos postos de trabalho.<\/p>\n<p>&#8211; Influenciar os fornecedores a assumirem comportamentos e pr\u00e1ticas ambientalmente mais respons\u00e1veis.<\/p>\n<p>&#8211; Promover uma cultura de prote\u00e7\u00e3o do ambiente e de desenvolvimento sustent\u00e1vel.<\/p>\n<p>&#8211; Cumprimento de requisitos legais e regulamentares aplic\u00e1veis nomeadamente ao ambiente, \u00e1 seguran\u00e7a, higiene e sa\u00fade no trabalho.[\/vc_column_text][\/vc_column_inner][\/vc_row_inner][\/vc_column][\/vc_row]<\/p>\n","protected":false},"excerpt":{"rendered":"<p>[vc_row unlock_row_content=&#8221;&#8221; row_height_percent=&#8221;0&#8243; override_padding=&#8221;yes&#8221; h_padding=&#8221;0&#8243; top_padding=&#8221;1&#8243; bottom_padding=&#8221;4&#8243; back_image=&#8221;324&#8243; shift_y=&#8221;0&#8243; z_index=&#8221;0&#8243;][vc_column position_horizontal=&#8221;&#8221; align_mobile=&#8221;text-center&#8221; mobile_width=&#8221;11&#8243; shift_x=&#8221;0&#8243; shift_y=&#8221;0&#8243; z_index=&#8221;0&#8243; width=&#8221;1\/1&#8243;][vc_row_inner unlock_row_content=&#8221;&#8221; row_height_percent=&#8221;0&#8243; override_padding=&#8221;yes&#8221; h_padding=&#8221;0&#8243; top_padding=&#8221;4&#8243; bottom_padding=&#8221;4&#8243; shift_y=&#8221;0&#8243; z_index=&#8221;0&#8243;][vc_column_inner position_horizontal=&#8221;&#8221; align_mobile=&#8221;text-center&#8221; mobile_width=&#8221;11&#8243; shift_x=&#8221;0&#8243; shift_y=&#8221;0&#8243; z_index=&#8221;0&#8243; width=&#8221;1\/1&#8243;][vc_custom_heading]Certifica\u00e7\u00f5es Balflex[\/vc_custom_heading][vc_column_text el_class=&#8221;font-weight-light&#8221;]Ao longo dos anos, os\u00a0 nossos produtos t\u00eam atendido aos requisitos de conformidade das normas da ind\u00fastria. O que pode ser comprovado [&hellip;]<\/p>\n","protected":false},"author":1,"featured_media":0,"parent":0,"menu_order":0,"comment_status":"closed","ping_status":"closed","template":"","meta":{"footnotes":""},"class_list":["post-2496","page","type-page","status-publish","hentry"],"acf":[],"yoast_head":"<!-- This site is optimized with the Yoast SEO plugin v19.9 - https:\/\/yoast.com\/wordpress\/plugins\/seo\/ -->\n<title>Certifica\u00e7\u00f5es - Balflex<\/title>\n<meta name=\"description\" content=\"Ao longo dos anos, os nossos produtos t\u00eam atendido aos requisitos de conformidade das normas da ind\u00fastria. Saiba mais.\" \/>\n<meta name=\"robots\" content=\"index, follow, max-snippet:-1, max-image-preview:large, max-video-preview:-1\" \/>\n<link rel=\"canonical\" href=\"https:\/\/balflex.com\/pt-pt\/certificacoes\/\" \/>\n<meta property=\"og:locale\" content=\"pt_PT\" \/>\n<meta property=\"og:type\" content=\"article\" \/>\n<meta property=\"og:title\" content=\"Certifica\u00e7\u00f5es - Balflex\" \/>\n<meta property=\"og:description\" content=\"Ao longo dos anos, os nossos produtos t\u00eam atendido aos requisitos de conformidade das normas da ind\u00fastria. Saiba mais.\" \/>\n<meta property=\"og:url\" content=\"https:\/\/balflex.com\/pt-pt\/certificacoes\/\" \/>\n<meta property=\"og:site_name\" content=\"Balflex\" \/>\n<meta property=\"article:modified_time\" content=\"2025-08-25T15:35:43+00:00\" \/>\n<meta name=\"twitter:card\" content=\"summary_large_image\" \/>\n<meta name=\"twitter:label1\" content=\"Tempo estimado de leitura\" \/>\n\t<meta name=\"twitter:data1\" content=\"2 minutos\" \/>\n<script type=\"application\/ld+json\" class=\"yoast-schema-graph\">{\"@context\":\"https:\/\/schema.org\",\"@graph\":[{\"@type\":\"WebPage\",\"@id\":\"https:\/\/balflex.com\/pt-pt\/certificacoes\/\",\"url\":\"https:\/\/balflex.com\/pt-pt\/certificacoes\/\",\"name\":\"Certifica\u00e7\u00f5es - Balflex\",\"isPartOf\":{\"@id\":\"https:\/\/balflex.com\/#website\"},\"datePublished\":\"2022-01-18T11:05:49+00:00\",\"dateModified\":\"2025-08-25T15:35:43+00:00\",\"description\":\"Ao longo dos anos, os nossos produtos t\u00eam atendido aos requisitos de conformidade das normas da ind\u00fastria. Saiba mais.\",\"breadcrumb\":{\"@id\":\"https:\/\/balflex.com\/pt-pt\/certificacoes\/#breadcrumb\"},\"inLanguage\":\"pt-PT\",\"potentialAction\":[{\"@type\":\"ReadAction\",\"target\":[\"https:\/\/balflex.com\/pt-pt\/certificacoes\/\"]}]},{\"@type\":\"BreadcrumbList\",\"@id\":\"https:\/\/balflex.com\/pt-pt\/certificacoes\/#breadcrumb\",\"itemListElement\":[{\"@type\":\"ListItem\",\"position\":1,\"name\":\"Home\",\"item\":\"https:\/\/balflex.com\/pt-pt\/\"},{\"@type\":\"ListItem\",\"position\":2,\"name\":\"Certifica\u00e7\u00f5es\"}]},{\"@type\":\"WebSite\",\"@id\":\"https:\/\/balflex.com\/#website\",\"url\":\"https:\/\/balflex.com\/\",\"name\":\"Balflex\",\"description\":\"The Hose Best Name You Can Get \u2013 The European Technology\",\"potentialAction\":[{\"@type\":\"SearchAction\",\"target\":{\"@type\":\"EntryPoint\",\"urlTemplate\":\"https:\/\/balflex.com\/?s={search_term_string}\"},\"query-input\":\"required name=search_term_string\"}],\"inLanguage\":\"pt-PT\"}]}<\/script>\n<!-- \/ Yoast SEO plugin. -->","yoast_head_json":{"title":"Certifica\u00e7\u00f5es - Balflex","description":"Ao longo dos anos, os nossos produtos t\u00eam atendido aos requisitos de conformidade das normas da ind\u00fastria. Saiba mais.","robots":{"index":"index","follow":"follow","max-snippet":"max-snippet:-1","max-image-preview":"max-image-preview:large","max-video-preview":"max-video-preview:-1"},"canonical":"https:\/\/balflex.com\/pt-pt\/certificacoes\/","og_locale":"pt_PT","og_type":"article","og_title":"Certifica\u00e7\u00f5es - Balflex","og_description":"Ao longo dos anos, os nossos produtos t\u00eam atendido aos requisitos de conformidade das normas da ind\u00fastria. Saiba mais.","og_url":"https:\/\/balflex.com\/pt-pt\/certificacoes\/","og_site_name":"Balflex","article_modified_time":"2025-08-25T15:35:43+00:00","twitter_card":"summary_large_image","twitter_misc":{"Tempo estimado de leitura":"2 minutos"},"schema":{"@context":"https:\/\/schema.org","@graph":[{"@type":"WebPage","@id":"https:\/\/balflex.com\/pt-pt\/certificacoes\/","url":"https:\/\/balflex.com\/pt-pt\/certificacoes\/","name":"Certifica\u00e7\u00f5es - Balflex","isPartOf":{"@id":"https:\/\/balflex.com\/#website"},"datePublished":"2022-01-18T11:05:49+00:00","dateModified":"2025-08-25T15:35:43+00:00","description":"Ao longo dos anos, os nossos produtos t\u00eam atendido aos requisitos de conformidade das normas da ind\u00fastria. Saiba mais.","breadcrumb":{"@id":"https:\/\/balflex.com\/pt-pt\/certificacoes\/#breadcrumb"},"inLanguage":"pt-PT","potentialAction":[{"@type":"ReadAction","target":["https:\/\/balflex.com\/pt-pt\/certificacoes\/"]}]},{"@type":"BreadcrumbList","@id":"https:\/\/balflex.com\/pt-pt\/certificacoes\/#breadcrumb","itemListElement":[{"@type":"ListItem","position":1,"name":"Home","item":"https:\/\/balflex.com\/pt-pt\/"},{"@type":"ListItem","position":2,"name":"Certifica\u00e7\u00f5es"}]},{"@type":"WebSite","@id":"https:\/\/balflex.com\/#website","url":"https:\/\/balflex.com\/","name":"Balflex","description":"The Hose Best Name You Can Get \u2013 The European Technology","potentialAction":[{"@type":"SearchAction","target":{"@type":"EntryPoint","urlTemplate":"https:\/\/balflex.com\/?s={search_term_string}"},"query-input":"required name=search_term_string"}],"inLanguage":"pt-PT"}]}},"_links":{"self":[{"href":"https:\/\/balflex.com\/pt-pt\/wp-json\/wp\/v2\/pages\/2496","targetHints":{"allow":["GET"]}}],"collection":[{"href":"https:\/\/balflex.com\/pt-pt\/wp-json\/wp\/v2\/pages"}],"about":[{"href":"https:\/\/balflex.com\/pt-pt\/wp-json\/wp\/v2\/types\/page"}],"author":[{"embeddable":true,"href":"https:\/\/balflex.com\/pt-pt\/wp-json\/wp\/v2\/users\/1"}],"replies":[{"embeddable":true,"href":"https:\/\/balflex.com\/pt-pt\/wp-json\/wp\/v2\/comments?post=2496"}],"version-history":[{"count":6,"href":"https:\/\/balflex.com\/pt-pt\/wp-json\/wp\/v2\/pages\/2496\/revisions"}],"predecessor-version":[{"id":19429,"href":"https:\/\/balflex.com\/pt-pt\/wp-json\/wp\/v2\/pages\/2496\/revisions\/19429"}],"wp:attachment":[{"href":"https:\/\/balflex.com\/pt-pt\/wp-json\/wp\/v2\/media?parent=2496"}],"curies":[{"name":"wp","href":"https:\/\/api.w.org\/{rel}","templated":true}]}}