{"id":2688,"date":"2021-11-24T14:57:29","date_gmt":"2021-11-24T14:57:29","guid":{"rendered":"https:\/\/balflex.com\/?page_id=2688"},"modified":"2022-09-21T16:18:46","modified_gmt":"2022-09-21T16:18:46","slug":"termes-et-conditions","status":"publish","type":"page","link":"https:\/\/balflex.com\/fr\/termes-et-conditions\/","title":{"rendered":"Termes et conditions"},"content":{"rendered":"<p>[vc_row row_height_percent=&#8221;0&#8243; override_padding=&#8221;yes&#8221; h_padding=&#8221;0&#8243; top_padding=&#8221;3&#8243; bottom_padding=&#8221;3&#8243; shift_y=&#8221;0&#8243; z_index=&#8221;0&#8243;][vc_column position_horizontal=&#8221;&#8221; align_horizontal=&#8221;text-lg-center&#8221; mobile_width=&#8221;0&#8243; shift_x=&#8221;0&#8243; shift_y=&#8221;0&#8243; z_index=&#8221;0&#8243; medium_width=&#8221;0&#8243; width=&#8221;1\/1&#8243;][vc_custom_heading auto_text=&#8221;yes&#8221; heading_semantic=&#8221;h1&#8243; text_size=&#8221;h1&#8243; text_weight=&#8221;font-weight-light&#8221; el_class=&#8221;alternative-font&#8221;]<span style=\"font-weight: 400;\">Termes et conditions<\/span>[\/vc_custom_heading][\/vc_column][\/vc_row][vc_row row_height_percent=&#8221;0&#8243; override_padding=&#8221;yes&#8221; h_padding=&#8221;0&#8243; top_padding=&#8221;1&#8243; bottom_padding=&#8221;3&#8243; shift_y=&#8221;0&#8243; z_index=&#8221;0&#8243; el_class=&#8221;mb-adapt-6&#8243;][vc_column position_horizontal=&#8221;&#8221; mobile_visibility=&#8221;yes&#8221; mobile_width=&#8221;0&#8243; shift_x=&#8221;0&#8243; shift_y=&#8221;0&#8243; z_index=&#8221;0&#8243; medium_visibility=&#8221;yes&#8221; medium_width=&#8221;0&#8243; width=&#8221;1\/6&#8243;][\/vc_column][vc_column width=&#8221;2\/3&#8243;][vc_column_text]<strong>Bienvenue chez Balflex\u00ae !<\/strong><\/p>\n<p><span style=\"font-weight: 400;\">Ces termes et conditions d\u00e9crivent les r\u00e8gles et les r\u00e8glements d&#8217;utilisation du site Web Balflex\u00ae situ\u00e9 \u00e0 l&#8217;adresse http:\/\/www.Balflex.com\/.<br \/>\n<\/span><span style=\"font-weight: 400;\"><br \/>\n<\/span><span style=\"font-weight: 400;\">En acc\u00e9dant \u00e0 ce site Web, nous consid\u00e9rons que vous acceptez ces termes et conditions. Veuillez ne pas continuer \u00e0 utiliser Balflex\u00ae\u00a0si vous n&#8217;acceptez pas tous les termes et conditions \u00e9nonc\u00e9s sur cette page.<br \/>\n<\/span><span style=\"font-weight: 400;\"><br \/>\n<\/span><span style=\"font-weight: 400;\">La terminologie suivante s&#8217;applique \u00e0 ces termes et conditions, \u00e0 la d\u00e9claration de confidentialit\u00e9 et \u00e0 l&#8217;avis de non-responsabilit\u00e9, ainsi qu&#8217;\u00e0 tous les accords : \u00ab Client \u00bb, \u00ab Vous \u00bb et \u00ab Votre \u00bb font r\u00e9f\u00e9rence \u00e0 vous, la personne qui navigue sur ce site Web et le fait conform\u00e9ment aux termes et conditions de la soci\u00e9t\u00e9. \u00ab La Soci\u00e9t\u00e9 \u00bb, \u00ab Nous-m\u00eames \u00bb, \u00ab Nous \u00bb, \u00ab Notre \u00bb et \u00ab N\u00f4tre \u00bb font r\u00e9f\u00e9rence \u00e0 notre soci\u00e9t\u00e9. \u00ab Partie \u00bb, \u00ab Parties \u00bb ou \u00ab Nous \u00bb d\u00e9signent \u00e0 la fois le client et notre soci\u00e9t\u00e9. Tous les termes font r\u00e9f\u00e9rence \u00e0 l&#8217;offre, \u00e0 l&#8217;acceptation et \u00e0 la prise en compte du paiement n\u00e9cessaire pour mettre en oeuvre notre service client de la mani\u00e8re la plus appropri\u00e9e dans le but expr\u00e8s de r\u00e9pondre aux besoins du client en ce qui concerne la fourniture des services indiqu\u00e9s de la soci\u00e9t\u00e9, conform\u00e9ment et sous r\u00e9serve de la l\u00e9gislation en vigueur au Portugal. Toute utilisation de la terminologie ci-dessus ou d&#8217;autres mots au singulier, pluriel, genre ou en majuscules est consid\u00e9r\u00e9e comme interchangeable et ayant donc la m\u00eame r\u00e9f\u00e9rence.<\/span><\/p>\n<p><strong>Cookies<\/strong><\/p>\n<p><span style=\"font-weight: 400;\">Nous utilisons des cookies. En acc\u00e9dant \u00e0 Balflex\u00ae, vous avez accept\u00e9 l&#8217;utilisation de cookies conform\u00e9ment \u00e0 la politique de confidentialit\u00e9 de Balflex\u00ae.<br \/>\n<\/span><span style=\"font-weight: 400;\"><br \/>\n<\/span><span style=\"font-weight: 400;\">La plupart des sites Web interactifs utilisent des cookies pour permettre de r\u00e9cup\u00e9rer les d\u00e9tails de l&#8217;utilisateur \u00e0 chaque visite. Les cookies sont utilis\u00e9s par notre site Web pour permettre la fonctionnalit\u00e9 de certains domaines en vue de faciliter la visite de notre site. Certains de nos partenaires affili\u00e9s\/partenaires publicitaires peuvent \u00e9galement utiliser des cookies.<\/span><\/p>\n<p><strong>Licence<\/strong><\/p>\n<p><span style=\"font-weight: 400;\">Sauf indication contraire, Balflex\u00ae et\/ou ses conc\u00e9dants d\u00e9tiennent les droits de propri\u00e9t\u00e9 intellectuelle de tout le contenu de Balflex\u00ae. Tous les droits de propri\u00e9t\u00e9 intellectuelle sont r\u00e9serv\u00e9s. Vous pouvez y acc\u00e9der \u00e0 partir de Balflex\u00ae pour votre usage personnel, sous r\u00e9serve des restrictions \u00e9nonc\u00e9es dans ces termes et conditions.<\/span><\/p>\n<p><span style=\"font-weight: 400;\">Il est interdit de:<br \/>\n<\/span><span style=\"font-weight: 400;\">republier le contenu de Balflex\u00ae ; vendre, louer ou sous-licencier du contenu de Balflex\u00ae;<br \/>\n<\/span><span style=\"font-weight: 400;\">reproduire, dupliquer ou copier le contenu de Balflex\u00ae;<br \/>\n<\/span><span style=\"font-weight: 400;\">redistribuer le contenu de Balflex\u00ae.<\/span><\/p>\n<p><span style=\"font-weight: 400;\">Certaines parties de ce site Web permettent aux utilisateurs de publier et d&#8217;\u00e9changer des opinions et des informations dans certains espaces du site Web. Balflex\u00ae ne filtre, n&#8217;\u00e9dite, ne publie et ne r\u00e9vise pas les commentaires avant leur publication sur le site Web. Les commentaires ne refl\u00e8tent pas les points de vue et opinions de Balflex\u00ae, de ses agents et\/ou de ses affili\u00e9s. Les commentaires refl\u00e8tent les points de vue et opinions de la personne qui les publie. Dans la mesure permise par les lois applicables, Balflex\u00ae ne sera pas responsable des commentaires ou de toute responsabilit\u00e9, dommages ou d\u00e9penses caus\u00e9s et\/ou subis \u00e0 la suite de toute utilisation et\/ou publication de commentaires sur ce site Web.<br \/>\n<\/span><span style=\"font-weight: 400;\"><br \/>\n<\/span><span style=\"font-weight: 400;\">Balflex\u00ae se r\u00e9serve le droit de surveiller tous les commentaires et de supprimer tout commentaire pouvant \u00eatre consid\u00e9r\u00e9 comme inappropri\u00e9, offensant ou en violation des pr\u00e9sents termes et conditions.<\/span><\/p>\n<p><span style=\"font-weight: 400;\">L&#8217;utilisateur garantit et d\u00e9clare que:<br \/>\n<\/span><span style=\"font-weight: 400;\">il a le droit de publier des commentaires sur notre site Web et dispose de toutes les licences et autorisations n\u00e9cessaires \u00e0 cet effet;<br \/>\n<\/span><span style=\"font-weight: 400;\">les commentaires n&#8217;envahissent aucun type de propri\u00e9t\u00e9 intellectuelle, y compris, mais sans s&#8217;y limiter, le droit d&#8217;auteur, le brevet ou la marque commerciale de tiers;<br \/>\n<\/span><span style=\"font-weight: 400;\">les commentaires ne contiennent aucun \u00e9l\u00e9ment diffamatoire, calomnieux, ind\u00e9cent ou autrement ill\u00e9gal qui constitue une atteinte \u00e0 la vie priv\u00e9e;<br \/>\n<\/span><span style=\"font-weight: 400;\">les commentaires ne seront pas utilis\u00e9s pour demander ou promouvoir des activit\u00e9s \u00e9conomiques ou commerciales, ou pour pr\u00e9senter des activit\u00e9s commerciales ou ill\u00e9gales.<\/span><\/p>\n<p><span style=\"font-weight: 400;\">Par les pr\u00e9sentes, vous accordez \u00e0 Balflex\u00ae une licence non exclusive pour utiliser, reproduire, \u00e9diter et autoriser d&#8217;autres personnes \u00e0 utiliser, reproduire et \u00e9diter n&#8217;importe lequel de vos commentaires sous quelque forme, format ou support que ce soit.<br \/>\n<\/span><span style=\"font-weight: 400;\">Liens vers notre contenu.<\/span><\/p>\n<p><span style=\"font-weight: 400;\">Les organisations suivantes peuvent cr\u00e9er un lien vers notre site Web sans autorisation \u00e9crite:<br \/>\n<\/span><span style=\"font-weight: 400;\">organismes gouvernementaux;<br \/>\n<\/span><span style=\"font-weight: 400;\">moteurs de recherche;<br \/>\n<\/span><span style=\"font-weight: 400;\">organismes de presse.<\/span><\/p>\n<p><span style=\"font-weight: 400;\">Les distributeurs d&#8217;annuaires en ligne peuvent cr\u00e9er un lien vers notre site Web de la m\u00eame mani\u00e8re qu&#8217;ils cr\u00e9ent un lien hypertexte vers les sites Web d&#8217;autres entreprises r\u00e9pertori\u00e9es, ainsi que vers les soci\u00e9t\u00e9s accr\u00e9dit\u00e9es par le syst\u00e8me, \u00e0 l&#8217;exception des demandes d&#8217;organisations \u00e0 but non lucratif, d&#8217;entreprises caritatives, d&#8217;organismes de bienfaisance et de groupes de collecte de fonds caritatifs, qui ne peuvent pas cr\u00e9er de lien hypertexte vers notre site Web.<\/span><\/p>\n<p><span style=\"font-weight: 400;\">Ces organisations peuvent cr\u00e9er un lien vers notre page d&#8217;accueil, nos publications ou d&#8217;autres informations sur le site Web, \u00e0 condition que le lien :(a) ne soit en aucun cas trompeur ; (b) ne sugg\u00e8re pas \u00e0 tort un parrainage, un soutien ou une approbation de la partie qui fait le lien et de ses produits et\/ou services, et (c) s&#8217;inscrit dans le contexte du site Web de la partie qui cr\u00e9e le lien.<\/span><\/p>\n<p><span style=\"font-weight: 400;\">Nous pouvons prendre en consid\u00e9ration et approuver d&#8217;autres demandes de lien provenant des types d&#8217;organisations suivantes:<\/span><span style=\"font-weight: 400;\"><br \/>\n<\/span><span style=\"font-weight: 400;\">sources d&#8217;information connues du consommateur et\/ou des entreprises\u00a0;<br \/>\n<\/span><span style=\"font-weight: 400;\">sites communautaires dot.com;<br \/>\n<\/span><span style=\"font-weight: 400;\">associations ou autres groupes repr\u00e9sentant des organismes de bienfaisance;<br \/>\n<\/span><span style=\"font-weight: 400;\">distributeurs d&#8217;annuaires en ligne;<br \/>\n<\/span><span style=\"font-weight: 400;\">portails Internet;<br \/>\n<\/span><span style=\"font-weight: 400;\">cabinets comptables, d&#8217;avocats et de conseil;<br \/>\n\u00e9tablissements d&#8217;enseignement et associations professionnelles.<\/span><\/p>\n<p><span style=\"font-weight: 400;\">Nous approuverons les demandes de lien de ces organisations si nous d\u00e9terminons que : (a) le lien ne nous d\u00e9crit pas d\u00e9favorablement ou nos soci\u00e9t\u00e9s accr\u00e9dit\u00e9es ; (b) l&#8217;organisation n&#8217;a pas d&#8217;ant\u00e9c\u00e9dents n\u00e9gatifs \u00e0 notre \u00e9gard ; (c) le b\u00e9n\u00e9fice que nous procure la visibilit\u00e9 de l&#8217;hyperlien compense l&#8217;absence de mention de Balflex\u00ae, et (d) le lien s&#8217;inscrit dans le cadre d&#8217;informations g\u00e9n\u00e9rales sur les ressources.<\/span><\/p>\n<p><span style=\"font-weight: 400;\">Ces organisations peuvent cr\u00e9er un lien vers notre page d&#8217;accueil \u00e0 condition que le lien : (a) ne soit en aucun cas trompeur ; (b) ne sugg\u00e8re pas <\/span><b>\u00e0 tort <\/b><span style=\"font-weight: 400;\">un parrainage, un soutien ou une approbation de la partie qui fait le lien et de ses produits et\/ou services.<\/span><\/p>\n<p><span style=\"font-weight: 400;\">Si votre organisation fait partie de celles vis\u00e9es au paragraphe 2 ci-dessus et si vous souhaitez cr\u00e9er un lien vers notre site Web, veuillez nous en informer en envoyant un e-mail \u00e0 Balflex\u00ae. Veuillez inclure votre nom, le nom de votre organisation, vos coordonn\u00e9es, ainsi que l&#8217;URL de votre site Web, une liste de toutes les URL \u00e0 partir desquelles vous souhaitez cr\u00e9er un lien vers notre site Web et une liste des URL de notre site Web vers lesquelles vous souhaitez cr\u00e9er un lien. Veuillez pr\u00e9voir 2 \u00e0 3 semaines pour une r\u00e9ponse.<\/span><\/p>\n<p><span style=\"font-weight: 400;\">Les organisations approuv\u00e9es peuvent cr\u00e9er un lien vers notre site Web comme suit:<\/span><span style=\"font-weight: 400;\"><br \/>\n<\/span><span style=\"font-weight: 400;\">En utilisant notre d\u00e9nomination sociale ou<br \/>\n<\/span><span style=\"font-weight: 400;\">En utilisant un localisateur de ressources uniforme vers lequel le lien hypertexte est cr\u00e9\u00e9 ou<br \/>\n<\/span><span style=\"font-weight: 400;\">En utilisant toute autre description de notre site Web vers lequel le lien hypertexte est cr\u00e9\u00e9, qui ait un sens dans le contexte et le format du contenu du site Web de la partie qui fait le lien.<\/span><\/p>\n<p><span style=\"font-weight: 400;\">L&#8217;utilisation du logo Balflex\u00ae ou d&#8217;autres \u00e9l\u00e9ments graphiques pour cr\u00e9er le lien hypertexte ne sera pas autoris\u00e9e sans un contrat de licence de marque.<\/span><\/p>\n<p><strong>iFrames<\/strong><\/p>\n<p><span style=\"font-weight: 400;\">Sans approbation pr\u00e9alable et autorisation \u00e9crite, vous ne pouvez pas cr\u00e9er d&#8217;iFrames sur nos pages Web qui modifient de quelque mani\u00e8re que ce soit la pr\u00e9sentation visuelle ou l&#8217;apparence de notre site Web.<\/span><\/p>\n<p><strong>Responsabilit\u00e9 du contenu<\/strong><\/p>\n<p><span style=\"font-weight: 400;\">Nous ne sommes pas responsables du contenu qui appara\u00eet sur votre site Web. Vous acceptez de nous prot\u00e9ger et de nous d\u00e9fendre contre toutes les plaintes qui apparaissent sur votre site Web. Aucun lien qui pourrait \u00eatre interpr\u00e9t\u00e9 comme diffamatoire, obsc\u00e8ne ou criminel, ou qui enfreint, viole ou pr\u00e9tend enfreindre ou autrement violer les droits de tiers ne doit appara\u00eetre sur un site Web.<\/span><\/p>\n<p><strong>Votre vie priv\u00e9e<br \/>\n<\/strong><span style=\"font-weight: 400;\">Veuillez lire la politique de confidentialit\u00e9<br \/>\n<\/span><span style=\"font-weight: 400;\">Droits r\u00e9serv\u00e9s<\/span><\/p>\n<p><span style=\"font-weight: 400;\">Nous nous r\u00e9servons le droit de vous demander de supprimer tous les liens ou tout lien sp\u00e9cifique vers notre site Web. Vous acceptez de supprimer imm\u00e9diatement tous les liens de notre site Web sur demande. Nous nous r\u00e9servons \u00e9galement le droit de modifier ces termes et conditions et la politique de confidentialit\u00e9 respective \u00e0 tout moment. En vous connectant continuellement \u00e0 notre site Web, vous acceptez d&#8217;\u00eatre li\u00e9 et de respecter ces termes et conditions.<\/span><\/p>\n<p><strong>Suppression de liens de notre site Web<\/strong><\/p>\n<p><span style=\"font-weight: 400;\">Si vous trouvez des liens sur notre site Web qui sont offensants pour quelque raison que ce soit, vous pouvez nous contacter et nous le signaler \u00e0 tout moment. Nous examinerons les demandes de suppression de liens, mais nous ne sommes pas oblig\u00e9s de vous r\u00e9pondre directement.<\/span><\/p>\n<p><span style=\"font-weight: 400;\">Nous ne garantissons pas que les informations sur ce site Web soient correctes et nous ne garantissons pas leur exhaustivit\u00e9 ou leur exactitude. Nous ne garantissons pas non plus que le site Web reste disponible ou que le contenu du site Web soit tenu \u00e0 jour.<\/span><\/p>\n<p><strong>Avis de non-responsabilit\u00e9<\/strong><\/p>\n<p><span style=\"font-weight: 400;\">Dans toute la mesure permise par la loi applicable, nous excluons toutes les repr\u00e9sentations, garanties et conditions relatives \u00e0 notre site Web et \u00e0 l&#8217;utilisation de celui-ci. Rien dans cet avis:<br \/>\n<\/span><span style=\"font-weight: 400;\">ne limite ou exclut notre responsabilit\u00e9 en cas de d\u00e9c\u00e8s ou de blessures corporelles;<br \/>\n<\/span><span style=\"font-weight: 400;\">ne limite ou exclut notre responsabilit\u00e9 en cas de fraude ou de repr\u00e9sentation frauduleuse;<br \/>\n<\/span><span style=\"font-weight: 400;\">ne limite l&#8217;une de nos responsabilit\u00e9s d&#8217;une mani\u00e8re qui ne soit pas autoris\u00e9e par la loi applicable ou <\/span><span style=\"font-weight: 400;\">n&#8217;exclut l&#8217;une de nos responsabilit\u00e9s qui ne peut \u00eatre exclue en vertu de la loi applicable.<\/span><\/p>\n<p><span style=\"font-weight: 400;\">Les limitations et interdictions de responsabilit\u00e9 \u00e9nonc\u00e9es dans la pr\u00e9sente section et ailleurs dans le pr\u00e9sent avis de non-responsabilit\u00e9 : (a) sont soumises au paragraphe pr\u00e9c\u00e9dent et (b) r\u00e9gissent toutes les responsabilit\u00e9s d\u00e9coulant de l&#8217;avis de non-responsabilit\u00e9, y compris les responsabilit\u00e9s d\u00e9coulant d&#8217;un contrat, d&#8217;un d\u00e9lit et d&#8217;une violation de droit l\u00e9gal.<\/span><\/p>\n<p><span style=\"font-weight: 400;\">Tant que le site Web et les informations et services sur le site Web sont fournis gratuitement, nous ne serons pas responsables de toute perte ou dommage de quelque nature que ce soit.<\/span>[\/vc_column_text][\/vc_column][vc_column position_horizontal=&#8221;&#8221; mobile_visibility=&#8221;yes&#8221; mobile_width=&#8221;0&#8243; shift_x=&#8221;0&#8243; shift_y=&#8221;0&#8243; z_index=&#8221;0&#8243; medium_visibility=&#8221;yes&#8221; medium_width=&#8221;0&#8243; width=&#8221;1\/6&#8243;][\/vc_column][\/vc_row]<\/p>\n","protected":false},"excerpt":{"rendered":"<p>[vc_row row_height_percent=&#8221;0&#8243; override_padding=&#8221;yes&#8221; h_padding=&#8221;0&#8243; top_padding=&#8221;3&#8243; bottom_padding=&#8221;3&#8243; shift_y=&#8221;0&#8243; z_index=&#8221;0&#8243;][vc_column position_horizontal=&#8221;&#8221; align_horizontal=&#8221;text-lg-center&#8221; mobile_width=&#8221;0&#8243; shift_x=&#8221;0&#8243; shift_y=&#8221;0&#8243; z_index=&#8221;0&#8243; medium_width=&#8221;0&#8243; width=&#8221;1\/1&#8243;][vc_custom_heading auto_text=&#8221;yes&#8221; heading_semantic=&#8221;h1&#8243; text_size=&#8221;h1&#8243; text_weight=&#8221;font-weight-light&#8221; el_class=&#8221;alternative-font&#8221;]Termes et conditions[\/vc_custom_heading][\/vc_column][\/vc_row][vc_row row_height_percent=&#8221;0&#8243; override_padding=&#8221;yes&#8221; h_padding=&#8221;0&#8243; top_padding=&#8221;1&#8243; bottom_padding=&#8221;3&#8243; shift_y=&#8221;0&#8243; z_index=&#8221;0&#8243; el_class=&#8221;mb-adapt-6&#8243;][vc_column position_horizontal=&#8221;&#8221; mobile_visibility=&#8221;yes&#8221; mobile_width=&#8221;0&#8243; shift_x=&#8221;0&#8243; shift_y=&#8221;0&#8243; z_index=&#8221;0&#8243; medium_visibility=&#8221;yes&#8221; medium_width=&#8221;0&#8243; width=&#8221;1\/6&#8243;][\/vc_column][vc_column width=&#8221;2\/3&#8243;][vc_column_text]Bienvenue chez Balflex\u00ae ! Ces termes et conditions d\u00e9crivent les r\u00e8gles et les r\u00e8glements d&#8217;utilisation [&hellip;]<\/p>\n","protected":false},"author":1,"featured_media":0,"parent":0,"menu_order":0,"comment_status":"closed","ping_status":"closed","template":"","meta":{"footnotes":""},"class_list":["post-2688","page","type-page","status-publish","hentry"],"acf":[],"yoast_head":"<!-- This site is optimized with the Yoast SEO plugin v19.9 - https:\/\/yoast.com\/wordpress\/plugins\/seo\/ -->\n<title>Termes et conditions - Balflex<\/title>\n<meta name=\"robots\" content=\"index, follow, max-snippet:-1, max-image-preview:large, max-video-preview:-1\" \/>\n<link rel=\"canonical\" href=\"https:\/\/balflex.com\/fr\/termes-et-conditions\/\" \/>\n<meta property=\"og:locale\" content=\"fr_FR\" \/>\n<meta property=\"og:type\" content=\"article\" \/>\n<meta property=\"og:title\" content=\"Termes et conditions - Balflex\" \/>\n<meta property=\"og:description\" content=\"[vc_row row_height_percent=&#8221;0&#8243; override_padding=&#8221;yes&#8221; h_padding=&#8221;0&#8243; top_padding=&#8221;3&#8243; bottom_padding=&#8221;3&#8243; shift_y=&#8221;0&#8243; z_index=&#8221;0&#8243;][vc_column position_horizontal=&#8221;&#8221; align_horizontal=&#8221;text-lg-center&#8221; mobile_width=&#8221;0&#8243; shift_x=&#8221;0&#8243; shift_y=&#8221;0&#8243; z_index=&#8221;0&#8243; medium_width=&#8221;0&#8243; width=&#8221;1\/1&#8243;][vc_custom_heading auto_text=&#8221;yes&#8221; heading_semantic=&#8221;h1&#8243; text_size=&#8221;h1&#8243; text_weight=&#8221;font-weight-light&#8221; el_class=&#8221;alternative-font&#8221;]Termes et conditions[\/vc_custom_heading][\/vc_column][\/vc_row][vc_row row_height_percent=&#8221;0&#8243; override_padding=&#8221;yes&#8221; h_padding=&#8221;0&#8243; top_padding=&#8221;1&#8243; bottom_padding=&#8221;3&#8243; shift_y=&#8221;0&#8243; z_index=&#8221;0&#8243; el_class=&#8221;mb-adapt-6&#8243;][vc_column position_horizontal=&#8221;&#8221; mobile_visibility=&#8221;yes&#8221; mobile_width=&#8221;0&#8243; shift_x=&#8221;0&#8243; shift_y=&#8221;0&#8243; z_index=&#8221;0&#8243; medium_visibility=&#8221;yes&#8221; medium_width=&#8221;0&#8243; width=&#8221;1\/6&#8243;][\/vc_column][vc_column width=&#8221;2\/3&#8243;][vc_column_text]Bienvenue chez Balflex\u00ae ! Ces termes et conditions d\u00e9crivent les r\u00e8gles et les r\u00e8glements d&#8217;utilisation [&hellip;]\" \/>\n<meta property=\"og:url\" content=\"https:\/\/balflex.com\/fr\/termes-et-conditions\/\" \/>\n<meta property=\"og:site_name\" content=\"Balflex\" \/>\n<meta property=\"article:modified_time\" content=\"2022-09-21T16:18:46+00:00\" \/>\n<meta name=\"twitter:card\" content=\"summary_large_image\" \/>\n<meta name=\"twitter:label1\" content=\"Dur\u00e9e de lecture estim\u00e9e\" \/>\n\t<meta name=\"twitter:data1\" content=\"10 minutes\" \/>\n<script type=\"application\/ld+json\" class=\"yoast-schema-graph\">{\"@context\":\"https:\/\/schema.org\",\"@graph\":[{\"@type\":\"WebPage\",\"@id\":\"https:\/\/balflex.com\/fr\/termes-et-conditions\/\",\"url\":\"https:\/\/balflex.com\/fr\/termes-et-conditions\/\",\"name\":\"Termes et conditions - Balflex\",\"isPartOf\":{\"@id\":\"https:\/\/balflex.com\/#website\"},\"datePublished\":\"2021-11-24T14:57:29+00:00\",\"dateModified\":\"2022-09-21T16:18:46+00:00\",\"breadcrumb\":{\"@id\":\"https:\/\/balflex.com\/fr\/termes-et-conditions\/#breadcrumb\"},\"inLanguage\":\"fr-FR\",\"potentialAction\":[{\"@type\":\"ReadAction\",\"target\":[\"https:\/\/balflex.com\/fr\/termes-et-conditions\/\"]}]},{\"@type\":\"BreadcrumbList\",\"@id\":\"https:\/\/balflex.com\/fr\/termes-et-conditions\/#breadcrumb\",\"itemListElement\":[{\"@type\":\"ListItem\",\"position\":1,\"name\":\"Home\",\"item\":\"https:\/\/balflex.com\/fr\/\"},{\"@type\":\"ListItem\",\"position\":2,\"name\":\"Termes et conditions\"}]},{\"@type\":\"WebSite\",\"@id\":\"https:\/\/balflex.com\/#website\",\"url\":\"https:\/\/balflex.com\/\",\"name\":\"Balflex\",\"description\":\"The Hose Best Name You Can Get \u2013 The European Technology\",\"potentialAction\":[{\"@type\":\"SearchAction\",\"target\":{\"@type\":\"EntryPoint\",\"urlTemplate\":\"https:\/\/balflex.com\/?s={search_term_string}\"},\"query-input\":\"required name=search_term_string\"}],\"inLanguage\":\"fr-FR\"}]}<\/script>\n<!-- \/ Yoast SEO plugin. -->","yoast_head_json":{"title":"Termes et conditions - Balflex","robots":{"index":"index","follow":"follow","max-snippet":"max-snippet:-1","max-image-preview":"max-image-preview:large","max-video-preview":"max-video-preview:-1"},"canonical":"https:\/\/balflex.com\/fr\/termes-et-conditions\/","og_locale":"fr_FR","og_type":"article","og_title":"Termes et conditions - Balflex","og_description":"[vc_row row_height_percent=&#8221;0&#8243; override_padding=&#8221;yes&#8221; h_padding=&#8221;0&#8243; top_padding=&#8221;3&#8243; bottom_padding=&#8221;3&#8243; shift_y=&#8221;0&#8243; z_index=&#8221;0&#8243;][vc_column position_horizontal=&#8221;&#8221; align_horizontal=&#8221;text-lg-center&#8221; mobile_width=&#8221;0&#8243; shift_x=&#8221;0&#8243; shift_y=&#8221;0&#8243; z_index=&#8221;0&#8243; medium_width=&#8221;0&#8243; width=&#8221;1\/1&#8243;][vc_custom_heading auto_text=&#8221;yes&#8221; heading_semantic=&#8221;h1&#8243; text_size=&#8221;h1&#8243; text_weight=&#8221;font-weight-light&#8221; el_class=&#8221;alternative-font&#8221;]Termes et conditions[\/vc_custom_heading][\/vc_column][\/vc_row][vc_row row_height_percent=&#8221;0&#8243; override_padding=&#8221;yes&#8221; h_padding=&#8221;0&#8243; top_padding=&#8221;1&#8243; bottom_padding=&#8221;3&#8243; shift_y=&#8221;0&#8243; z_index=&#8221;0&#8243; el_class=&#8221;mb-adapt-6&#8243;][vc_column position_horizontal=&#8221;&#8221; mobile_visibility=&#8221;yes&#8221; mobile_width=&#8221;0&#8243; shift_x=&#8221;0&#8243; shift_y=&#8221;0&#8243; z_index=&#8221;0&#8243; medium_visibility=&#8221;yes&#8221; medium_width=&#8221;0&#8243; width=&#8221;1\/6&#8243;][\/vc_column][vc_column width=&#8221;2\/3&#8243;][vc_column_text]Bienvenue chez Balflex\u00ae ! Ces termes et conditions d\u00e9crivent les r\u00e8gles et les r\u00e8glements d&#8217;utilisation [&hellip;]","og_url":"https:\/\/balflex.com\/fr\/termes-et-conditions\/","og_site_name":"Balflex","article_modified_time":"2022-09-21T16:18:46+00:00","twitter_card":"summary_large_image","twitter_misc":{"Dur\u00e9e de lecture estim\u00e9e":"10 minutes"},"schema":{"@context":"https:\/\/schema.org","@graph":[{"@type":"WebPage","@id":"https:\/\/balflex.com\/fr\/termes-et-conditions\/","url":"https:\/\/balflex.com\/fr\/termes-et-conditions\/","name":"Termes et conditions - Balflex","isPartOf":{"@id":"https:\/\/balflex.com\/#website"},"datePublished":"2021-11-24T14:57:29+00:00","dateModified":"2022-09-21T16:18:46+00:00","breadcrumb":{"@id":"https:\/\/balflex.com\/fr\/termes-et-conditions\/#breadcrumb"},"inLanguage":"fr-FR","potentialAction":[{"@type":"ReadAction","target":["https:\/\/balflex.com\/fr\/termes-et-conditions\/"]}]},{"@type":"BreadcrumbList","@id":"https:\/\/balflex.com\/fr\/termes-et-conditions\/#breadcrumb","itemListElement":[{"@type":"ListItem","position":1,"name":"Home","item":"https:\/\/balflex.com\/fr\/"},{"@type":"ListItem","position":2,"name":"Termes et conditions"}]},{"@type":"WebSite","@id":"https:\/\/balflex.com\/#website","url":"https:\/\/balflex.com\/","name":"Balflex","description":"The Hose Best Name You Can Get \u2013 The European Technology","potentialAction":[{"@type":"SearchAction","target":{"@type":"EntryPoint","urlTemplate":"https:\/\/balflex.com\/?s={search_term_string}"},"query-input":"required name=search_term_string"}],"inLanguage":"fr-FR"}]}},"_links":{"self":[{"href":"https:\/\/balflex.com\/fr\/wp-json\/wp\/v2\/pages\/2688","targetHints":{"allow":["GET"]}}],"collection":[{"href":"https:\/\/balflex.com\/fr\/wp-json\/wp\/v2\/pages"}],"about":[{"href":"https:\/\/balflex.com\/fr\/wp-json\/wp\/v2\/types\/page"}],"author":[{"embeddable":true,"href":"https:\/\/balflex.com\/fr\/wp-json\/wp\/v2\/users\/1"}],"replies":[{"embeddable":true,"href":"https:\/\/balflex.com\/fr\/wp-json\/wp\/v2\/comments?post=2688"}],"version-history":[{"count":1,"href":"https:\/\/balflex.com\/fr\/wp-json\/wp\/v2\/pages\/2688\/revisions"}],"predecessor-version":[{"id":2689,"href":"https:\/\/balflex.com\/fr\/wp-json\/wp\/v2\/pages\/2688\/revisions\/2689"}],"wp:attachment":[{"href":"https:\/\/balflex.com\/fr\/wp-json\/wp\/v2\/media?parent=2688"}],"curies":[{"name":"wp","href":"https:\/\/api.w.org\/{rel}","templated":true}]}}