{"id":2686,"date":"2021-11-17T12:04:23","date_gmt":"2021-11-17T12:04:23","guid":{"rendered":"https:\/\/balflex.com\/?page_id=2686"},"modified":"2022-09-21T16:09:17","modified_gmt":"2022-09-21T16:09:17","slug":"politique-de-confidentialite","status":"publish","type":"page","link":"https:\/\/balflex.com\/fr\/politique-de-confidentialite\/","title":{"rendered":"Politique de confidentialit\u00e9"},"content":{"rendered":"<p>[vc_row row_height_percent=&#8221;0&#8243; override_padding=&#8221;yes&#8221; h_padding=&#8221;0&#8243; top_padding=&#8221;3&#8243; bottom_padding=&#8221;3&#8243; shift_y=&#8221;0&#8243; z_index=&#8221;0&#8243;][vc_column position_horizontal=&#8221;&#8221; align_horizontal=&#8221;text-lg-center&#8221; mobile_width=&#8221;0&#8243; shift_x=&#8221;0&#8243; shift_y=&#8221;0&#8243; z_index=&#8221;0&#8243; medium_width=&#8221;0&#8243; width=&#8221;1\/1&#8243;][vc_custom_heading auto_text=&#8221;yes&#8221; heading_semantic=&#8221;h1&#8243; text_size=&#8221;h1&#8243; text_weight=&#8221;font-weight-light&#8221; el_class=&#8221;alternative-font&#8221;]<strong>Politique de confidentialit\u00e9 Balflex<sup>\u00ae<\/sup><\/strong>[\/vc_custom_heading][\/vc_column][\/vc_row][vc_row row_height_percent=&#8221;0&#8243; override_padding=&#8221;yes&#8221; h_padding=&#8221;0&#8243; top_padding=&#8221;1&#8243; bottom_padding=&#8221;3&#8243; shift_y=&#8221;0&#8243; z_index=&#8221;0&#8243; el_class=&#8221;mb-adapt-6&#8243;][vc_column position_horizontal=&#8221;&#8221; mobile_visibility=&#8221;yes&#8221; mobile_width=&#8221;0&#8243; shift_x=&#8221;0&#8243; shift_y=&#8221;0&#8243; z_index=&#8221;0&#8243; medium_visibility=&#8221;yes&#8221; medium_width=&#8221;0&#8243; width=&#8221;1\/6&#8243;][\/vc_column][vc_column width=&#8221;2\/3&#8243;][vc_column_text]<span style=\"font-weight: 400;\">Sur balflex.com, accessible depuis http:\/\/www.balflex.com\/, l&#8217;une de nos principales priorit\u00e9s est la vie priv\u00e9e de nos visiteurs. Cette politique de confidentialit\u00e9 contient les types d&#8217;informations collect\u00e9es et enregistr\u00e9es par balflex.com et la mani\u00e8re dont nous les utilisons.<br \/>\n<\/span><span style=\"font-weight: 400;\"><br \/>\n<\/span><span style=\"font-weight: 400;\">Si vous avez d&#8217;autres questions ou si avez besoin de plus d&#8217;informations sur notre politique de confidentialit\u00e9, n&#8217;h\u00e9sitez pas \u00e0 nous contacter.<br \/>\n<\/span><span style=\"font-weight: 400;\"><br \/>\n<\/span><span style=\"font-weight: 400;\">Cette politique de confidentialit\u00e9 s&#8217;applique uniquement \u00e0 nos activit\u00e9s en ligne et est valable pour les visiteurs de notre site Web en ce qui concerne les informations qu&#8217;ils ont partag\u00e9es et\/ou collect\u00e9es sur balflex.com. Cette politique ne s&#8217;applique pas aux informations collect\u00e9es hors ligne ou via des canaux autres que ce site Web. Notre politique de confidentialit\u00e9 a \u00e9t\u00e9 cr\u00e9\u00e9e \u00e0 l&#8217;aide de https:\/\/www.generateprivacypolicy.com.<\/span><\/p>\n<p><strong>Consentement<\/strong><\/p>\n<p><span style=\"font-weight: 400;\">En utilisant notre site Web, vous consentez \u00e0 notre politique de confidentialit\u00e9 et vous en acceptez les termes et conditions.<\/span><\/p>\n<p><strong>Informations collect\u00e9es<\/strong><\/p>\n<p><span style=\"font-weight: 400;\">Les informations personnelles qui vous sont demand\u00e9es, et les raisons pour lesquelles elles sont demand\u00e9es, vous seront pr\u00e9cis\u00e9es lorsqu&#8217;il vous sera demand\u00e9 de fournir vos donn\u00e9es \u00e0 caract\u00e8re personnel.<\/span><span style=\"font-weight: 400;\"><br \/>\n<\/span><span style=\"font-weight: 400;\">Si vous nous contactez directement, nous pouvons recevoir des informations suppl\u00e9mentaires vous concernant, telles que votre nom, votre adresse \u00e9lectronique, votre num\u00e9ro de t\u00e9l\u00e9phone, le contenu du message et\/ou des pi\u00e8ces jointes que vous pouvez nous envoyer, et toute autre information que vous choisissez de fournir.<br \/>\n<\/span><span style=\"font-weight: 400;\"><br \/>\n<\/span><span style=\"font-weight: 400;\">Lorsque vous vous inscrivez pour cr\u00e9er un compte, nous pouvons vous demander des coordonn\u00e9es, y compris des \u00e9l\u00e9ments tels que votre nom, le nom de votre entreprise, votre adresse, votre adresse \u00e9lectronique et votre num\u00e9ro de t\u00e9l\u00e9phone.<\/span><\/p>\n<p><strong>Comment utilisons-nous vos informations?<\/strong><\/p>\n<p><span style=\"font-weight: 400;\">Nous utilisons les informations collect\u00e9es de diverses mani\u00e8res, notamment pour :<\/span><span style=\"font-weight: 400;\"><br \/>\n<\/span><span style=\"font-weight: 400;\">Alimenter, exploiter et entretenir notre site Web;<\/span><span style=\"font-weight: 400;\"><br \/>\n<\/span><span style=\"font-weight: 400;\">Am\u00e9liorer, personnaliser et d\u00e9velopper notre site Web;<\/span><span style=\"font-weight: 400;\"><br \/>\n<\/span><span style=\"font-weight: 400;\">Comprendre et analyser la fa\u00e7on dont vous utilisez notre site Web;<\/span><span style=\"font-weight: 400;\"><br \/>\n<\/span><span style=\"font-weight: 400;\">D\u00e9velopper de nouveaux produits, services, caract\u00e9ristiques et fonctionnalit\u00e9s;<\/span><span style=\"font-weight: 400;\"><br \/>\n<\/span><span style=\"font-weight: 400;\">Communiquer avec vous, directement ou par l&#8217;interm\u00e9diaire de l&#8217;un de nos partenaires, y compris pour le service client, pour vous fournir des mises \u00e0 jour et d&#8217;autres informations relatives au site Web, ainsi qu&#8217;\u00e0 des fins de marketing et de promotion;<\/span><span style=\"font-weight: 400;\"><br \/>\n<\/span><span style=\"font-weight: 400;\">Vous envoyer des e-mails;<\/span><span style=\"font-weight: 400;\"><br \/>\n<\/span><span style=\"font-weight: 400;\">D\u00e9tecter et pr\u00e9venir les fraudes;<\/span><\/p>\n<p><strong>Fichiers journaux<\/strong><\/p>\n<p><span style=\"font-weight: 400;\">Balflex.com suit une proc\u00e9dure standard pour l&#8217;utilisation des fichiers journaux. Ces fichiers enregistrent les visiteurs lorsqu&#8217;ils visitent des sites Web. Toutes les soci\u00e9t\u00e9s d&#8217;h\u00e9bergement le font et font partie de l&#8217;analyse du service d&#8217;h\u00e9bergement. Les informations collect\u00e9es par les fichiers journaux incluent les adresses de protocole Internet (IP), le type de navigateur, le fournisseur d&#8217;acc\u00e8s Internet (FAI), l&#8217;horodatage, les pages de renvoi\/sortie et \u00e9ventuellement le nombre de clics.<\/span><\/p>\n<p>Ceux-ci ne sont li\u00e9s \u00e0 aucune information personnellement identifiable. Le but de l&#8217;information est d&#8217;analyser les tendances, d&#8217;administrer le site, de suivre les mouvements des utilisateurs sur le site et de collecter des informations d\u00e9mographiques.<\/p>\n<p><strong>Cookies et pixels espions<\/strong><\/p>\n<p><span style=\"font-weight: 400;\">Comme tout autre site Web, balflex.com utilise des \u00ab cookies \u00bb. Ces cookies sont utilis\u00e9s pour stocker des informations, y compris les pr\u00e9f\u00e9rences des visiteurs et les pages du site Web auxquelles le visiteur a acc\u00e9d\u00e9 ou visit\u00e9. Les informations sont utilis\u00e9es pour optimiser l&#8217;exp\u00e9rience des utilisateurs, en personnalisant le contenu de notre site Web en fonction du type de navigateur des visiteurs et\/ou d&#8217;autres informations.<\/span><\/p>\n<p><strong>Politiques de confidentialit\u00e9 des partenaires publicitaires<\/strong><\/p>\n<p><span style=\"font-weight: 400;\">Vous pouvez vous r\u00e9f\u00e9rer \u00e0 cette liste pour trouver la politique de confidentialit\u00e9 de chacun des partenaires publicitaires de balflex.com.<\/span><span style=\"font-weight: 400;\"><br \/>\n<\/span><span style=\"font-weight: 400;\">Les serveurs ou r\u00e9seaux publicitaires de tiers utilisent des technologies telles que les cookies, JavaScript ou les pixels espions qui sont utilis\u00e9es dans leurs publicit\u00e9s et liens respectifs et apparaissant sur balflex.com. Ceux-ci sont envoy\u00e9s directement au navigateur des utilisateurs. Ils re\u00e7oivent automatiquement votre adresse IP lorsque cela se produit. Ces technologies sont utilis\u00e9es pour mesurer l&#8217;efficacit\u00e9 de leurs campagnes publicitaires et\/ou pour personnaliser le contenu publicitaire que vous voyez sur les sites Web que vous visitez.<\/span><\/p>\n<p><span style=\"font-weight: 400;\">Veuillez noter que balflex.com n&#8217;a aucun acc\u00e8s ou contr\u00f4le sur ces cookies qui sont utilis\u00e9s par des annonceurs tiers.<\/span><\/p>\n<p><strong>Politiques de confidentialit\u00e9 des tiers<\/strong><\/p>\n<p><span style=\"font-weight: 400;\">La politique de confidentialit\u00e9 de balflex.com ne s&#8217;applique pas aux autres annonceurs ou sites Web. Par cons\u00e9quent, nous vous conseillons de consulter les politiques de confidentialit\u00e9 de ces serveurs publicitaires tiers pour des informations plus d\u00e9taill\u00e9es. Elles peuvent inclure leurs pratiques et instructions pour d\u00e9sactiver certaines options.<br \/>\n<\/span><span style=\"font-weight: 400;\"><br \/>\n<\/span><span style=\"font-weight: 400;\">Vous pouvez choisir de d\u00e9sactiver les cookies via les options de votre navigateur. Vous trouverez des informations plus d\u00e9taill\u00e9es sur la gestion des cookies avec des navigateurs Web sp\u00e9cifiques sur les sites Web des navigateurs.<\/span><\/p>\n<p><span style=\"font-weight: 400;\"><strong>RGPD Droits en mati\u00e8re de protection des donn\u00e9es<\/strong><\/span><\/p>\n<p><span style=\"font-weight: 400;\">Nous voulons \u00eatre s\u00fbrs que vous \u00eates pleinement conscient de tous vos droits en mati\u00e8re de protection des donn\u00e9es. Chaque utilisateur a droit \u00e0 ce qui suit:<\/span><span style=\"font-weight: 400;\"><br \/>\n<\/span><span style=\"font-weight: 400;\">Le droit d&#8217;acc\u00e8s &#8211; Vous avez le droit de demander des copies de vos donn\u00e9es \u00e0 caract\u00e8re personnel. Nous pouvons vous facturer une somme modique pour ce service.<\/span><span style=\"font-weight: 400;\"><br \/>\n<\/span><span style=\"font-weight: 400;\">Droit de rectification &#8211; Vous avez le droit de demander la correction de toute information que vous jugez incorrecte. Vous avez \u00e9galement le droit de nous demander de compl\u00e9ter les informations que vous consid\u00e9rez comme incompl\u00e8tes.<\/span><span style=\"font-weight: 400;\"><br \/>\n<\/span><span style=\"font-weight: 400;\">Le droit \u00e0 l&#8217;effacement \u2013 Vous avez le droit de nous demander d&#8217;effacer vos donn\u00e9es \u00e0 caract\u00e8re personnel, sous certaines conditions.<\/span><span style=\"font-weight: 400;\"><br \/>\n<\/span><span style=\"font-weight: 400;\">Le droit \u00e0 la limitation du traitement &#8211; Vous avez le droit de nous demander de limiter le traitement de vos donn\u00e9es \u00e0 caract\u00e8re personnel, sous certaines conditions.<\/span><span style=\"font-weight: 400;\"><br \/>\n<\/span><span style=\"font-weight: 400;\">Le droit d&#8217;opposition au traitement &#8211; Vous avez le droit de vous opposer \u00e0 notre traitement de vos donn\u00e9es \u00e0 caract\u00e8re personnel, sous certaines conditions.<\/span><span style=\"font-weight: 400;\"><br \/>\n<\/span><span style=\"font-weight: 400;\">Le droit \u00e0 la portabilit\u00e9 des donn\u00e9es &#8211; Vous avez le droit de demander le transfert des donn\u00e9es que nous avons collect\u00e9es \u00e0 une autre organisation, ou directement \u00e0 vous, sous certaines conditions.<br \/>\n<\/span><span style=\"font-weight: 400;\"><br \/>\n<\/span><span style=\"font-weight: 400;\">Si vous faites une demande, nous avons un mois pour vous r\u00e9pondre.<\/span><span style=\"font-weight: 400;\"><br \/>\n<\/span><span style=\"font-weight: 400;\">Si vous souhaitez exercer l&#8217;un de ces droits, veuillez nous contacter.<\/span><\/p>\n<p><strong>Informations d&#8217;enfants<\/strong><\/p>\n<p><span style=\"font-weight: 400;\">Une autre partie de notre priorit\u00e9 est de prot\u00e9ger les enfants lors de l&#8217;utilisation d&#8217;Internet. Nous encourageons les parents et les tuteurs l\u00e9gaux \u00e0 observer, participer et\/ou surveiller et guider leur activit\u00e9 en ligne.<\/span><span style=\"font-weight: 400;\"><br \/>\n<\/span><span style=\"font-weight: 400;\">Balflex.com ne collecte sciemment aucune information personnelle identifiable d&#8217;enfants de moins de 13 ans. Si vous pensez que votre enfant a fourni ce type d&#8217;informations sur notre site Web, nous vous encourageons vivement \u00e0 nous contacter imm\u00e9diatement et nous ferons de notre mieux pour supprimer rapidement ces informations de nos registres.<\/span>[\/vc_column_text][\/vc_column][vc_column position_horizontal=&#8221;&#8221; mobile_visibility=&#8221;yes&#8221; mobile_width=&#8221;0&#8243; shift_x=&#8221;0&#8243; shift_y=&#8221;0&#8243; z_index=&#8221;0&#8243; medium_visibility=&#8221;yes&#8221; medium_width=&#8221;0&#8243; width=&#8221;1\/6&#8243;][\/vc_column][\/vc_row]<\/p>\n","protected":false},"excerpt":{"rendered":"<p>[vc_row row_height_percent=&#8221;0&#8243; override_padding=&#8221;yes&#8221; h_padding=&#8221;0&#8243; top_padding=&#8221;3&#8243; bottom_padding=&#8221;3&#8243; shift_y=&#8221;0&#8243; z_index=&#8221;0&#8243;][vc_column position_horizontal=&#8221;&#8221; align_horizontal=&#8221;text-lg-center&#8221; mobile_width=&#8221;0&#8243; shift_x=&#8221;0&#8243; shift_y=&#8221;0&#8243; z_index=&#8221;0&#8243; medium_width=&#8221;0&#8243; width=&#8221;1\/1&#8243;][vc_custom_heading auto_text=&#8221;yes&#8221; heading_semantic=&#8221;h1&#8243; text_size=&#8221;h1&#8243; text_weight=&#8221;font-weight-light&#8221; el_class=&#8221;alternative-font&#8221;]Politique de confidentialit\u00e9 Balflex\u00ae[\/vc_custom_heading][\/vc_column][\/vc_row][vc_row row_height_percent=&#8221;0&#8243; override_padding=&#8221;yes&#8221; h_padding=&#8221;0&#8243; top_padding=&#8221;1&#8243; bottom_padding=&#8221;3&#8243; shift_y=&#8221;0&#8243; z_index=&#8221;0&#8243; el_class=&#8221;mb-adapt-6&#8243;][vc_column position_horizontal=&#8221;&#8221; mobile_visibility=&#8221;yes&#8221; mobile_width=&#8221;0&#8243; shift_x=&#8221;0&#8243; shift_y=&#8221;0&#8243; z_index=&#8221;0&#8243; medium_visibility=&#8221;yes&#8221; medium_width=&#8221;0&#8243; width=&#8221;1\/6&#8243;][\/vc_column][vc_column width=&#8221;2\/3&#8243;][vc_column_text]Sur balflex.com, accessible depuis http:\/\/www.balflex.com\/, l&#8217;une de nos principales priorit\u00e9s est la vie priv\u00e9e [&hellip;]<\/p>\n","protected":false},"author":1,"featured_media":0,"parent":0,"menu_order":0,"comment_status":"closed","ping_status":"closed","template":"","meta":{"footnotes":""},"class_list":["post-2686","page","type-page","status-publish","hentry"],"acf":[],"yoast_head":"<!-- This site is optimized with the Yoast SEO plugin v19.9 - https:\/\/yoast.com\/wordpress\/plugins\/seo\/ -->\n<title>Politique de confidentialit\u00e9 - Balflex<\/title>\n<meta name=\"robots\" content=\"index, follow, max-snippet:-1, max-image-preview:large, max-video-preview:-1\" \/>\n<link rel=\"canonical\" href=\"https:\/\/balflex.com\/fr\/politique-de-confidentialite\/\" \/>\n<meta property=\"og:locale\" content=\"fr_FR\" \/>\n<meta property=\"og:type\" content=\"article\" \/>\n<meta property=\"og:title\" content=\"Politique de confidentialit\u00e9 - Balflex\" \/>\n<meta property=\"og:description\" content=\"[vc_row row_height_percent=&#8221;0&#8243; override_padding=&#8221;yes&#8221; h_padding=&#8221;0&#8243; top_padding=&#8221;3&#8243; bottom_padding=&#8221;3&#8243; shift_y=&#8221;0&#8243; z_index=&#8221;0&#8243;][vc_column position_horizontal=&#8221;&#8221; align_horizontal=&#8221;text-lg-center&#8221; mobile_width=&#8221;0&#8243; shift_x=&#8221;0&#8243; shift_y=&#8221;0&#8243; z_index=&#8221;0&#8243; medium_width=&#8221;0&#8243; width=&#8221;1\/1&#8243;][vc_custom_heading auto_text=&#8221;yes&#8221; heading_semantic=&#8221;h1&#8243; text_size=&#8221;h1&#8243; text_weight=&#8221;font-weight-light&#8221; el_class=&#8221;alternative-font&#8221;]Politique de confidentialit\u00e9 Balflex\u00ae[\/vc_custom_heading][\/vc_column][\/vc_row][vc_row row_height_percent=&#8221;0&#8243; override_padding=&#8221;yes&#8221; h_padding=&#8221;0&#8243; top_padding=&#8221;1&#8243; bottom_padding=&#8221;3&#8243; shift_y=&#8221;0&#8243; z_index=&#8221;0&#8243; el_class=&#8221;mb-adapt-6&#8243;][vc_column position_horizontal=&#8221;&#8221; mobile_visibility=&#8221;yes&#8221; mobile_width=&#8221;0&#8243; shift_x=&#8221;0&#8243; shift_y=&#8221;0&#8243; z_index=&#8221;0&#8243; medium_visibility=&#8221;yes&#8221; medium_width=&#8221;0&#8243; width=&#8221;1\/6&#8243;][\/vc_column][vc_column width=&#8221;2\/3&#8243;][vc_column_text]Sur balflex.com, accessible depuis http:\/\/www.balflex.com\/, l&#8217;une de nos principales priorit\u00e9s est la vie priv\u00e9e [&hellip;]\" \/>\n<meta property=\"og:url\" content=\"https:\/\/balflex.com\/fr\/politique-de-confidentialite\/\" \/>\n<meta property=\"og:site_name\" content=\"Balflex\" \/>\n<meta property=\"article:modified_time\" content=\"2022-09-21T16:09:17+00:00\" \/>\n<meta name=\"twitter:card\" content=\"summary_large_image\" \/>\n<meta name=\"twitter:label1\" content=\"Dur\u00e9e de lecture estim\u00e9e\" \/>\n\t<meta name=\"twitter:data1\" content=\"6 minutes\" \/>\n<script type=\"application\/ld+json\" class=\"yoast-schema-graph\">{\"@context\":\"https:\/\/schema.org\",\"@graph\":[{\"@type\":\"WebPage\",\"@id\":\"https:\/\/balflex.com\/fr\/politique-de-confidentialite\/\",\"url\":\"https:\/\/balflex.com\/fr\/politique-de-confidentialite\/\",\"name\":\"Politique de confidentialit\u00e9 - Balflex\",\"isPartOf\":{\"@id\":\"https:\/\/balflex.com\/#website\"},\"datePublished\":\"2021-11-17T12:04:23+00:00\",\"dateModified\":\"2022-09-21T16:09:17+00:00\",\"breadcrumb\":{\"@id\":\"https:\/\/balflex.com\/fr\/politique-de-confidentialite\/#breadcrumb\"},\"inLanguage\":\"fr-FR\",\"potentialAction\":[{\"@type\":\"ReadAction\",\"target\":[\"https:\/\/balflex.com\/fr\/politique-de-confidentialite\/\"]}]},{\"@type\":\"BreadcrumbList\",\"@id\":\"https:\/\/balflex.com\/fr\/politique-de-confidentialite\/#breadcrumb\",\"itemListElement\":[{\"@type\":\"ListItem\",\"position\":1,\"name\":\"Home\",\"item\":\"https:\/\/balflex.com\/fr\/\"},{\"@type\":\"ListItem\",\"position\":2,\"name\":\"Politique de confidentialit\u00e9\"}]},{\"@type\":\"WebSite\",\"@id\":\"https:\/\/balflex.com\/#website\",\"url\":\"https:\/\/balflex.com\/\",\"name\":\"Balflex\",\"description\":\"The Hose Best Name You Can Get \u2013 The European Technology\",\"potentialAction\":[{\"@type\":\"SearchAction\",\"target\":{\"@type\":\"EntryPoint\",\"urlTemplate\":\"https:\/\/balflex.com\/?s={search_term_string}\"},\"query-input\":\"required name=search_term_string\"}],\"inLanguage\":\"fr-FR\"}]}<\/script>\n<!-- \/ Yoast SEO plugin. -->","yoast_head_json":{"title":"Politique de confidentialit\u00e9 - Balflex","robots":{"index":"index","follow":"follow","max-snippet":"max-snippet:-1","max-image-preview":"max-image-preview:large","max-video-preview":"max-video-preview:-1"},"canonical":"https:\/\/balflex.com\/fr\/politique-de-confidentialite\/","og_locale":"fr_FR","og_type":"article","og_title":"Politique de confidentialit\u00e9 - Balflex","og_description":"[vc_row row_height_percent=&#8221;0&#8243; override_padding=&#8221;yes&#8221; h_padding=&#8221;0&#8243; top_padding=&#8221;3&#8243; bottom_padding=&#8221;3&#8243; shift_y=&#8221;0&#8243; z_index=&#8221;0&#8243;][vc_column position_horizontal=&#8221;&#8221; align_horizontal=&#8221;text-lg-center&#8221; mobile_width=&#8221;0&#8243; shift_x=&#8221;0&#8243; shift_y=&#8221;0&#8243; z_index=&#8221;0&#8243; medium_width=&#8221;0&#8243; width=&#8221;1\/1&#8243;][vc_custom_heading auto_text=&#8221;yes&#8221; heading_semantic=&#8221;h1&#8243; text_size=&#8221;h1&#8243; text_weight=&#8221;font-weight-light&#8221; el_class=&#8221;alternative-font&#8221;]Politique de confidentialit\u00e9 Balflex\u00ae[\/vc_custom_heading][\/vc_column][\/vc_row][vc_row row_height_percent=&#8221;0&#8243; override_padding=&#8221;yes&#8221; h_padding=&#8221;0&#8243; top_padding=&#8221;1&#8243; bottom_padding=&#8221;3&#8243; shift_y=&#8221;0&#8243; z_index=&#8221;0&#8243; el_class=&#8221;mb-adapt-6&#8243;][vc_column position_horizontal=&#8221;&#8221; mobile_visibility=&#8221;yes&#8221; mobile_width=&#8221;0&#8243; shift_x=&#8221;0&#8243; shift_y=&#8221;0&#8243; z_index=&#8221;0&#8243; medium_visibility=&#8221;yes&#8221; medium_width=&#8221;0&#8243; width=&#8221;1\/6&#8243;][\/vc_column][vc_column width=&#8221;2\/3&#8243;][vc_column_text]Sur balflex.com, accessible depuis http:\/\/www.balflex.com\/, l&#8217;une de nos principales priorit\u00e9s est la vie priv\u00e9e [&hellip;]","og_url":"https:\/\/balflex.com\/fr\/politique-de-confidentialite\/","og_site_name":"Balflex","article_modified_time":"2022-09-21T16:09:17+00:00","twitter_card":"summary_large_image","twitter_misc":{"Dur\u00e9e de lecture estim\u00e9e":"6 minutes"},"schema":{"@context":"https:\/\/schema.org","@graph":[{"@type":"WebPage","@id":"https:\/\/balflex.com\/fr\/politique-de-confidentialite\/","url":"https:\/\/balflex.com\/fr\/politique-de-confidentialite\/","name":"Politique de confidentialit\u00e9 - Balflex","isPartOf":{"@id":"https:\/\/balflex.com\/#website"},"datePublished":"2021-11-17T12:04:23+00:00","dateModified":"2022-09-21T16:09:17+00:00","breadcrumb":{"@id":"https:\/\/balflex.com\/fr\/politique-de-confidentialite\/#breadcrumb"},"inLanguage":"fr-FR","potentialAction":[{"@type":"ReadAction","target":["https:\/\/balflex.com\/fr\/politique-de-confidentialite\/"]}]},{"@type":"BreadcrumbList","@id":"https:\/\/balflex.com\/fr\/politique-de-confidentialite\/#breadcrumb","itemListElement":[{"@type":"ListItem","position":1,"name":"Home","item":"https:\/\/balflex.com\/fr\/"},{"@type":"ListItem","position":2,"name":"Politique de confidentialit\u00e9"}]},{"@type":"WebSite","@id":"https:\/\/balflex.com\/#website","url":"https:\/\/balflex.com\/","name":"Balflex","description":"The Hose Best Name You Can Get \u2013 The European Technology","potentialAction":[{"@type":"SearchAction","target":{"@type":"EntryPoint","urlTemplate":"https:\/\/balflex.com\/?s={search_term_string}"},"query-input":"required name=search_term_string"}],"inLanguage":"fr-FR"}]}},"_links":{"self":[{"href":"https:\/\/balflex.com\/fr\/wp-json\/wp\/v2\/pages\/2686","targetHints":{"allow":["GET"]}}],"collection":[{"href":"https:\/\/balflex.com\/fr\/wp-json\/wp\/v2\/pages"}],"about":[{"href":"https:\/\/balflex.com\/fr\/wp-json\/wp\/v2\/types\/page"}],"author":[{"embeddable":true,"href":"https:\/\/balflex.com\/fr\/wp-json\/wp\/v2\/users\/1"}],"replies":[{"embeddable":true,"href":"https:\/\/balflex.com\/fr\/wp-json\/wp\/v2\/comments?post=2686"}],"version-history":[{"count":1,"href":"https:\/\/balflex.com\/fr\/wp-json\/wp\/v2\/pages\/2686\/revisions"}],"predecessor-version":[{"id":2687,"href":"https:\/\/balflex.com\/fr\/wp-json\/wp\/v2\/pages\/2686\/revisions\/2687"}],"wp:attachment":[{"href":"https:\/\/balflex.com\/fr\/wp-json\/wp\/v2\/media?parent=2686"}],"curies":[{"name":"wp","href":"https:\/\/api.w.org\/{rel}","templated":true}]}}