{"id":2680,"date":"2021-11-24T15:02:30","date_gmt":"2021-11-24T15:02:30","guid":{"rendered":"https:\/\/balflex.com\/?page_id=2680"},"modified":"2022-09-21T14:40:41","modified_gmt":"2022-09-21T14:40:41","slug":"politique-de-cookies","status":"publish","type":"page","link":"https:\/\/balflex.com\/fr\/politique-de-cookies\/","title":{"rendered":"Politique de cookies"},"content":{"rendered":"<p>[vc_row row_height_percent=&#8221;0&#8243; override_padding=&#8221;yes&#8221; h_padding=&#8221;0&#8243; top_padding=&#8221;3&#8243; bottom_padding=&#8221;3&#8243; shift_y=&#8221;0&#8243; z_index=&#8221;0&#8243;][vc_column position_horizontal=&#8221;&#8221; align_horizontal=&#8221;text-lg-center&#8221; mobile_width=&#8221;0&#8243; shift_x=&#8221;0&#8243; shift_y=&#8221;0&#8243; z_index=&#8221;0&#8243; medium_width=&#8221;0&#8243; width=&#8221;1\/1&#8243;][vc_custom_heading auto_text=&#8221;yes&#8221; heading_semantic=&#8221;h1&#8243; text_size=&#8221;h1&#8243; text_weight=&#8221;font-weight-light&#8221; el_class=&#8221;alternative-font&#8221;]<strong>Politique de Cookies\u00a0<\/strong><b>Balflex\u00ae<\/b>[\/vc_custom_heading][\/vc_column][\/vc_row][vc_row row_height_percent=&#8221;0&#8243; override_padding=&#8221;yes&#8221; h_padding=&#8221;0&#8243; top_padding=&#8221;1&#8243; bottom_padding=&#8221;3&#8243; shift_y=&#8221;0&#8243; z_index=&#8221;0&#8243; el_class=&#8221;mb-adapt-6&#8243;][vc_column position_horizontal=&#8221;&#8221; mobile_visibility=&#8221;yes&#8221; mobile_width=&#8221;0&#8243; shift_x=&#8221;0&#8243; shift_y=&#8221;0&#8243; z_index=&#8221;0&#8243; medium_visibility=&#8221;yes&#8221; medium_width=&#8221;0&#8243; width=&#8221;1\/6&#8243;][\/vc_column][vc_column width=&#8221;2\/3&#8243;][vc_column_text]<span style=\"font-weight: 400;\">La politique de cookies de Balflex\u00ae est accessible depuis http:\/\/www.balflex.com\/<\/span><\/p>\n<p><span style=\"font-weight: 400;\"><strong>Qu&#8217;est-ce qu&#8217;un cookie?<\/strong><\/span><\/p>\n<p><span style=\"font-weight: 400;\">Comme il est d&#8217;usage sur presque tous les sites professionnels, ce site utilise des cookies. Les cookies sont de petits fichiers stock\u00e9s sur votre ordinateur pour am\u00e9liorer votre exp\u00e9rience. Cette page d\u00e9crit les informations collect\u00e9es par les cookies, comment nous les utilisons et pourquoi nous avons parfois besoin de stocker ces cookies. Nous vous expliquons \u00e9galement comment vous pouvez emp\u00eacher le stockage de ces cookies. Cela peut toutefois diminuer ou \u00ab d\u00e9truire \u00bb certains \u00e9l\u00e9ments li\u00e9s \u00e0 la fonctionnalit\u00e9 du site.<\/span><\/p>\n<p><span style=\"font-weight: 400;\"><strong>Comment utilisons-nous les cookies?<\/strong><\/span><\/p>\n<p><span style=\"font-weight: 400;\">Nous utilisons des cookies \u00e0 diverses fins, en particulier pour les raisons d\u00e9taill\u00e9es ci-apr\u00e8s. Malheureusement, dans la plupart des cas, il n&#8217;existe pas d&#8217;option standard pour d\u00e9sactiver les cookies sans d\u00e9sactiver compl\u00e8tement les fonctionnalit\u00e9s et les fonctions que les cookies ajoutent \u00e0 ce site Web. Il est recommand\u00e9 de laisser tous les cookies actifs si vous n&#8217;\u00eates pas s\u00fbr d&#8217;en avoir besoin pour un service dont vous souhaitez profiter.<\/span><\/p>\n<p><span style=\"font-weight: 400;\"><strong>D\u00e9sactiver des cookies<\/strong><\/span><\/p>\n<p><span style=\"font-weight: 400;\">Vous pouvez \u00e9viter le param\u00e9trage des cookies en ajustant les param\u00e8tres de votre navigateur (consultez l&#8217;aide de votre navigateur pour savoir comment proc\u00e9der). Sachez que la d\u00e9sactivation des cookies affectera la fonctionnalit\u00e9 de ce site Web et de nombreux autres sites que vous visitez. La d\u00e9sactivation des cookies entra\u00eenera g\u00e9n\u00e9ralement la d\u00e9sactivation de certaines fonctionnalit\u00e9s et fonctions de ce site Web. Par cons\u00e9quent, il est recommand\u00e9 de ne pas d\u00e9sactiver les cookies.<\/span><\/p>\n<p><strong>Newsletters envoy\u00e9es par e-mail li\u00e9es aux cookies<\/strong><\/p>\n<p><span style=\"font-weight: 400;\">Ce site Web propose des newsletters ou des services d&#8217;abonnement par e-mail et des cookies peuvent \u00eatre utilis\u00e9s pour rappeler si vous \u00eates d\u00e9j\u00e0 inscrit et si certaines notifications qui ne sont valables que pour s&#8217;abonner\/utilisateurs non abonn\u00e9s doivent \u00eatre affich\u00e9es ou non.<\/span><\/p>\n<p><span style=\"font-weight: 400;\"><strong>Cookies de pr\u00e9f\u00e9rences du site<\/strong><\/span><\/p>\n<p><span style=\"font-weight: 400;\">Pour vous offrir une excellente exp\u00e9rience sur ce site Web, nous fournissons la fonctionnalit\u00e9 qui permet de d\u00e9finir vos pr\u00e9f\u00e9rences quant au fonctionnement de ce site lorsque vous l&#8217;utilisez. Pour m\u00e9moriser vos pr\u00e9f\u00e9rences, nous devons d\u00e9finir des cookies afin que ces informations puissent \u00eatre appel\u00e9es chaque fois que vous interagissez avec une page concern\u00e9e par vos pr\u00e9f\u00e9rences.<\/span><\/p>\n<p><strong>Cookies de tiers<\/strong><\/p>\n<p><span style=\"font-weight: 400;\">Dans certains cas particuliers, nous utilisons \u00e9galement des cookies fournis par des tiers de confiance. La section suivante d\u00e9taille les cookies de tiers que vous pouvez trouver via ce site.<\/span><span style=\"font-weight: 400;\"><br \/>\n<\/span><span style=\"font-weight: 400;\"><br \/>\n<\/span><span style=\"font-weight: 400;\">Ce site Web utilise Google Analytics, qui est l&#8217;une des solutions d&#8217;analyse les plus r\u00e9pandues et les plus fiables sur le Web, pour nous aider \u00e0 comprendre comment vous utilisez le site et comment nous pouvons am\u00e9liorer votre exp\u00e9rience. Ces cookies peuvent trouver des \u00e9l\u00e9ments tels que le temps que vous passez sur le site et les pages que vous visitez, afin que nous puissions continuer \u00e0 produire un contenu int\u00e9ressant. Pour plus d&#8217;informations sur les cookies de Google Analytics, voir la page officielle de Google Analytics.<\/span><\/p>\n<p><strong>Plus d&#8217;informations<\/strong><\/p>\n<p>Nous esp\u00e9rons que ces informations s&#8217;av\u00e8rent utiles et, comme mentionn\u00e9 ci-dessus, s&#8217;il y a quelque chose dont vous n&#8217;\u00eates pas s\u00fbr d&#8217;avoir besoin, il est g\u00e9n\u00e9ralement plus prudent de laisser les cookies activ\u00e9s au cas o\u00f9 il y aurait interaction avec l&#8217;une des fonctionnalit\u00e9s que vous utilisez sur notre site.<\/p>\n<p>Toutefois, si vous avez encore besoin d&#8217;informations compl\u00e9mentaires, vous pouvez nous contacter via l&#8217;un de nos moyens de contact pr\u00e9f\u00e9r\u00e9s : E-mail : <a href=\"about:blank\">info@balflex.com<\/a>.[\/vc_column_text][\/vc_column][vc_column position_horizontal=&#8221;&#8221; mobile_visibility=&#8221;yes&#8221; mobile_width=&#8221;0&#8243; shift_x=&#8221;0&#8243; shift_y=&#8221;0&#8243; z_index=&#8221;0&#8243; medium_visibility=&#8221;yes&#8221; medium_width=&#8221;0&#8243; width=&#8221;1\/6&#8243;][\/vc_column][\/vc_row]<\/p>\n","protected":false},"excerpt":{"rendered":"<p>[vc_row row_height_percent=&#8221;0&#8243; override_padding=&#8221;yes&#8221; h_padding=&#8221;0&#8243; top_padding=&#8221;3&#8243; bottom_padding=&#8221;3&#8243; shift_y=&#8221;0&#8243; z_index=&#8221;0&#8243;][vc_column position_horizontal=&#8221;&#8221; align_horizontal=&#8221;text-lg-center&#8221; mobile_width=&#8221;0&#8243; shift_x=&#8221;0&#8243; shift_y=&#8221;0&#8243; z_index=&#8221;0&#8243; medium_width=&#8221;0&#8243; width=&#8221;1\/1&#8243;][vc_custom_heading auto_text=&#8221;yes&#8221; heading_semantic=&#8221;h1&#8243; text_size=&#8221;h1&#8243; text_weight=&#8221;font-weight-light&#8221; el_class=&#8221;alternative-font&#8221;]Politique de Cookies\u00a0Balflex\u00ae[\/vc_custom_heading][\/vc_column][\/vc_row][vc_row row_height_percent=&#8221;0&#8243; override_padding=&#8221;yes&#8221; h_padding=&#8221;0&#8243; top_padding=&#8221;1&#8243; bottom_padding=&#8221;3&#8243; shift_y=&#8221;0&#8243; z_index=&#8221;0&#8243; el_class=&#8221;mb-adapt-6&#8243;][vc_column position_horizontal=&#8221;&#8221; mobile_visibility=&#8221;yes&#8221; mobile_width=&#8221;0&#8243; shift_x=&#8221;0&#8243; shift_y=&#8221;0&#8243; z_index=&#8221;0&#8243; medium_visibility=&#8221;yes&#8221; medium_width=&#8221;0&#8243; width=&#8221;1\/6&#8243;][\/vc_column][vc_column width=&#8221;2\/3&#8243;][vc_column_text]La politique de cookies de Balflex\u00ae est accessible depuis http:\/\/www.balflex.com\/ Qu&#8217;est-ce qu&#8217;un cookie? Comme il [&hellip;]<\/p>\n","protected":false},"author":1,"featured_media":0,"parent":0,"menu_order":0,"comment_status":"closed","ping_status":"closed","template":"","meta":{"footnotes":""},"class_list":["post-2680","page","type-page","status-publish","hentry"],"acf":[],"yoast_head":"<!-- This site is optimized with the Yoast SEO plugin v19.9 - https:\/\/yoast.com\/wordpress\/plugins\/seo\/ -->\n<title>Politique de cookies - Balflex<\/title>\n<meta name=\"robots\" content=\"index, follow, max-snippet:-1, max-image-preview:large, max-video-preview:-1\" \/>\n<link rel=\"canonical\" href=\"https:\/\/balflex.com\/fr\/politique-de-cookies\/\" \/>\n<meta property=\"og:locale\" content=\"fr_FR\" \/>\n<meta property=\"og:type\" content=\"article\" \/>\n<meta property=\"og:title\" content=\"Politique de cookies - Balflex\" \/>\n<meta property=\"og:description\" content=\"[vc_row row_height_percent=&#8221;0&#8243; override_padding=&#8221;yes&#8221; h_padding=&#8221;0&#8243; top_padding=&#8221;3&#8243; bottom_padding=&#8221;3&#8243; shift_y=&#8221;0&#8243; z_index=&#8221;0&#8243;][vc_column position_horizontal=&#8221;&#8221; align_horizontal=&#8221;text-lg-center&#8221; mobile_width=&#8221;0&#8243; shift_x=&#8221;0&#8243; shift_y=&#8221;0&#8243; z_index=&#8221;0&#8243; medium_width=&#8221;0&#8243; width=&#8221;1\/1&#8243;][vc_custom_heading auto_text=&#8221;yes&#8221; heading_semantic=&#8221;h1&#8243; text_size=&#8221;h1&#8243; text_weight=&#8221;font-weight-light&#8221; el_class=&#8221;alternative-font&#8221;]Politique de Cookies\u00a0Balflex\u00ae[\/vc_custom_heading][\/vc_column][\/vc_row][vc_row row_height_percent=&#8221;0&#8243; override_padding=&#8221;yes&#8221; h_padding=&#8221;0&#8243; top_padding=&#8221;1&#8243; bottom_padding=&#8221;3&#8243; shift_y=&#8221;0&#8243; z_index=&#8221;0&#8243; el_class=&#8221;mb-adapt-6&#8243;][vc_column position_horizontal=&#8221;&#8221; mobile_visibility=&#8221;yes&#8221; mobile_width=&#8221;0&#8243; shift_x=&#8221;0&#8243; shift_y=&#8221;0&#8243; z_index=&#8221;0&#8243; medium_visibility=&#8221;yes&#8221; medium_width=&#8221;0&#8243; width=&#8221;1\/6&#8243;][\/vc_column][vc_column width=&#8221;2\/3&#8243;][vc_column_text]La politique de cookies de Balflex\u00ae est accessible depuis http:\/\/www.balflex.com\/ Qu&#8217;est-ce qu&#8217;un cookie? Comme il [&hellip;]\" \/>\n<meta property=\"og:url\" content=\"https:\/\/balflex.com\/fr\/politique-de-cookies\/\" \/>\n<meta property=\"og:site_name\" content=\"Balflex\" \/>\n<meta property=\"article:modified_time\" content=\"2022-09-21T14:40:41+00:00\" \/>\n<meta name=\"twitter:card\" content=\"summary_large_image\" \/>\n<meta name=\"twitter:label1\" content=\"Dur\u00e9e de lecture estim\u00e9e\" \/>\n\t<meta name=\"twitter:data1\" content=\"4 minutes\" \/>\n<script type=\"application\/ld+json\" class=\"yoast-schema-graph\">{\"@context\":\"https:\/\/schema.org\",\"@graph\":[{\"@type\":\"WebPage\",\"@id\":\"https:\/\/balflex.com\/fr\/politique-de-cookies\/\",\"url\":\"https:\/\/balflex.com\/fr\/politique-de-cookies\/\",\"name\":\"Politique de cookies - Balflex\",\"isPartOf\":{\"@id\":\"https:\/\/balflex.com\/#website\"},\"datePublished\":\"2021-11-24T15:02:30+00:00\",\"dateModified\":\"2022-09-21T14:40:41+00:00\",\"breadcrumb\":{\"@id\":\"https:\/\/balflex.com\/fr\/politique-de-cookies\/#breadcrumb\"},\"inLanguage\":\"fr-FR\",\"potentialAction\":[{\"@type\":\"ReadAction\",\"target\":[\"https:\/\/balflex.com\/fr\/politique-de-cookies\/\"]}]},{\"@type\":\"BreadcrumbList\",\"@id\":\"https:\/\/balflex.com\/fr\/politique-de-cookies\/#breadcrumb\",\"itemListElement\":[{\"@type\":\"ListItem\",\"position\":1,\"name\":\"Home\",\"item\":\"https:\/\/balflex.com\/fr\/\"},{\"@type\":\"ListItem\",\"position\":2,\"name\":\"Politique de cookies\"}]},{\"@type\":\"WebSite\",\"@id\":\"https:\/\/balflex.com\/#website\",\"url\":\"https:\/\/balflex.com\/\",\"name\":\"Balflex\",\"description\":\"The Hose Best Name You Can Get \u2013 The European Technology\",\"potentialAction\":[{\"@type\":\"SearchAction\",\"target\":{\"@type\":\"EntryPoint\",\"urlTemplate\":\"https:\/\/balflex.com\/?s={search_term_string}\"},\"query-input\":\"required name=search_term_string\"}],\"inLanguage\":\"fr-FR\"}]}<\/script>\n<!-- \/ Yoast SEO plugin. -->","yoast_head_json":{"title":"Politique de cookies - Balflex","robots":{"index":"index","follow":"follow","max-snippet":"max-snippet:-1","max-image-preview":"max-image-preview:large","max-video-preview":"max-video-preview:-1"},"canonical":"https:\/\/balflex.com\/fr\/politique-de-cookies\/","og_locale":"fr_FR","og_type":"article","og_title":"Politique de cookies - Balflex","og_description":"[vc_row row_height_percent=&#8221;0&#8243; override_padding=&#8221;yes&#8221; h_padding=&#8221;0&#8243; top_padding=&#8221;3&#8243; bottom_padding=&#8221;3&#8243; shift_y=&#8221;0&#8243; z_index=&#8221;0&#8243;][vc_column position_horizontal=&#8221;&#8221; align_horizontal=&#8221;text-lg-center&#8221; mobile_width=&#8221;0&#8243; shift_x=&#8221;0&#8243; shift_y=&#8221;0&#8243; z_index=&#8221;0&#8243; medium_width=&#8221;0&#8243; width=&#8221;1\/1&#8243;][vc_custom_heading auto_text=&#8221;yes&#8221; heading_semantic=&#8221;h1&#8243; text_size=&#8221;h1&#8243; text_weight=&#8221;font-weight-light&#8221; el_class=&#8221;alternative-font&#8221;]Politique de Cookies\u00a0Balflex\u00ae[\/vc_custom_heading][\/vc_column][\/vc_row][vc_row row_height_percent=&#8221;0&#8243; override_padding=&#8221;yes&#8221; h_padding=&#8221;0&#8243; top_padding=&#8221;1&#8243; bottom_padding=&#8221;3&#8243; shift_y=&#8221;0&#8243; z_index=&#8221;0&#8243; el_class=&#8221;mb-adapt-6&#8243;][vc_column position_horizontal=&#8221;&#8221; mobile_visibility=&#8221;yes&#8221; mobile_width=&#8221;0&#8243; shift_x=&#8221;0&#8243; shift_y=&#8221;0&#8243; z_index=&#8221;0&#8243; medium_visibility=&#8221;yes&#8221; medium_width=&#8221;0&#8243; width=&#8221;1\/6&#8243;][\/vc_column][vc_column width=&#8221;2\/3&#8243;][vc_column_text]La politique de cookies de Balflex\u00ae est accessible depuis http:\/\/www.balflex.com\/ Qu&#8217;est-ce qu&#8217;un cookie? Comme il [&hellip;]","og_url":"https:\/\/balflex.com\/fr\/politique-de-cookies\/","og_site_name":"Balflex","article_modified_time":"2022-09-21T14:40:41+00:00","twitter_card":"summary_large_image","twitter_misc":{"Dur\u00e9e de lecture estim\u00e9e":"4 minutes"},"schema":{"@context":"https:\/\/schema.org","@graph":[{"@type":"WebPage","@id":"https:\/\/balflex.com\/fr\/politique-de-cookies\/","url":"https:\/\/balflex.com\/fr\/politique-de-cookies\/","name":"Politique de cookies - Balflex","isPartOf":{"@id":"https:\/\/balflex.com\/#website"},"datePublished":"2021-11-24T15:02:30+00:00","dateModified":"2022-09-21T14:40:41+00:00","breadcrumb":{"@id":"https:\/\/balflex.com\/fr\/politique-de-cookies\/#breadcrumb"},"inLanguage":"fr-FR","potentialAction":[{"@type":"ReadAction","target":["https:\/\/balflex.com\/fr\/politique-de-cookies\/"]}]},{"@type":"BreadcrumbList","@id":"https:\/\/balflex.com\/fr\/politique-de-cookies\/#breadcrumb","itemListElement":[{"@type":"ListItem","position":1,"name":"Home","item":"https:\/\/balflex.com\/fr\/"},{"@type":"ListItem","position":2,"name":"Politique de cookies"}]},{"@type":"WebSite","@id":"https:\/\/balflex.com\/#website","url":"https:\/\/balflex.com\/","name":"Balflex","description":"The Hose Best Name You Can Get \u2013 The European Technology","potentialAction":[{"@type":"SearchAction","target":{"@type":"EntryPoint","urlTemplate":"https:\/\/balflex.com\/?s={search_term_string}"},"query-input":"required name=search_term_string"}],"inLanguage":"fr-FR"}]}},"_links":{"self":[{"href":"https:\/\/balflex.com\/fr\/wp-json\/wp\/v2\/pages\/2680","targetHints":{"allow":["GET"]}}],"collection":[{"href":"https:\/\/balflex.com\/fr\/wp-json\/wp\/v2\/pages"}],"about":[{"href":"https:\/\/balflex.com\/fr\/wp-json\/wp\/v2\/types\/page"}],"author":[{"embeddable":true,"href":"https:\/\/balflex.com\/fr\/wp-json\/wp\/v2\/users\/1"}],"replies":[{"embeddable":true,"href":"https:\/\/balflex.com\/fr\/wp-json\/wp\/v2\/comments?post=2680"}],"version-history":[{"count":1,"href":"https:\/\/balflex.com\/fr\/wp-json\/wp\/v2\/pages\/2680\/revisions"}],"predecessor-version":[{"id":2681,"href":"https:\/\/balflex.com\/fr\/wp-json\/wp\/v2\/pages\/2680\/revisions\/2681"}],"wp:attachment":[{"href":"https:\/\/balflex.com\/fr\/wp-json\/wp\/v2\/media?parent=2680"}],"curies":[{"name":"wp","href":"https:\/\/api.w.org\/{rel}","templated":true}]}}