{"id":2199,"date":"2022-01-18T11:05:49","date_gmt":"2022-01-18T11:05:49","guid":{"rendered":"https:\/\/balflex.com\/?page_id=2199"},"modified":"2025-08-25T15:42:49","modified_gmt":"2025-08-25T15:42:49","slug":"certifications","status":"publish","type":"page","link":"https:\/\/balflex.com\/es\/certifications\/","title":{"rendered":"Certificaciones"},"content":{"rendered":"<p>[vc_row unlock_row_content=&#8221;&#8221; row_height_percent=&#8221;0&#8243; override_padding=&#8221;yes&#8221; h_padding=&#8221;0&#8243; top_padding=&#8221;1&#8243; bottom_padding=&#8221;4&#8243; back_image=&#8221;324&#8243; shift_y=&#8221;0&#8243; z_index=&#8221;0&#8243;][vc_column position_horizontal=&#8221;&#8221; align_mobile=&#8221;text-center&#8221; mobile_width=&#8221;11&#8243; shift_x=&#8221;0&#8243; shift_y=&#8221;0&#8243; z_index=&#8221;0&#8243; width=&#8221;1\/1&#8243;][vc_row_inner unlock_row_content=&#8221;&#8221; row_height_percent=&#8221;0&#8243; override_padding=&#8221;yes&#8221; h_padding=&#8221;0&#8243; top_padding=&#8221;4&#8243; bottom_padding=&#8221;4&#8243; shift_y=&#8221;0&#8243; z_index=&#8221;0&#8243;][vc_column_inner position_horizontal=&#8221;&#8221; align_mobile=&#8221;text-center&#8221; mobile_width=&#8221;11&#8243; shift_x=&#8221;0&#8243; shift_y=&#8221;0&#8243; z_index=&#8221;0&#8243; width=&#8221;1\/1&#8243;][vc_custom_heading]<strong>Certificaciones<br \/>\nBalflex<\/strong>[\/vc_custom_heading][vc_column_text el_class=&#8221;font-weight-light&#8221;]<span style=\"font-weight: 400;\">A trav\u00e9s de los a\u00f1os, nuestros productos han cumplido con los est\u00e1ndares industriales comprobados por nuestra lista de aprobaciones t\u00e9cnicas emitidas por entidades acreditadoras externas.<\/span><span style=\"font-weight: 400;\"><br \/>\n<\/span><span style=\"font-weight: 400;\">\u2013 Bureau Veritas \u2013 Aprobaci\u00f3n de Tipo de todas las conexiones y mangueras hidr\u00e1ulicas;<\/span><span style=\"font-weight: 400;\"><br \/>\n<\/span><span style=\"font-weight: 400;\">\u2013 Det Norske Veritas \u2013 Sistema de Administraci\u00f3n de Calidad ISO 9001;<\/span><span style=\"font-weight: 400;\"><br \/>\n<\/span><span style=\"font-weight: 400;\">\u2013 USMSHA \u2013 Administraci\u00f3n de Salud y Seguridad de Minas (EE. UU.);<\/span><span style=\"font-weight: 400;\"><br \/>\n<\/span><span style=\"font-weight: 400;\">\u2013 FRAS \u2013 Resistencia al fuego y antiest\u00e1tica, Departamento de Recursos Minerales de Australia;<\/span><span style=\"font-weight: 400;\"><br \/>\n<\/span><span style=\"font-weight: 400;\">\u2013 RINA \u2013 Resistencia al fuego de mangueras hidr\u00e1ulicas;<\/span><span style=\"font-weight: 400;\"><br \/>\n<\/span><span style=\"font-weight: 400;\">\u2013 DOT \u2013 Departamento de Transporte (EE.UU.).<\/span><span style=\"font-weight: 400;\"><br \/>\n<\/span><span style=\"font-weight: 400;\"><br \/>\n<\/span><span style=\"font-weight: 400;\"><br \/>\n<\/span><span style=\"font-weight: 400;\">Adem\u00e1s de lo anterior, nuestro personal t\u00e9cnico est\u00e1 presente en los comit\u00e9s t\u00e9cnicos de mangueras hidr\u00e1ulicas m\u00e1s importantes del sector:<\/span><span style=\"font-weight: 400;\"><br \/>\n<\/span><span style=\"font-weight: 400;\">CEN TC 218;<\/span><span style=\"font-weight: 400;\"><br \/>\n<\/span><span style=\"font-weight: 400;\">ISO TC 131;<\/span><span style=\"font-weight: 400;\"><br \/>\n<\/span><span style=\"font-weight: 400;\">ISO TC 45.<\/span>[\/vc_column_text][\/vc_column_inner][\/vc_row_inner][vc_row_inner unlock_row_content=&#8221;&#8221; row_height_percent=&#8221;0&#8243; columns_gutter=&#8221;&#8221; override_padding=&#8221;yes&#8221; h_padding=&#8221;0&#8243; top_padding=&#8221;0&#8243; bottom_padding=&#8221;0&#8243; shift_y=&#8221;0&#8243; z_index=&#8221;0&#8243;][vc_column_inner width=&#8221;1\/1&#8243;]<div class=\"posts_grid \" data-post=\"certifications\" data-name=\"certifications\" data-label=\"certifications\" id=\"certifications\" data-loadmore=\"\"><div class=\"certifications-divs elements_animated text-left\">\n\t<figure>\n\t\t<picture><div class=\"aspectRatioPlaceholder\" style=\"margin:auto; \"><div class=\"fill\" style=\"padding-bottom: 100%\"><\/div><\/div><span role=\"img\" aria-label=\"\" class=\"has_bg\" data-background-image=\"https:\/\/balflex.com\/wp-content\/uploads\/2022\/05\/Group-1-1.png\"><\/span><\/picture>\n\t\t<figcaption>\n\t\t\t<div class=\"description mt-adapt-3\"><p class=\"text-light\"><\/p><\/div>\n\t\t\t<figcaption>\n\t\t<a class=\"button mt-adapt-3\" href=\"https:\/\/balflex.com\/wp-content\/uploads\/2022\/05\/FRAS-TESTING-RESULTS.pdf\" target=\"_blank\">Download<\/a>\n\t<\/figcaption>\n\t\t<\/figcaption>\n\t<\/figure>\n<\/div><div class=\"certifications-divs elements_animated text-left\">\n\t<figure>\n\t\t<picture><div class=\"aspectRatioPlaceholder\" style=\"margin:auto; \"><div class=\"fill\" style=\"padding-bottom: 100%\"><\/div><\/div><span role=\"img\" aria-label=\"\" class=\"has_bg\" data-background-image=\"https:\/\/balflex.com\/wp-content\/uploads\/2021\/11\/Mask-Group.png\"><\/span><\/picture>\n\t\t<figcaption>\n\t\t\t<div class=\"description mt-adapt-3\"><p class=\"text-light\"><\/p><\/div>\n\t\t\t<figcaption>\n\t\t<a class=\"button mt-adapt-3\" href=\"https:\/\/balflex.com\/wp-content\/uploads\/2022\/03\/BALFLEX-HYDRAULIC-HOSES_MSHA-IC_252.00.zip\" target=\"_blank\">Download<\/a>\n\t<\/figcaption>\n\t\t<\/figcaption>\n\t<\/figure>\n<\/div><div class=\"certifications-divs elements_animated text-left\">\n\t<figure>\n\t\t<picture><div class=\"aspectRatioPlaceholder\" style=\"margin:auto; \"><div class=\"fill\" style=\"padding-bottom: 100%\"><\/div><\/div><span role=\"img\" aria-label=\"\" class=\"has_bg\" data-background-image=\"https:\/\/balflex.com\/wp-content\/uploads\/2022\/03\/DNV_PT_ISO_9001_col-1.png\"><\/span><\/picture>\n\t\t<figcaption>\n\t\t\t<div class=\"description mt-adapt-3\"><p class=\"text-light\"><\/p><\/div>\n\t\t\t<figcaption>\n\t\t<a class=\"button mt-adapt-3\" href=\"https:\/\/balflex.com\/wp-content\/uploads\/2022\/03\/ISO_9001-ENG-C749998-6-20250929-1.pdf\" target=\"_blank\">Download<\/a>\n\t<\/figcaption>\n\t\t<\/figcaption>\n\t<\/figure>\n<\/div><div class=\"certifications-divs elements_animated text-left\">\n\t<figure>\n\t\t<picture><div class=\"aspectRatioPlaceholder\" style=\"margin:auto; \"><div class=\"fill\" style=\"padding-bottom: 100%\"><\/div><\/div><span role=\"img\" aria-label=\"\" class=\"has_bg\" data-background-image=\"https:\/\/balflex.com\/wp-content\/uploads\/2022\/03\/Brazil-Inmetro-Certification-Type-Approval-Services-1.png\"><\/span><\/picture>\n\t\t<figcaption>\n\t\t\t<div class=\"description mt-adapt-3\"><p class=\"text-light\"><\/p><\/div>\n\t\t\t<figcaption>\n\t\t<a class=\"button mt-adapt-3\" href=\"https:\/\/balflex.com\/wp-content\/uploads\/2022\/03\/INMETRO-APPROVAL-BALFLEX-FUEL-PUMP-3_4.zip\" target=\"_blank\">Download<\/a>\n\t<\/figcaption>\n\t\t<\/figcaption>\n\t<\/figure>\n<\/div><div class=\"certifications-divs elements_animated text-left\">\n\t<figure>\n\t\t<picture><div class=\"aspectRatioPlaceholder\" style=\"margin:auto; \"><div class=\"fill\" style=\"padding-bottom: 100%\"><\/div><\/div><span role=\"img\" aria-label=\"\" class=\"has_bg\" data-background-image=\"https:\/\/balflex.com\/wp-content\/uploads\/2022\/03\/5DEOUSA-1.png\"><\/span><\/picture>\n\t\t<figcaption>\n\t\t\t<div class=\"description mt-adapt-3\"><p class=\"text-light\"><\/p><\/div>\n\t\t\t<figcaption>\n\t\t<a class=\"button mt-adapt-3\" href=\"https:\/\/balflex.com\/wp-content\/uploads\/2022\/03\/US-DOT-REGISTRATION-24042012_0000.pdf\" target=\"_blank\">Download<\/a>\n\t<\/figcaption>\n\t\t<\/figcaption>\n\t<\/figure>\n<\/div><div class=\"certifications-divs elements_animated text-left\">\n\t<figure>\n\t\t<picture><div class=\"aspectRatioPlaceholder\" style=\"margin:auto; \"><div class=\"fill\" style=\"padding-bottom: 100%\"><\/div><\/div><span role=\"img\" aria-label=\"\" class=\"has_bg\" data-background-image=\"https:\/\/balflex.com\/wp-content\/uploads\/2022\/03\/6BERAU-1.png\"><\/span><\/picture>\n\t\t<figcaption>\n\t\t\t<div class=\"description mt-adapt-3\"><p class=\"text-light\"><\/p><\/div>\n\t\t\t<figcaption>\n\t\t<a class=\"button mt-adapt-3\" href=\"https:\/\/balflex.com\/wp-content\/uploads\/2022\/03\/BUREAU-VERITAS-MARINE-DIVISION-CERTIFICATE-1.pdf\" target=\"_blank\">Download<\/a>\n\t<\/figcaption>\n\t\t<\/figcaption>\n\t<\/figure>\n<\/div><div class=\"certifications-divs elements_animated text-left\">\n\t<figure>\n\t\t<picture><div class=\"aspectRatioPlaceholder\" style=\"margin:auto; \"><div class=\"fill\" style=\"padding-bottom: 100%\"><\/div><\/div><span role=\"img\" aria-label=\"\" class=\"has_bg\" data-background-image=\"https:\/\/balflex.com\/wp-content\/uploads\/2022\/03\/7NMI-1.png\"><\/span><\/picture>\n\t\t<figcaption>\n\t\t\t<div class=\"description mt-adapt-3\"><p class=\"text-light\"><\/p><\/div>\n\t\t\t<figcaption>\n\t\t<a class=\"button mt-adapt-3\" href=\"https:\/\/balflex.com\/wp-content\/uploads\/2022\/03\/NMI-CERTIFICATE-TC3542e00.pdf\" target=\"_blank\">Download<\/a>\n\t<\/figcaption>\n\t\t<\/figcaption>\n\t<\/figure>\n<\/div><div class=\"certifications-divs elements_animated text-left\">\n\t<figure>\n\t\t<picture><div class=\"aspectRatioPlaceholder\" style=\"margin:auto; \"><div class=\"fill\" style=\"padding-bottom: 100%\"><\/div><\/div><span role=\"img\" aria-label=\"\" class=\"has_bg\" data-background-image=\"https:\/\/balflex.com\/wp-content\/uploads\/2022\/03\/351-3514132_rina-certification-1.png\"><\/span><\/picture>\n\t\t<figcaption>\n\t\t\t<div class=\"description mt-adapt-3\"><p class=\"text-light\"><\/p><\/div>\n\t\t\t<figcaption>\n\t\t<a class=\"button mt-adapt-3\" href=\"https:\/\/balflex.com\/wp-content\/uploads\/2022\/03\/RINA_BALMASTER-4SP-DN10.pdf\" target=\"_blank\">Download<\/a>\n\t<\/figcaption>\n\t\t<\/figcaption>\n\t<\/figure>\n<\/div><\/div>[\/vc_column_inner][\/vc_row_inner][vc_custom_heading]<strong>Pol\u00edtica de Calidad, Medio Ambiente y Securidad<\/strong><\/p>\n<p><strong>\u00a0<\/strong>[\/vc_custom_heading][vc_column_text el_class=&#8221;font-weight-light&#8221;]La Direcci\u00f3n, consciente de que el mercado en el que opera Balflex es cada vez m\u00e1s exigente y competitivo, considera que orientar los esfuerzos de todos hacia la sostenibilidad, el rigor y la mejora continua de la eficacia organizativa es esencial para la satisfacci\u00f3n de los clientes y la creaci\u00f3n de valor.<\/p>\n<p>Estas intenciones representan un desaf\u00edo que involucra a los directivos y dem\u00e1s partes interesadas, con el objetivo de garantizar:<\/p>\n<ul>\n<li>La adecuaci\u00f3n de las infraestructuras y equipos necesarios para la operaci\u00f3n y el control de los procesos de fabricaci\u00f3n, comercializaci\u00f3n y distribuci\u00f3n de los productos Balflex.<\/li>\n<li>La promoci\u00f3n de la motivaci\u00f3n, participaci\u00f3n y consulta de los colaboradores, fomentando la iniciativa y el trabajo en equipo.<\/li>\n<li>La promoci\u00f3n de un entorno de bienestar, previniendo lesiones y afecciones a la salud de los colaboradores.<\/li>\n<li>La incorporaci\u00f3n de una cultura de seguridad y buenas pr\u00e1cticas medioambientales entre todos los trabajadores.<\/li>\n<li>La b\u00fasqueda de soluciones para mitigar riesgos y eliminar peligros en los puestos de trabajo.<\/li>\n<li>La influencia sobre los proveedores para que adopten comportamientos y pr\u00e1cticas m\u00e1s responsables con el medio ambiente.<\/li>\n<li>La promoci\u00f3n de una cultura de protecci\u00f3n del medio ambiente y desarrollo sostenible.<\/li>\n<li>El cumplimiento de los requisitos legales y reglamentarios aplicables, especialmente en lo relativo al medio ambiente, la seguridad, la higiene y la salud en el trabajo.<\/li>\n<\/ul>\n<p>[\/vc_column_text][\/vc_column][\/vc_row]<\/p>\n","protected":false},"excerpt":{"rendered":"<p>[vc_row unlock_row_content=&#8221;&#8221; row_height_percent=&#8221;0&#8243; override_padding=&#8221;yes&#8221; h_padding=&#8221;0&#8243; top_padding=&#8221;1&#8243; bottom_padding=&#8221;4&#8243; back_image=&#8221;324&#8243; shift_y=&#8221;0&#8243; z_index=&#8221;0&#8243;][vc_column position_horizontal=&#8221;&#8221; align_mobile=&#8221;text-center&#8221; mobile_width=&#8221;11&#8243; shift_x=&#8221;0&#8243; shift_y=&#8221;0&#8243; z_index=&#8221;0&#8243; width=&#8221;1\/1&#8243;][vc_row_inner unlock_row_content=&#8221;&#8221; row_height_percent=&#8221;0&#8243; override_padding=&#8221;yes&#8221; h_padding=&#8221;0&#8243; top_padding=&#8221;4&#8243; bottom_padding=&#8221;4&#8243; shift_y=&#8221;0&#8243; z_index=&#8221;0&#8243;][vc_column_inner position_horizontal=&#8221;&#8221; align_mobile=&#8221;text-center&#8221; mobile_width=&#8221;11&#8243; shift_x=&#8221;0&#8243; shift_y=&#8221;0&#8243; z_index=&#8221;0&#8243; width=&#8221;1\/1&#8243;][vc_custom_heading]Certificaciones Balflex[\/vc_custom_heading][vc_column_text el_class=&#8221;font-weight-light&#8221;]A trav\u00e9s de los a\u00f1os, nuestros productos han cumplido con los est\u00e1ndares industriales comprobados por nuestra lista de aprobaciones t\u00e9cnicas emitidas por [&hellip;]<\/p>\n","protected":false},"author":1,"featured_media":0,"parent":0,"menu_order":0,"comment_status":"closed","ping_status":"closed","template":"","meta":{"footnotes":""},"class_list":["post-2199","page","type-page","status-publish","hentry"],"acf":[],"yoast_head":"<!-- This site is optimized with the Yoast SEO plugin v19.9 - https:\/\/yoast.com\/wordpress\/plugins\/seo\/ -->\n<title>Certificaciones - Balflex<\/title>\n<meta name=\"robots\" content=\"index, follow, max-snippet:-1, max-image-preview:large, max-video-preview:-1\" \/>\n<link rel=\"canonical\" href=\"https:\/\/balflex.com\/es\/certifications\/\" \/>\n<meta property=\"og:locale\" content=\"es_ES\" \/>\n<meta property=\"og:type\" content=\"article\" \/>\n<meta property=\"og:title\" content=\"Certificaciones - Balflex\" \/>\n<meta property=\"og:description\" content=\"[vc_row unlock_row_content=&#8221;&#8221; row_height_percent=&#8221;0&#8243; override_padding=&#8221;yes&#8221; h_padding=&#8221;0&#8243; top_padding=&#8221;1&#8243; bottom_padding=&#8221;4&#8243; back_image=&#8221;324&#8243; shift_y=&#8221;0&#8243; z_index=&#8221;0&#8243;][vc_column position_horizontal=&#8221;&#8221; align_mobile=&#8221;text-center&#8221; mobile_width=&#8221;11&#8243; shift_x=&#8221;0&#8243; shift_y=&#8221;0&#8243; z_index=&#8221;0&#8243; width=&#8221;1\/1&#8243;][vc_row_inner unlock_row_content=&#8221;&#8221; row_height_percent=&#8221;0&#8243; override_padding=&#8221;yes&#8221; h_padding=&#8221;0&#8243; top_padding=&#8221;4&#8243; bottom_padding=&#8221;4&#8243; shift_y=&#8221;0&#8243; z_index=&#8221;0&#8243;][vc_column_inner position_horizontal=&#8221;&#8221; align_mobile=&#8221;text-center&#8221; mobile_width=&#8221;11&#8243; shift_x=&#8221;0&#8243; shift_y=&#8221;0&#8243; z_index=&#8221;0&#8243; width=&#8221;1\/1&#8243;][vc_custom_heading]Certificaciones Balflex[\/vc_custom_heading][vc_column_text el_class=&#8221;font-weight-light&#8221;]A trav\u00e9s de los a\u00f1os, nuestros productos han cumplido con los est\u00e1ndares industriales comprobados por nuestra lista de aprobaciones t\u00e9cnicas emitidas por [&hellip;]\" \/>\n<meta property=\"og:url\" content=\"https:\/\/balflex.com\/es\/certifications\/\" \/>\n<meta property=\"og:site_name\" content=\"Balflex\" \/>\n<meta property=\"article:modified_time\" content=\"2025-08-25T15:42:49+00:00\" \/>\n<meta name=\"twitter:card\" content=\"summary_large_image\" \/>\n<meta name=\"twitter:label1\" content=\"Tiempo de lectura\" \/>\n\t<meta name=\"twitter:data1\" content=\"2 minutos\" \/>\n<script type=\"application\/ld+json\" class=\"yoast-schema-graph\">{\"@context\":\"https:\/\/schema.org\",\"@graph\":[{\"@type\":\"WebPage\",\"@id\":\"https:\/\/balflex.com\/es\/certifications\/\",\"url\":\"https:\/\/balflex.com\/es\/certifications\/\",\"name\":\"Certificaciones - Balflex\",\"isPartOf\":{\"@id\":\"https:\/\/balflex.com\/#website\"},\"datePublished\":\"2022-01-18T11:05:49+00:00\",\"dateModified\":\"2025-08-25T15:42:49+00:00\",\"breadcrumb\":{\"@id\":\"https:\/\/balflex.com\/es\/certifications\/#breadcrumb\"},\"inLanguage\":\"es\",\"potentialAction\":[{\"@type\":\"ReadAction\",\"target\":[\"https:\/\/balflex.com\/es\/certifications\/\"]}]},{\"@type\":\"BreadcrumbList\",\"@id\":\"https:\/\/balflex.com\/es\/certifications\/#breadcrumb\",\"itemListElement\":[{\"@type\":\"ListItem\",\"position\":1,\"name\":\"Home\",\"item\":\"https:\/\/balflex.com\/es\/\"},{\"@type\":\"ListItem\",\"position\":2,\"name\":\"Certificaciones\"}]},{\"@type\":\"WebSite\",\"@id\":\"https:\/\/balflex.com\/#website\",\"url\":\"https:\/\/balflex.com\/\",\"name\":\"Balflex\",\"description\":\"The Hose Best Name You Can Get \u2013 The European Technology\",\"potentialAction\":[{\"@type\":\"SearchAction\",\"target\":{\"@type\":\"EntryPoint\",\"urlTemplate\":\"https:\/\/balflex.com\/?s={search_term_string}\"},\"query-input\":\"required name=search_term_string\"}],\"inLanguage\":\"es\"}]}<\/script>\n<!-- \/ Yoast SEO plugin. -->","yoast_head_json":{"title":"Certificaciones - Balflex","robots":{"index":"index","follow":"follow","max-snippet":"max-snippet:-1","max-image-preview":"max-image-preview:large","max-video-preview":"max-video-preview:-1"},"canonical":"https:\/\/balflex.com\/es\/certifications\/","og_locale":"es_ES","og_type":"article","og_title":"Certificaciones - Balflex","og_description":"[vc_row unlock_row_content=&#8221;&#8221; row_height_percent=&#8221;0&#8243; override_padding=&#8221;yes&#8221; h_padding=&#8221;0&#8243; top_padding=&#8221;1&#8243; bottom_padding=&#8221;4&#8243; back_image=&#8221;324&#8243; shift_y=&#8221;0&#8243; z_index=&#8221;0&#8243;][vc_column position_horizontal=&#8221;&#8221; align_mobile=&#8221;text-center&#8221; mobile_width=&#8221;11&#8243; shift_x=&#8221;0&#8243; shift_y=&#8221;0&#8243; z_index=&#8221;0&#8243; width=&#8221;1\/1&#8243;][vc_row_inner unlock_row_content=&#8221;&#8221; row_height_percent=&#8221;0&#8243; override_padding=&#8221;yes&#8221; h_padding=&#8221;0&#8243; top_padding=&#8221;4&#8243; bottom_padding=&#8221;4&#8243; shift_y=&#8221;0&#8243; z_index=&#8221;0&#8243;][vc_column_inner position_horizontal=&#8221;&#8221; align_mobile=&#8221;text-center&#8221; mobile_width=&#8221;11&#8243; shift_x=&#8221;0&#8243; shift_y=&#8221;0&#8243; z_index=&#8221;0&#8243; width=&#8221;1\/1&#8243;][vc_custom_heading]Certificaciones Balflex[\/vc_custom_heading][vc_column_text el_class=&#8221;font-weight-light&#8221;]A trav\u00e9s de los a\u00f1os, nuestros productos han cumplido con los est\u00e1ndares industriales comprobados por nuestra lista de aprobaciones t\u00e9cnicas emitidas por [&hellip;]","og_url":"https:\/\/balflex.com\/es\/certifications\/","og_site_name":"Balflex","article_modified_time":"2025-08-25T15:42:49+00:00","twitter_card":"summary_large_image","twitter_misc":{"Tiempo de lectura":"2 minutos"},"schema":{"@context":"https:\/\/schema.org","@graph":[{"@type":"WebPage","@id":"https:\/\/balflex.com\/es\/certifications\/","url":"https:\/\/balflex.com\/es\/certifications\/","name":"Certificaciones - Balflex","isPartOf":{"@id":"https:\/\/balflex.com\/#website"},"datePublished":"2022-01-18T11:05:49+00:00","dateModified":"2025-08-25T15:42:49+00:00","breadcrumb":{"@id":"https:\/\/balflex.com\/es\/certifications\/#breadcrumb"},"inLanguage":"es","potentialAction":[{"@type":"ReadAction","target":["https:\/\/balflex.com\/es\/certifications\/"]}]},{"@type":"BreadcrumbList","@id":"https:\/\/balflex.com\/es\/certifications\/#breadcrumb","itemListElement":[{"@type":"ListItem","position":1,"name":"Home","item":"https:\/\/balflex.com\/es\/"},{"@type":"ListItem","position":2,"name":"Certificaciones"}]},{"@type":"WebSite","@id":"https:\/\/balflex.com\/#website","url":"https:\/\/balflex.com\/","name":"Balflex","description":"The Hose Best Name You Can Get \u2013 The European Technology","potentialAction":[{"@type":"SearchAction","target":{"@type":"EntryPoint","urlTemplate":"https:\/\/balflex.com\/?s={search_term_string}"},"query-input":"required name=search_term_string"}],"inLanguage":"es"}]}},"_links":{"self":[{"href":"https:\/\/balflex.com\/es\/wp-json\/wp\/v2\/pages\/2199","targetHints":{"allow":["GET"]}}],"collection":[{"href":"https:\/\/balflex.com\/es\/wp-json\/wp\/v2\/pages"}],"about":[{"href":"https:\/\/balflex.com\/es\/wp-json\/wp\/v2\/types\/page"}],"author":[{"embeddable":true,"href":"https:\/\/balflex.com\/es\/wp-json\/wp\/v2\/users\/1"}],"replies":[{"embeddable":true,"href":"https:\/\/balflex.com\/es\/wp-json\/wp\/v2\/comments?post=2199"}],"version-history":[{"count":9,"href":"https:\/\/balflex.com\/es\/wp-json\/wp\/v2\/pages\/2199\/revisions"}],"predecessor-version":[{"id":19433,"href":"https:\/\/balflex.com\/es\/wp-json\/wp\/v2\/pages\/2199\/revisions\/19433"}],"wp:attachment":[{"href":"https:\/\/balflex.com\/es\/wp-json\/wp\/v2\/media?parent=2199"}],"curies":[{"name":"wp","href":"https:\/\/api.w.org\/{rel}","templated":true}]}}