{"id":1703,"date":"2021-11-17T12:04:23","date_gmt":"2021-11-17T12:04:23","guid":{"rendered":"https:\/\/balflex.com\/?page_id=1703"},"modified":"2022-09-20T17:23:19","modified_gmt":"2022-09-20T17:23:19","slug":"datenschutzrichtlinien","status":"publish","type":"page","link":"https:\/\/balflex.com\/de\/datenschutzrichtlinien\/","title":{"rendered":"Datenschutzrichtlinien"},"content":{"rendered":"<p>[vc_row row_height_percent=&#8221;0&#8243; override_padding=&#8221;yes&#8221; h_padding=&#8221;0&#8243; top_padding=&#8221;3&#8243; bottom_padding=&#8221;3&#8243; shift_y=&#8221;0&#8243; z_index=&#8221;0&#8243;][vc_column position_horizontal=&#8221;&#8221; align_horizontal=&#8221;text-lg-center&#8221; mobile_width=&#8221;0&#8243; shift_x=&#8221;0&#8243; shift_y=&#8221;0&#8243; z_index=&#8221;0&#8243; medium_width=&#8221;0&#8243; width=&#8221;1\/1&#8243;][vc_custom_heading auto_text=&#8221;yes&#8221; heading_semantic=&#8221;h1&#8243; text_size=&#8221;h1&#8243; text_weight=&#8221;font-weight-light&#8221; el_class=&#8221;alternative-font&#8221;]Datenschutzrichtlinien Balflex<sup>\u00ae<\/sup>[\/vc_custom_heading][\/vc_column][\/vc_row][vc_row row_height_percent=&#8221;0&#8243; override_padding=&#8221;yes&#8221; h_padding=&#8221;0&#8243; top_padding=&#8221;1&#8243; bottom_padding=&#8221;3&#8243; shift_y=&#8221;0&#8243; z_index=&#8221;0&#8243; el_class=&#8221;mb-adapt-6&#8243;][vc_column position_horizontal=&#8221;&#8221; mobile_visibility=&#8221;yes&#8221; mobile_width=&#8221;0&#8243; shift_x=&#8221;0&#8243; shift_y=&#8221;0&#8243; z_index=&#8221;0&#8243; medium_visibility=&#8221;yes&#8221; medium_width=&#8221;0&#8243; width=&#8221;1\/6&#8243;][\/vc_column][vc_column width=&#8221;2\/3&#8243;][vc_column_text]Bei balflex.com, das von https:\/\/www.balflex.com\/ aus erreichbar ist, ist eine unserer Hauptpriorit\u00e4ten die Privatsph\u00e4re unserer Besucher. Dieses Datenschutzerkl\u00e4rungsdokument enth\u00e4lt Arten von Informationen, die von balflex.com gesammelt und aufgezeichnet werden, und wie wir sie verwenden.<\/p>\n<p>Wenn Sie weitere Fragen haben oder weitere Informationen zu unserer Datenschutzerkl\u00e4rung ben\u00f6tigen, z\u00f6gern Sie nicht, uns zu kontaktieren. Diese Datenschutzerkl\u00e4rung gilt nur f\u00fcr unsere Online-Aktivit\u00e4ten und gilt f\u00fcr Besucher unserer Website in Bezug auf die Informationen, die sie auf balflex.com geteilt und\/oder gesammelt haben. Diese Richtlinie gilt nicht f\u00fcr Informationen, die offline oder \u00fcber andere Kan\u00e4le als diese Website gesammelt werden. Unsere Datenschutzerkl\u00e4rung wurde mit Hilfe von https:\/\/www.generateprivacypolicy.com erstellt.<\/p>\n<p><strong>Einwilligen<\/strong><\/p>\n<p>Durch die Nutzung unserer Website stimmen Sie hiermit unserer Datenschutzerkl\u00e4rung zu und stimmen deren Bedingungen zu.<\/p>\n<p><strong>Informationen, die wir sammeln<\/strong><\/p>\n<p>Die personenbezogenen Daten, um deren Bereitstellung Sie gebeten werden, und die Gr\u00fcnde, aus denen Sie gebeten werden, werden Ihnen an dem Punkt klargestellt, an dem wir Sie bitten, Ihre personenbezogenen Daten anzugeben. Wenn Sie uns direkt kontaktieren, erhalten wir m\u00f6glicherweise zus\u00e4tzliche Informationen \u00fcber Sie, wie Ihren Namen, Ihre E-Mail-Adresse, Ihre Telefonnummer, den Inhalt der Nachricht und\/oder Anh\u00e4nge, die Sie uns senden, und alle anderen Informationen, die Sie uns zur Verf\u00fcgung stellen. Wenn Sie sich f\u00fcr ein Konto registrieren, fragen wir Sie m\u00f6glicherweise nach Ihren Kontaktinformationen, einschlie\u00dflich Elementen wie Name, Firmenname, Adresse, E-Mail-Adresse und Telefonnummer.<\/p>\n<p><strong>Wie wir Ihre Daten verwenden<\/strong><\/p>\n<p>Wir verwenden die von uns gesammelten Informationen auf verschiedene Weise, einschlie\u00dflich: Bereitstellung, Betrieb und Wartung unserer Website; Verbesserung, Personalisierung und Erweiterung unserer Website; zu verstehen und zu analysieren, wie Sie unsere Website nutzen; Entwicklung neuer Produkte, Dienstleistungen, Funktionalit\u00e4t und Funktionen; Kommunikation mit Ihnen, entweder direkt oder \u00fcber einen unserer Partner, einschlie\u00dflich f\u00fcr den Kundendienst, um Ihnen Updates und andere Informationen in Bezug auf die Website zur Verf\u00fcgung zu stellen und f\u00fcr Marketing- und Werbezwecke; Ihnen E-Mails zu senden; Finden und verhindern von Betrug<\/p>\n<p><strong>Log-Dateien<\/strong><\/p>\n<p>Balflex.com folgt einem Standardverfahren zur Verwendung von Protokolldateien. Diese Dateien protokollieren Besucher, wenn sie die Website besuchen. Alle Hosting-Unternehmen tun dies und sind Teil der Analyse von Hosting-Diensten. Zu den von Protokolldateien gesammelten Informationen geh\u00f6ren Internetprotokolladressen (IP-Adressen), Browsertyp, Internetdienstanbieter (ISP), Datum- und Zeitstempel, Verweis- \/ Ausstiegsseiten und m\u00f6glicherweise die Anzahl der Klicks. Diese sind nicht mit Informationen verkn\u00fcpft, die pers\u00f6nlich identifizierbar sind. Der Zweck der Informationen besteht darin, Trends zu analysieren, die Website zu verwalten, die Bewegung der Benutzer auf der Website zu verfolgen und demografische Informationen zu sammeln.<\/p>\n<p><strong>Cookies und Web Beacons<\/strong><\/p>\n<p>Wie jede andere Website verwendet balflex.com &#8220;Cookies&#8221;. Diese Cookies werden verwendet, um Informationen zu speichern, einschlie\u00dflich der Pr\u00e4ferenzen der Besucher und der Seiten auf der Website, auf die der Besucher zugegriffen oder die er besucht hat. Die Informationen werden verwendet, um die Benutzererfahrung zu optimieren, indem der Inhalt unserer Website basierend auf dem Browsertyp der Besucher und \/ oder anderen Informationen angepasst wird.<\/p>\n<p><strong>Datenschutzrichtlinien f\u00fcr Werbepartner<\/strong><\/p>\n<p>Sie k\u00f6nnen diese Liste konsultieren, um die Datenschutzrichtlinie f\u00fcr jeden der Werbepartner von balflex.com zu finden. Ad-Server oder Ad-Netzwerke von Drittanbietern verwenden Technologien wie Cookies, JavaScript oder Web Beacons, die in ihren jeweiligen Anzeigen und Links verwendet werden, die auf balflex.com erscheinen und direkt an den Browser der Benutzer gesendet werden. Sie erhalten automatisch Ihre IP-Adresse, wenn dies geschieht. Diese Technologien werden verwendet, um die Wirksamkeit ihrer Werbekampagnen zu messen und\/oder die Werbeinhalte zu personalisieren, die Sie auf den von Ihnen besuchten Websites sehen.<\/p>\n<p>Beachten Sie, dass balflex.com keinen Zugriff auf oder Kontrolle \u00fcber diese Cookies hat, die von Drittanbietern verwendet werden.<\/p>\n<p><strong>Datenschutzrichtlinien von Drittanbietern<\/strong><\/p>\n<p>Die Datenschutzrichtlinie von Balflex.com gilt nicht f\u00fcr andere Werbetreibende oder Websites. Daher empfehlen wir Ihnen, die jeweiligen Datenschutzrichtlinien dieser Ad-Server von Drittanbietern f\u00fcr detailliertere Informationen zu konsultieren. Es kann ihre Praktiken und Anweisungen enthalten, wie Sie bestimmte Optionen ablehnen k\u00f6nnen. Sie k\u00f6nnen Cookies \u00fcber Ihre individuellen Browseroptionen deaktivieren. Um detailliertere Informationen \u00fcber die Cookie-Verwaltung mit bestimmten Webbrowsern zu erfahren, finden Sie diese auf den jeweiligen Websites der Browser.<\/p>\n<p><strong>DSGVO Datenschutzrechte<\/strong><\/p>\n<p>Wir m\u00f6chten sicherstellen, dass Sie sich \u00fcber alle Ihre Datenschutzrechte im Klaren sind. Jeder Nutzer hat Anspruch auf: Das Recht auf Zugang \u2013 Sie haben das Recht, Kopien Ihrer personenbezogenen Daten anzufordern. Wir k\u00f6nnen Ihnen eine geringe Geb\u00fchr f\u00fcr diesen Service berechnen. Das Recht auf Berichtigung \u2013 Sie haben das Recht zu verlangen, dass wir alle Informationen korrigieren, die Sie f\u00fcr unrichtig halten. Sie haben auch das Recht zu verlangen, dass wir die Informationen vervollst\u00e4ndigen, die Sie f\u00fcr unvollst\u00e4ndig halten. Das Recht auf L\u00f6schung \u2013 Sie haben das Recht, unter bestimmten Bedingungen zu verlangen, dass wir Ihre personenbezogenen Daten l\u00f6schen. Das Recht auf Einschr\u00e4nkung der Verarbeitung \u2013 Sie haben das Recht zu verlangen, dass wir die Verarbeitung Ihrer personenbezogenen Daten unter bestimmten Bedingungen einschr\u00e4nken. Das Recht, der Verarbeitung zu widersprechen \u2013 Sie haben das Recht, der Verarbeitung Ihrer personenbezogenen Daten durch uns unter bestimmten Bedingungen zu widersprechen. Das Recht auf Daten\u00fcbertragbarkeit \u2013 Sie haben das Recht zu verlangen, dass wir die von uns gesammelten Daten unter bestimmten Bedingungen an eine andere Organisation oder direkt an Sie \u00fcbermitteln. Wenn Sie eine Anfrage stellen, haben wir einen Monat Zeit, um Ihnen zu antworten. Wenn Sie eines dieser Rechte aus\u00fcben m\u00f6chten, kontaktieren Sie uns bitte<\/p>\n<p><strong>Informationen f\u00fcr Kinder<\/strong><\/p>\n<p>Ein weiterer Teil unserer Priorit\u00e4t ist der Schutz von Kindern bei der Nutzung des Internets. Wir ermutigen Eltern und Erziehungsberechtigte, ihre Online-Aktivit\u00e4ten zu beobachten, daran teilzunehmen und \/ oder zu \u00fcberwachen und zu leiten. Balflex.com sammelt wissentlich keine personenbezogenen Daten von Kindern unter 13 Jahren. Wenn Sie der Meinung sind, dass Ihr Kind diese Art von Informationen auf unserer Website zur Verf\u00fcgung gestellt hat, empfehlen wir Ihnen dringend, uns unverz\u00fcglich zu kontaktieren, und wir werden uns nach besten Kr\u00e4ften bem\u00fchen, diese Informationen unverz\u00fcglich aus unseren Aufzeichnungen zu entfernen.[\/vc_column_text][\/vc_column][vc_column position_horizontal=&#8221;&#8221; mobile_visibility=&#8221;yes&#8221; mobile_width=&#8221;0&#8243; shift_x=&#8221;0&#8243; shift_y=&#8221;0&#8243; z_index=&#8221;0&#8243; medium_visibility=&#8221;yes&#8221; medium_width=&#8221;0&#8243; width=&#8221;1\/6&#8243;][\/vc_column][\/vc_row]<\/p>\n","protected":false},"excerpt":{"rendered":"<p>[vc_row row_height_percent=&#8221;0&#8243; override_padding=&#8221;yes&#8221; h_padding=&#8221;0&#8243; top_padding=&#8221;3&#8243; bottom_padding=&#8221;3&#8243; shift_y=&#8221;0&#8243; z_index=&#8221;0&#8243;][vc_column position_horizontal=&#8221;&#8221; align_horizontal=&#8221;text-lg-center&#8221; mobile_width=&#8221;0&#8243; shift_x=&#8221;0&#8243; shift_y=&#8221;0&#8243; z_index=&#8221;0&#8243; medium_width=&#8221;0&#8243; width=&#8221;1\/1&#8243;][vc_custom_heading auto_text=&#8221;yes&#8221; heading_semantic=&#8221;h1&#8243; text_size=&#8221;h1&#8243; text_weight=&#8221;font-weight-light&#8221; el_class=&#8221;alternative-font&#8221;]Datenschutzrichtlinien Balflex\u00ae[\/vc_custom_heading][\/vc_column][\/vc_row][vc_row row_height_percent=&#8221;0&#8243; override_padding=&#8221;yes&#8221; h_padding=&#8221;0&#8243; top_padding=&#8221;1&#8243; bottom_padding=&#8221;3&#8243; shift_y=&#8221;0&#8243; z_index=&#8221;0&#8243; el_class=&#8221;mb-adapt-6&#8243;][vc_column position_horizontal=&#8221;&#8221; mobile_visibility=&#8221;yes&#8221; mobile_width=&#8221;0&#8243; shift_x=&#8221;0&#8243; shift_y=&#8221;0&#8243; z_index=&#8221;0&#8243; medium_visibility=&#8221;yes&#8221; medium_width=&#8221;0&#8243; width=&#8221;1\/6&#8243;][\/vc_column][vc_column width=&#8221;2\/3&#8243;][vc_column_text]Bei balflex.com, das von https:\/\/www.balflex.com\/ aus erreichbar ist, ist eine unserer Hauptpriorit\u00e4ten die Privatsph\u00e4re unserer Besucher. [&hellip;]<\/p>\n","protected":false},"author":1,"featured_media":0,"parent":0,"menu_order":0,"comment_status":"closed","ping_status":"closed","template":"","meta":{"footnotes":""},"class_list":["post-1703","page","type-page","status-publish","hentry"],"acf":[],"yoast_head":"<!-- This site is optimized with the Yoast SEO plugin v19.9 - https:\/\/yoast.com\/wordpress\/plugins\/seo\/ -->\n<title>Datenschutzrichtlinien - Balflex<\/title>\n<meta name=\"robots\" content=\"index, follow, max-snippet:-1, max-image-preview:large, max-video-preview:-1\" \/>\n<link rel=\"canonical\" href=\"https:\/\/balflex.com\/de\/datenschutzrichtlinien\/\" \/>\n<meta property=\"og:locale\" content=\"de_DE\" \/>\n<meta property=\"og:type\" content=\"article\" \/>\n<meta property=\"og:title\" content=\"Datenschutzrichtlinien - Balflex\" \/>\n<meta property=\"og:description\" content=\"[vc_row row_height_percent=&#8221;0&#8243; override_padding=&#8221;yes&#8221; h_padding=&#8221;0&#8243; top_padding=&#8221;3&#8243; bottom_padding=&#8221;3&#8243; shift_y=&#8221;0&#8243; z_index=&#8221;0&#8243;][vc_column position_horizontal=&#8221;&#8221; align_horizontal=&#8221;text-lg-center&#8221; mobile_width=&#8221;0&#8243; shift_x=&#8221;0&#8243; shift_y=&#8221;0&#8243; z_index=&#8221;0&#8243; medium_width=&#8221;0&#8243; width=&#8221;1\/1&#8243;][vc_custom_heading auto_text=&#8221;yes&#8221; heading_semantic=&#8221;h1&#8243; text_size=&#8221;h1&#8243; text_weight=&#8221;font-weight-light&#8221; el_class=&#8221;alternative-font&#8221;]Datenschutzrichtlinien Balflex\u00ae[\/vc_custom_heading][\/vc_column][\/vc_row][vc_row row_height_percent=&#8221;0&#8243; override_padding=&#8221;yes&#8221; h_padding=&#8221;0&#8243; top_padding=&#8221;1&#8243; bottom_padding=&#8221;3&#8243; shift_y=&#8221;0&#8243; z_index=&#8221;0&#8243; el_class=&#8221;mb-adapt-6&#8243;][vc_column position_horizontal=&#8221;&#8221; mobile_visibility=&#8221;yes&#8221; mobile_width=&#8221;0&#8243; shift_x=&#8221;0&#8243; shift_y=&#8221;0&#8243; z_index=&#8221;0&#8243; medium_visibility=&#8221;yes&#8221; medium_width=&#8221;0&#8243; width=&#8221;1\/6&#8243;][\/vc_column][vc_column width=&#8221;2\/3&#8243;][vc_column_text]Bei balflex.com, das von https:\/\/www.balflex.com\/ aus erreichbar ist, ist eine unserer Hauptpriorit\u00e4ten die Privatsph\u00e4re unserer Besucher. [&hellip;]\" \/>\n<meta property=\"og:url\" content=\"https:\/\/balflex.com\/de\/datenschutzrichtlinien\/\" \/>\n<meta property=\"og:site_name\" content=\"Balflex\" \/>\n<meta property=\"article:modified_time\" content=\"2022-09-20T17:23:19+00:00\" \/>\n<meta name=\"twitter:card\" content=\"summary_large_image\" \/>\n<meta name=\"twitter:label1\" content=\"Gesch\u00e4tzte Lesezeit\" \/>\n\t<meta name=\"twitter:data1\" content=\"6\u00a0Minuten\" \/>\n<script type=\"application\/ld+json\" class=\"yoast-schema-graph\">{\"@context\":\"https:\/\/schema.org\",\"@graph\":[{\"@type\":\"WebPage\",\"@id\":\"https:\/\/balflex.com\/de\/datenschutzrichtlinien\/\",\"url\":\"https:\/\/balflex.com\/de\/datenschutzrichtlinien\/\",\"name\":\"Datenschutzrichtlinien - Balflex\",\"isPartOf\":{\"@id\":\"https:\/\/balflex.com\/#website\"},\"datePublished\":\"2021-11-17T12:04:23+00:00\",\"dateModified\":\"2022-09-20T17:23:19+00:00\",\"breadcrumb\":{\"@id\":\"https:\/\/balflex.com\/de\/datenschutzrichtlinien\/#breadcrumb\"},\"inLanguage\":\"de\",\"potentialAction\":[{\"@type\":\"ReadAction\",\"target\":[\"https:\/\/balflex.com\/de\/datenschutzrichtlinien\/\"]}]},{\"@type\":\"BreadcrumbList\",\"@id\":\"https:\/\/balflex.com\/de\/datenschutzrichtlinien\/#breadcrumb\",\"itemListElement\":[{\"@type\":\"ListItem\",\"position\":1,\"name\":\"Home\",\"item\":\"https:\/\/balflex.com\/de\/\"},{\"@type\":\"ListItem\",\"position\":2,\"name\":\"Datenschutzrichtlinien\"}]},{\"@type\":\"WebSite\",\"@id\":\"https:\/\/balflex.com\/#website\",\"url\":\"https:\/\/balflex.com\/\",\"name\":\"Balflex\",\"description\":\"The Hose Best Name You Can Get \u2013 The European Technology\",\"potentialAction\":[{\"@type\":\"SearchAction\",\"target\":{\"@type\":\"EntryPoint\",\"urlTemplate\":\"https:\/\/balflex.com\/?s={search_term_string}\"},\"query-input\":\"required name=search_term_string\"}],\"inLanguage\":\"de\"}]}<\/script>\n<!-- \/ Yoast SEO plugin. -->","yoast_head_json":{"title":"Datenschutzrichtlinien - Balflex","robots":{"index":"index","follow":"follow","max-snippet":"max-snippet:-1","max-image-preview":"max-image-preview:large","max-video-preview":"max-video-preview:-1"},"canonical":"https:\/\/balflex.com\/de\/datenschutzrichtlinien\/","og_locale":"de_DE","og_type":"article","og_title":"Datenschutzrichtlinien - Balflex","og_description":"[vc_row row_height_percent=&#8221;0&#8243; override_padding=&#8221;yes&#8221; h_padding=&#8221;0&#8243; top_padding=&#8221;3&#8243; bottom_padding=&#8221;3&#8243; shift_y=&#8221;0&#8243; z_index=&#8221;0&#8243;][vc_column position_horizontal=&#8221;&#8221; align_horizontal=&#8221;text-lg-center&#8221; mobile_width=&#8221;0&#8243; shift_x=&#8221;0&#8243; shift_y=&#8221;0&#8243; z_index=&#8221;0&#8243; medium_width=&#8221;0&#8243; width=&#8221;1\/1&#8243;][vc_custom_heading auto_text=&#8221;yes&#8221; heading_semantic=&#8221;h1&#8243; text_size=&#8221;h1&#8243; text_weight=&#8221;font-weight-light&#8221; el_class=&#8221;alternative-font&#8221;]Datenschutzrichtlinien Balflex\u00ae[\/vc_custom_heading][\/vc_column][\/vc_row][vc_row row_height_percent=&#8221;0&#8243; override_padding=&#8221;yes&#8221; h_padding=&#8221;0&#8243; top_padding=&#8221;1&#8243; bottom_padding=&#8221;3&#8243; shift_y=&#8221;0&#8243; z_index=&#8221;0&#8243; el_class=&#8221;mb-adapt-6&#8243;][vc_column position_horizontal=&#8221;&#8221; mobile_visibility=&#8221;yes&#8221; mobile_width=&#8221;0&#8243; shift_x=&#8221;0&#8243; shift_y=&#8221;0&#8243; z_index=&#8221;0&#8243; medium_visibility=&#8221;yes&#8221; medium_width=&#8221;0&#8243; width=&#8221;1\/6&#8243;][\/vc_column][vc_column width=&#8221;2\/3&#8243;][vc_column_text]Bei balflex.com, das von https:\/\/www.balflex.com\/ aus erreichbar ist, ist eine unserer Hauptpriorit\u00e4ten die Privatsph\u00e4re unserer Besucher. [&hellip;]","og_url":"https:\/\/balflex.com\/de\/datenschutzrichtlinien\/","og_site_name":"Balflex","article_modified_time":"2022-09-20T17:23:19+00:00","twitter_card":"summary_large_image","twitter_misc":{"Gesch\u00e4tzte Lesezeit":"6\u00a0Minuten"},"schema":{"@context":"https:\/\/schema.org","@graph":[{"@type":"WebPage","@id":"https:\/\/balflex.com\/de\/datenschutzrichtlinien\/","url":"https:\/\/balflex.com\/de\/datenschutzrichtlinien\/","name":"Datenschutzrichtlinien - Balflex","isPartOf":{"@id":"https:\/\/balflex.com\/#website"},"datePublished":"2021-11-17T12:04:23+00:00","dateModified":"2022-09-20T17:23:19+00:00","breadcrumb":{"@id":"https:\/\/balflex.com\/de\/datenschutzrichtlinien\/#breadcrumb"},"inLanguage":"de","potentialAction":[{"@type":"ReadAction","target":["https:\/\/balflex.com\/de\/datenschutzrichtlinien\/"]}]},{"@type":"BreadcrumbList","@id":"https:\/\/balflex.com\/de\/datenschutzrichtlinien\/#breadcrumb","itemListElement":[{"@type":"ListItem","position":1,"name":"Home","item":"https:\/\/balflex.com\/de\/"},{"@type":"ListItem","position":2,"name":"Datenschutzrichtlinien"}]},{"@type":"WebSite","@id":"https:\/\/balflex.com\/#website","url":"https:\/\/balflex.com\/","name":"Balflex","description":"The Hose Best Name You Can Get \u2013 The European Technology","potentialAction":[{"@type":"SearchAction","target":{"@type":"EntryPoint","urlTemplate":"https:\/\/balflex.com\/?s={search_term_string}"},"query-input":"required name=search_term_string"}],"inLanguage":"de"}]}},"_links":{"self":[{"href":"https:\/\/balflex.com\/de\/wp-json\/wp\/v2\/pages\/1703","targetHints":{"allow":["GET"]}}],"collection":[{"href":"https:\/\/balflex.com\/de\/wp-json\/wp\/v2\/pages"}],"about":[{"href":"https:\/\/balflex.com\/de\/wp-json\/wp\/v2\/types\/page"}],"author":[{"embeddable":true,"href":"https:\/\/balflex.com\/de\/wp-json\/wp\/v2\/users\/1"}],"replies":[{"embeddable":true,"href":"https:\/\/balflex.com\/de\/wp-json\/wp\/v2\/comments?post=1703"}],"version-history":[{"count":9,"href":"https:\/\/balflex.com\/de\/wp-json\/wp\/v2\/pages\/1703\/revisions"}],"predecessor-version":[{"id":2650,"href":"https:\/\/balflex.com\/de\/wp-json\/wp\/v2\/pages\/1703\/revisions\/2650"}],"wp:attachment":[{"href":"https:\/\/balflex.com\/de\/wp-json\/wp\/v2\/media?parent=1703"}],"curies":[{"name":"wp","href":"https:\/\/api.w.org\/{rel}","templated":true}]}}