{"id":1694,"date":"2021-11-24T14:57:29","date_gmt":"2021-11-24T14:57:29","guid":{"rendered":"https:\/\/balflex.com\/?page_id=1694"},"modified":"2022-09-07T17:02:46","modified_gmt":"2022-09-07T17:02:46","slug":"allgemeine-geschaeftsbedingungen","status":"publish","type":"page","link":"https:\/\/balflex.com\/de\/allgemeine-geschaeftsbedingungen\/","title":{"rendered":"Allgemeine Gesch\u00e4ftsbedingungen"},"content":{"rendered":"<p>[vc_row row_height_percent=&#8221;0&#8243; override_padding=&#8221;yes&#8221; h_padding=&#8221;0&#8243; top_padding=&#8221;3&#8243; bottom_padding=&#8221;3&#8243; shift_y=&#8221;0&#8243; z_index=&#8221;0&#8243;][vc_column position_horizontal=&#8221;&#8221; align_horizontal=&#8221;text-lg-center&#8221; mobile_width=&#8221;0&#8243; shift_x=&#8221;0&#8243; shift_y=&#8221;0&#8243; z_index=&#8221;0&#8243; medium_width=&#8221;0&#8243; width=&#8221;1\/1&#8243;][vc_custom_heading auto_text=&#8221;yes&#8221; heading_semantic=&#8221;h1&#8243; text_size=&#8221;h1&#8243; text_weight=&#8221;font-weight-light&#8221; el_class=&#8221;alternative-font&#8221;]Allgemeine Gesch\u00e4ftsbedingungen[\/vc_custom_heading][\/vc_column][\/vc_row][vc_row row_height_percent=&#8221;0&#8243; override_padding=&#8221;yes&#8221; h_padding=&#8221;0&#8243; top_padding=&#8221;1&#8243; bottom_padding=&#8221;3&#8243; shift_y=&#8221;0&#8243; z_index=&#8221;0&#8243; el_class=&#8221;mb-adapt-6&#8243;][vc_column position_horizontal=&#8221;&#8221; mobile_visibility=&#8221;yes&#8221; mobile_width=&#8221;0&#8243; shift_x=&#8221;0&#8243; shift_y=&#8221;0&#8243; z_index=&#8221;0&#8243; medium_visibility=&#8221;yes&#8221; medium_width=&#8221;0&#8243; width=&#8221;1\/6&#8243;][\/vc_column][vc_column width=&#8221;2\/3&#8243;][vc_column_text]<strong>Willkommen bei Balflex\u00ae!<\/strong><\/p>\n<p>Diese Allgemeinen Gesch\u00e4ftsbedingungen beschreiben die Regeln und Vorschriften f\u00fcr die Nutzung der Website von Balflex\u00ae, die sich unter http:\/\/www.Balflex.com\/ befindet. Durch den Zugriff auf diese Website gehen wir davon aus, dass Sie diese Allgemeinen Gesch\u00e4ftsbedingungen akzeptieren. Verwenden Sie Balflex\u00ae nicht weiter, wenn Sie nicht damit einverstanden sind, alle auf dieser Seite angegebenen Bedingungen einzuhalten. Die folgende Terminologie gilt f\u00fcr diese Allgemeinen Gesch\u00e4ftsbedingungen, die Datenschutzerkl\u00e4rung und den Haftungsausschluss sowie alle Vereinbarungen: &#8220;Kunde&#8221;, &#8220;Sie&#8221; und &#8220;Ihr&#8221; bezieht sich auf Sie, die Person, die sich auf dieser Website anmeldet und den Allgemeinen Gesch\u00e4ftsbedingungen des Unternehmens entspricht. &#8220;Das Unternehmen&#8221;, &#8220;Wir selbst&#8221;, &#8220;Wir&#8221;, &#8220;Unser&#8221; und &#8220;Uns&#8221; bezieht sich auf unser Unternehmen. &#8220;Partei&#8221;, &#8220;Parteien&#8221; oder &#8220;Uns&#8221; bezieht sich sowohl auf den Kunden als auch auf uns selbst. Alle Bedingungen beziehen sich auf das Angebot, die Annahme und die Gegenleistung von Zahlungen, die erforderlich sind, um den Prozess unserer Unterst\u00fctzung des Kunden in der am besten geeigneten Weise durchzuf\u00fchren, um die Bed\u00fcrfnisse des Kunden in Bezug auf die Erbringung der angegebenen Dienstleistungen des Unternehmens in \u00dcbereinstimmung mit und vorbehaltlich des geltenden Rechts Portugals zu erf\u00fcllen. Jede Verwendung der obigen Terminologie oder anderer W\u00f6rter im Singular, Plural, Gro\u00df- und Kleinschreibung und \/ oder er \/ sie oder sie werden als austauschbar angesehen und beziehen sich daher auf diese.<\/p>\n<p><strong>Cookies<\/strong><\/p>\n<p>Wir verwenden Cookies. Durch den Zugriff auf Balflex\u00ae haben Sie zugestimmt, Cookies in \u00dcbereinstimmung mit der Datenschutzerkl\u00e4rung von Balflex\u00ae zu verwenden. Die meisten interaktiven Websites verwenden Cookies, damit wir die Daten des Benutzers f\u00fcr jeden Besuch abrufen k\u00f6nnen. Cookies werden von unserer Website verwendet, um die Funktionalit\u00e4t bestimmter Bereiche zu erm\u00f6glichen, um den Besuch unserer Website zu erleichtern. Einige unserer Werbepartner k\u00f6nnen auch Cookies verwenden.<\/p>\n<p><strong>Lizenz<\/strong><\/p>\n<p>Sofern nicht anders angegeben, besitzen Balflex\u00ae und\/oder seine Lizenzgeber die geistigen Eigentumsrechte an allen Materialien auf Balflex\u00ae. Alle Rechte an geistigem Eigentum sind vorbehalten. Sie k\u00f6nnen von Balflex\u00ae aus f\u00fcr Ihren pers\u00f6nlichen Gebrauch darauf zugreifen, vorbehaltlich der in diesen Allgemeinen Gesch\u00e4ftsbedingungen festgelegten Einschr\u00e4nkungen.<\/p>\n<p>Sie d\u00fcrfen nicht:<\/p>\n<p>Material von Balflex\u00ae erneut ver\u00f6ffentlichen; Verkaufen, Mieten oder Unterlizenzieren von Material von Balflex\u00ae; Reproduzieren, Duplizieren oder Kopieren von Material aus Balflex\u00ae; Weiterverbreitung von Inhalten aus Balflex\u00ae; Teile dieser Website bieten den Nutzern die M\u00f6glichkeit, Meinungen und Informationen in bestimmten Bereichen der Website zu ver\u00f6ffentlichen und auszutauschen. Balflex\u00ae filtert, bearbeitet, ver\u00f6ffentlicht oder \u00fcberpr\u00fcft Kommentare nicht, bevor sie auf der Website vorhanden sind. Kommentare spiegeln nicht die Ansichten und Meinungen von Balflex\u00ae, seinen Vertretern und\/oder verbundenen Unternehmen wider. Kommentare spiegeln die Ansichten und Meinungen der Person wider, die ihre Ansichten und Meinungen ver\u00f6ffentlicht. Soweit dies nach geltendem Recht zul\u00e4ssig ist, haftet Balflex\u00ae nicht f\u00fcr die Kommentare oder f\u00fcr Haftungen, Sch\u00e4den oder Ausgaben, die durch die Nutzung und\/oder Ver\u00f6ffentlichung und\/oder das Erscheinen der Kommentare auf dieser Website verursacht und\/oder erlitten werden. Balflex\u00ae beh\u00e4lt sich das Recht vor, alle Kommentare zu \u00fcberwachen und Kommentare zu entfernen, die als unangemessen, beleidigend oder als Versto\u00df gegen diese Allgemeinen Gesch\u00e4ftsbedingungen angesehen werden k\u00f6nnen.<\/p>\n<p>Sie garantieren und erkl\u00e4ren, dass:<\/p>\n<p>Sie sind berechtigt, die Kommentare auf unserer Website zu ver\u00f6ffentlichen und verf\u00fcgen \u00fcber alle erforderlichen Lizenzen und Zustimmungen dazu.<\/p>\n<p>Die Kommentare verletzen keine Rechte an geistigem Eigentum, einschlie\u00dflich, aber nicht beschr\u00e4nkt auf Urheberrechte, Patente oder Marken Dritter.<\/p>\n<p>Die Kommentare enthalten kein diffamierendes, verleumderisches, beleidigendes, unanst\u00e4ndiges oder anderweitig rechtswidriges Material, das eine Verletzung der Privatsph\u00e4re darstellt.<\/p>\n<p>Die Kommentare werden nicht verwendet, um Gesch\u00e4fte oder Gewohnheiten anzufordern oder zu f\u00f6rdern oder kommerzielle Aktivit\u00e4ten oder rechtswidrige Aktivit\u00e4ten zu pr\u00e4sentieren.<\/p>\n<p>Sie gew\u00e4hren Balflex\u00ae hiermit eine nicht ausschlie\u00dfliche Lizenz zur Nutzung, Reproduktion, Bearbeitung und Autorisierung anderer, Ihre Kommentare in allen Formen, Formaten oder Medien zu verwenden, zu reproduzieren und zu bearbeiten.<\/p>\n<p><strong>Hyperlinks zu unseren Inhalten<\/strong><\/p>\n<p>Die folgenden Organisationen k\u00f6nnen ohne vorherige schriftliche Genehmigung auf unsere Website verlinken:<br \/>\nRegierungsbeh\u00f6rden<br \/>\nSuchmaschinen<br \/>\nNachrichtenorganisationen<\/p>\n<p>Online-Verzeichnisverteiler k\u00f6nnen auf unsere Website auf die gleiche Weise verlinken wie Hyperlinks zu den Websites anderer aufgef\u00fchrter Unternehmen und systemweit akkreditierte Unternehmen, mit Ausnahme von gemeinn\u00fctzigen Organisationen, Wohlt\u00e4tigkeits-Einkaufszentren und Wohlt\u00e4tigkeits-Fundraising-Gruppen, die m\u00f6glicherweise nicht auf unsere Website verlinken.<\/p>\n<p>Diese Organisationen k\u00f6nnen auf unsere Homepage, auf Ver\u00f6ffentlichungen oder auf andere Website-Informationen verlinken, solange der Link: (a) in keiner Weise irref\u00fchrend ist; (b) nicht f\u00e4lschlicherweise Sponsoring, Billigung oder Genehmigung der verlinkenden Partei und ihrer Produkte und\/oder Dienstleistungen impliziert; und (c) in den Kontext der verlinkenden Seite passt.<\/p>\n<p>Wir k\u00f6nnen andere Link-Anfragen von den folgenden Arten von Organisationen ber\u00fccksichtigen und genehmigen:<br \/>\nallgemein bekannte Verbraucher- und\/oder Gesch\u00e4ftsinformationsquellen<br \/>\ndot.com Community-Websites; Verb\u00e4nde oder andere Gruppen, die Wohlt\u00e4tigkeitsorganisationen vertreten<br \/>\nOnline-Verzeichnisverteiler<br \/>\nInternetportale<\/p>\n<p>Wirtschaftspr\u00fcfungs-, Rechts- und Beratungsgesellschaften und Bildungseinrichtungen und Berufsverb\u00e4nde.<\/p>\n<p>Wir werden Linkanfragen von diesen Organisationen genehmigen, wenn wir entscheiden, dass (a) der Link uns nicht dazu bringen w\u00fcrde, uns selbst oder unsere akkreditierten Unternehmen ung\u00fcnstig zu sehen<\/p>\n<p>(b) die Organisation keine negativen Aufzeichnungen bei uns hat (c) der Nutzen f\u00fcr uns aus der Sichtbarkeit des Hyperlinks kompensiert das Fehlen von Balflex\u00ae und (d) der Link steht im Kontext allgemeiner Ressourceninformationen.<\/p>\n<p>Diese Organisationen k\u00f6nnen auf unsere Homepage verlinken, solange der Link (a) in keiner Weise irref\u00fchrend ist (b) nicht f\u00e4lschlicherweise Sponsoring, Billigung oder Genehmigung der verlinkenden Partei und ihrer Produkte oder Dienstleistungen impliziert und (c) in den Kontext der verlinkenden Seite passt.<\/p>\n<p>Wenn Sie eine der in Absatz 2 oben aufgef\u00fchrten Organisationen sind und daran interessiert sind, auf unsere Website zu verlinken, m\u00fcssen Sie uns dies mitteilen, indem Sie eine E-Mail an Balflex\u00ae senden. Bitte geben Sie Ihren Namen, den Namen Ihrer Organisation, Kontaktinformationen sowie die URL Ihrer Website, eine Liste aller URLs, von denen aus Sie auf unsere Website verlinken m\u00f6chten, und eine Liste der URLs auf unserer Website an, auf die Sie verlinken m\u00f6chten. Warten Sie 2-3 Wochen auf eine Antwort.<\/p>\n<p>Zugelassene Organisationen k\u00f6nnen wie folgt auf unsere Website verlinken:<\/p>\n<p>Durch Verwendung unseres Firmennamens oder durch Verwendung des einheitlichen Ressourcenfinders, mit dem verkn\u00fcpft ist oder durch die Verwendung einer anderen Beschreibung unserer Website, auf die verlinkt wird, ist dies im Kontext und Format des Inhalts auf der Website der verlinkenden Partei sinnvoll.<br \/>\nDie Verwendung des Logos von Balflex\u00ae oder anderer Kunstwerke zur Verlinkung ist ohne eine Markenlizenzvereinbarung nicht gestattet.<\/p>\n<p><strong>Rahmen<\/strong><\/p>\n<p>Ohne vorherige Genehmigung und schriftliche Genehmigung d\u00fcrfen Sie keine Rahmen um unsere Webseiten erstellen, die die visuelle Darstellung oder das Erscheinungsbild unserer Website in irgendeiner Weise ver\u00e4ndern.<\/p>\n<p><strong>Haftung f\u00fcr Inhalte<\/strong><\/p>\n<p>Wir sind nicht verantwortlich f\u00fcr Inhalte, die auf Ihrer Website erscheinen. Sie erkl\u00e4ren sich damit einverstanden, uns gegen alle Anspr\u00fcche zu sch\u00fctzen und zu verteidigen, die auf Ihrer Website erhoben werden. Auf keiner Website sollten Links erscheinen, die als verleumderisch, obsz\u00f6n oder kriminell interpretiert werden k\u00f6nnen oder die Rechte Dritter verletzen, anderweitig verletzen oder bef\u00fcrworten.<\/p>\n<p><strong>Ihre Privatsph\u00e4re<\/strong><\/p>\n<p>Bitte lesen Sie die Datenschutzerkl\u00e4rung<br \/>\nVorbehalt von Rechten<\/p>\n<p>Wir behalten uns das Recht vor, Sie aufzufordern, alle Links oder einen bestimmten Link zu unserer Website zu entfernen. Sie erkl\u00e4ren sich damit einverstanden, alle Links zu unserer Website auf Anfrage unverz\u00fcglich zu entfernen. Wir behalten uns auch das Recht vor, diese Allgemeinen Gesch\u00e4ftsbedingungen und ihre Verlinkungsrichtlinie jederzeit zu \u00e4ndern. Durch die fortlaufende Verlinkung auf unsere Website erkl\u00e4ren Sie sich damit einverstanden, an diese Verlinkungsbedingungen gebunden zu sein und diese zu befolgen.<\/p>\n<p><strong>Entfernung von Links von unserer Website<\/strong><\/p>\n<p>Wenn Sie auf unserer Website einen Link finden, der aus irgendeinem Grund anst\u00f6\u00dfig ist, steht es Ihnen frei, uns jederzeit zu kontaktieren und uns zu informieren. Wir werden Anfragen zur Entfernung von Links ber\u00fccksichtigen, sind jedoch nicht verpflichtet, Ihnen direkt zu antworten.<\/p>\n<p>Wir garantieren nicht, dass die Informationen auf dieser Website korrekt sind, wir \u00fcbernehmen keine Gew\u00e4hr f\u00fcr deren Vollst\u00e4ndigkeit oder Richtigkeit. Wir versprechen auch nicht sicherzustellen, dass die Website verf\u00fcgbar bleibt oder dass das Material auf der Website auf dem neuesten Stand gehalten wird.<\/p>\n<p><strong>Verzichtserkl\u00e4rung<\/strong><\/p>\n<p>Soweit dies nach geltendem Recht zul\u00e4ssig ist, schlie\u00dfen wir alle Zusicherungen, Gew\u00e4hrleistungen und Bedingungen in Bezug auf unsere Website und die Nutzung dieser Website aus.<\/p>\n<p>Nichts in diesem Haftungsausschluss wird unsere oder Ihre Haftung f\u00fcr Tod oder K\u00f6rperverletzung einschr\u00e4nken oder ausschlie\u00dfen.<\/p>\n<p>Unsere oder Ihre Haftung f\u00fcr Betrug oder betr\u00fcgerische Falschdarstellung einzuschr\u00e4nken oder auszuschlie\u00dfen.<\/p>\n<p>Unsere oder Ihre Verbindlichkeiten in einer Weise zu begrenzen, die nach geltendem Recht nicht zul\u00e4ssig ist.<\/p>\n<p>Oder schlie\u00dfen Sie unsere oder Ihre Verbindlichkeiten aus, die nach geltendem Recht nicht ausgeschlossen werden k\u00f6nnen.<\/p>\n<p>Die in diesem Abschnitt und an anderer Stelle in diesem Haftungsausschluss festgelegten Haftungsbeschr\u00e4nkungen und -verbote (a) unterliegen dem vorstehenden Absatz und (b) regeln alle Verbindlichkeiten, die sich aus dem Haftungsausschluss ergeben, einschlie\u00dflich Verbindlichkeiten aus Vertrag, aus unerlaubter Handlung und wegen Verletzung gesetzlicher Pflichten.<\/p>\n<p>Solange die Website und die Informationen und Dienstleistungen auf der Website kostenlos zur Verf\u00fcgung gestellt werden, haften wir nicht f\u00fcr Verluste oder Sch\u00e4den jeglicher Art[\/vc_column_text][\/vc_column][vc_column position_horizontal=&#8221;&#8221; mobile_visibility=&#8221;yes&#8221; mobile_width=&#8221;0&#8243; shift_x=&#8221;0&#8243; shift_y=&#8221;0&#8243; z_index=&#8221;0&#8243; medium_visibility=&#8221;yes&#8221; medium_width=&#8221;0&#8243; width=&#8221;1\/6&#8243;][\/vc_column][\/vc_row]<\/p>\n","protected":false},"excerpt":{"rendered":"<p>[vc_row row_height_percent=&#8221;0&#8243; override_padding=&#8221;yes&#8221; h_padding=&#8221;0&#8243; top_padding=&#8221;3&#8243; bottom_padding=&#8221;3&#8243; shift_y=&#8221;0&#8243; z_index=&#8221;0&#8243;][vc_column position_horizontal=&#8221;&#8221; align_horizontal=&#8221;text-lg-center&#8221; mobile_width=&#8221;0&#8243; shift_x=&#8221;0&#8243; shift_y=&#8221;0&#8243; z_index=&#8221;0&#8243; medium_width=&#8221;0&#8243; width=&#8221;1\/1&#8243;][vc_custom_heading auto_text=&#8221;yes&#8221; heading_semantic=&#8221;h1&#8243; text_size=&#8221;h1&#8243; text_weight=&#8221;font-weight-light&#8221; el_class=&#8221;alternative-font&#8221;]Allgemeine Gesch\u00e4ftsbedingungen[\/vc_custom_heading][\/vc_column][\/vc_row][vc_row row_height_percent=&#8221;0&#8243; override_padding=&#8221;yes&#8221; h_padding=&#8221;0&#8243; top_padding=&#8221;1&#8243; bottom_padding=&#8221;3&#8243; shift_y=&#8221;0&#8243; z_index=&#8221;0&#8243; el_class=&#8221;mb-adapt-6&#8243;][vc_column position_horizontal=&#8221;&#8221; mobile_visibility=&#8221;yes&#8221; mobile_width=&#8221;0&#8243; shift_x=&#8221;0&#8243; shift_y=&#8221;0&#8243; z_index=&#8221;0&#8243; medium_visibility=&#8221;yes&#8221; medium_width=&#8221;0&#8243; width=&#8221;1\/6&#8243;][\/vc_column][vc_column width=&#8221;2\/3&#8243;][vc_column_text]Willkommen bei Balflex\u00ae! Diese Allgemeinen Gesch\u00e4ftsbedingungen beschreiben die Regeln und Vorschriften f\u00fcr die Nutzung der Website [&hellip;]<\/p>\n","protected":false},"author":1,"featured_media":0,"parent":0,"menu_order":0,"comment_status":"closed","ping_status":"closed","template":"","meta":{"footnotes":""},"class_list":["post-1694","page","type-page","status-publish","hentry"],"acf":[],"yoast_head":"<!-- This site is optimized with the Yoast SEO plugin v19.9 - https:\/\/yoast.com\/wordpress\/plugins\/seo\/ -->\n<title>Allgemeine Gesch\u00e4ftsbedingungen - Balflex<\/title>\n<meta name=\"robots\" content=\"index, follow, max-snippet:-1, max-image-preview:large, max-video-preview:-1\" \/>\n<link rel=\"canonical\" href=\"https:\/\/balflex.com\/de\/allgemeine-geschaeftsbedingungen\/\" \/>\n<meta property=\"og:locale\" content=\"de_DE\" \/>\n<meta property=\"og:type\" content=\"article\" \/>\n<meta property=\"og:title\" content=\"Allgemeine Gesch\u00e4ftsbedingungen - Balflex\" \/>\n<meta property=\"og:description\" content=\"[vc_row row_height_percent=&#8221;0&#8243; override_padding=&#8221;yes&#8221; h_padding=&#8221;0&#8243; top_padding=&#8221;3&#8243; bottom_padding=&#8221;3&#8243; shift_y=&#8221;0&#8243; z_index=&#8221;0&#8243;][vc_column position_horizontal=&#8221;&#8221; align_horizontal=&#8221;text-lg-center&#8221; mobile_width=&#8221;0&#8243; shift_x=&#8221;0&#8243; shift_y=&#8221;0&#8243; z_index=&#8221;0&#8243; medium_width=&#8221;0&#8243; width=&#8221;1\/1&#8243;][vc_custom_heading auto_text=&#8221;yes&#8221; heading_semantic=&#8221;h1&#8243; text_size=&#8221;h1&#8243; text_weight=&#8221;font-weight-light&#8221; el_class=&#8221;alternative-font&#8221;]Allgemeine Gesch\u00e4ftsbedingungen[\/vc_custom_heading][\/vc_column][\/vc_row][vc_row row_height_percent=&#8221;0&#8243; override_padding=&#8221;yes&#8221; h_padding=&#8221;0&#8243; top_padding=&#8221;1&#8243; bottom_padding=&#8221;3&#8243; shift_y=&#8221;0&#8243; z_index=&#8221;0&#8243; el_class=&#8221;mb-adapt-6&#8243;][vc_column position_horizontal=&#8221;&#8221; mobile_visibility=&#8221;yes&#8221; mobile_width=&#8221;0&#8243; shift_x=&#8221;0&#8243; shift_y=&#8221;0&#8243; z_index=&#8221;0&#8243; medium_visibility=&#8221;yes&#8221; medium_width=&#8221;0&#8243; width=&#8221;1\/6&#8243;][\/vc_column][vc_column width=&#8221;2\/3&#8243;][vc_column_text]Willkommen bei Balflex\u00ae! Diese Allgemeinen Gesch\u00e4ftsbedingungen beschreiben die Regeln und Vorschriften f\u00fcr die Nutzung der Website [&hellip;]\" \/>\n<meta property=\"og:url\" content=\"https:\/\/balflex.com\/de\/allgemeine-geschaeftsbedingungen\/\" \/>\n<meta property=\"og:site_name\" content=\"Balflex\" \/>\n<meta property=\"article:modified_time\" content=\"2022-09-07T17:02:46+00:00\" \/>\n<meta name=\"twitter:card\" content=\"summary_large_image\" \/>\n<meta name=\"twitter:label1\" content=\"Gesch\u00e4tzte Lesezeit\" \/>\n\t<meta name=\"twitter:data1\" content=\"8\u00a0Minuten\" \/>\n<script type=\"application\/ld+json\" class=\"yoast-schema-graph\">{\"@context\":\"https:\/\/schema.org\",\"@graph\":[{\"@type\":\"WebPage\",\"@id\":\"https:\/\/balflex.com\/de\/allgemeine-geschaeftsbedingungen\/\",\"url\":\"https:\/\/balflex.com\/de\/allgemeine-geschaeftsbedingungen\/\",\"name\":\"Allgemeine Gesch\u00e4ftsbedingungen - Balflex\",\"isPartOf\":{\"@id\":\"https:\/\/balflex.com\/#website\"},\"datePublished\":\"2021-11-24T14:57:29+00:00\",\"dateModified\":\"2022-09-07T17:02:46+00:00\",\"breadcrumb\":{\"@id\":\"https:\/\/balflex.com\/de\/allgemeine-geschaeftsbedingungen\/#breadcrumb\"},\"inLanguage\":\"de\",\"potentialAction\":[{\"@type\":\"ReadAction\",\"target\":[\"https:\/\/balflex.com\/de\/allgemeine-geschaeftsbedingungen\/\"]}]},{\"@type\":\"BreadcrumbList\",\"@id\":\"https:\/\/balflex.com\/de\/allgemeine-geschaeftsbedingungen\/#breadcrumb\",\"itemListElement\":[{\"@type\":\"ListItem\",\"position\":1,\"name\":\"Home\",\"item\":\"https:\/\/balflex.com\/de\/\"},{\"@type\":\"ListItem\",\"position\":2,\"name\":\"Allgemeine Gesch\u00e4ftsbedingungen\"}]},{\"@type\":\"WebSite\",\"@id\":\"https:\/\/balflex.com\/#website\",\"url\":\"https:\/\/balflex.com\/\",\"name\":\"Balflex\",\"description\":\"The Hose Best Name You Can Get \u2013 The European Technology\",\"potentialAction\":[{\"@type\":\"SearchAction\",\"target\":{\"@type\":\"EntryPoint\",\"urlTemplate\":\"https:\/\/balflex.com\/?s={search_term_string}\"},\"query-input\":\"required name=search_term_string\"}],\"inLanguage\":\"de\"}]}<\/script>\n<!-- \/ Yoast SEO plugin. -->","yoast_head_json":{"title":"Allgemeine Gesch\u00e4ftsbedingungen - Balflex","robots":{"index":"index","follow":"follow","max-snippet":"max-snippet:-1","max-image-preview":"max-image-preview:large","max-video-preview":"max-video-preview:-1"},"canonical":"https:\/\/balflex.com\/de\/allgemeine-geschaeftsbedingungen\/","og_locale":"de_DE","og_type":"article","og_title":"Allgemeine Gesch\u00e4ftsbedingungen - Balflex","og_description":"[vc_row row_height_percent=&#8221;0&#8243; override_padding=&#8221;yes&#8221; h_padding=&#8221;0&#8243; top_padding=&#8221;3&#8243; bottom_padding=&#8221;3&#8243; shift_y=&#8221;0&#8243; z_index=&#8221;0&#8243;][vc_column position_horizontal=&#8221;&#8221; align_horizontal=&#8221;text-lg-center&#8221; mobile_width=&#8221;0&#8243; shift_x=&#8221;0&#8243; shift_y=&#8221;0&#8243; z_index=&#8221;0&#8243; medium_width=&#8221;0&#8243; width=&#8221;1\/1&#8243;][vc_custom_heading auto_text=&#8221;yes&#8221; heading_semantic=&#8221;h1&#8243; text_size=&#8221;h1&#8243; text_weight=&#8221;font-weight-light&#8221; el_class=&#8221;alternative-font&#8221;]Allgemeine Gesch\u00e4ftsbedingungen[\/vc_custom_heading][\/vc_column][\/vc_row][vc_row row_height_percent=&#8221;0&#8243; override_padding=&#8221;yes&#8221; h_padding=&#8221;0&#8243; top_padding=&#8221;1&#8243; bottom_padding=&#8221;3&#8243; shift_y=&#8221;0&#8243; z_index=&#8221;0&#8243; el_class=&#8221;mb-adapt-6&#8243;][vc_column position_horizontal=&#8221;&#8221; mobile_visibility=&#8221;yes&#8221; mobile_width=&#8221;0&#8243; shift_x=&#8221;0&#8243; shift_y=&#8221;0&#8243; z_index=&#8221;0&#8243; medium_visibility=&#8221;yes&#8221; medium_width=&#8221;0&#8243; width=&#8221;1\/6&#8243;][\/vc_column][vc_column width=&#8221;2\/3&#8243;][vc_column_text]Willkommen bei Balflex\u00ae! Diese Allgemeinen Gesch\u00e4ftsbedingungen beschreiben die Regeln und Vorschriften f\u00fcr die Nutzung der Website [&hellip;]","og_url":"https:\/\/balflex.com\/de\/allgemeine-geschaeftsbedingungen\/","og_site_name":"Balflex","article_modified_time":"2022-09-07T17:02:46+00:00","twitter_card":"summary_large_image","twitter_misc":{"Gesch\u00e4tzte Lesezeit":"8\u00a0Minuten"},"schema":{"@context":"https:\/\/schema.org","@graph":[{"@type":"WebPage","@id":"https:\/\/balflex.com\/de\/allgemeine-geschaeftsbedingungen\/","url":"https:\/\/balflex.com\/de\/allgemeine-geschaeftsbedingungen\/","name":"Allgemeine Gesch\u00e4ftsbedingungen - Balflex","isPartOf":{"@id":"https:\/\/balflex.com\/#website"},"datePublished":"2021-11-24T14:57:29+00:00","dateModified":"2022-09-07T17:02:46+00:00","breadcrumb":{"@id":"https:\/\/balflex.com\/de\/allgemeine-geschaeftsbedingungen\/#breadcrumb"},"inLanguage":"de","potentialAction":[{"@type":"ReadAction","target":["https:\/\/balflex.com\/de\/allgemeine-geschaeftsbedingungen\/"]}]},{"@type":"BreadcrumbList","@id":"https:\/\/balflex.com\/de\/allgemeine-geschaeftsbedingungen\/#breadcrumb","itemListElement":[{"@type":"ListItem","position":1,"name":"Home","item":"https:\/\/balflex.com\/de\/"},{"@type":"ListItem","position":2,"name":"Allgemeine Gesch\u00e4ftsbedingungen"}]},{"@type":"WebSite","@id":"https:\/\/balflex.com\/#website","url":"https:\/\/balflex.com\/","name":"Balflex","description":"The Hose Best Name You Can Get \u2013 The European Technology","potentialAction":[{"@type":"SearchAction","target":{"@type":"EntryPoint","urlTemplate":"https:\/\/balflex.com\/?s={search_term_string}"},"query-input":"required name=search_term_string"}],"inLanguage":"de"}]}},"_links":{"self":[{"href":"https:\/\/balflex.com\/de\/wp-json\/wp\/v2\/pages\/1694","targetHints":{"allow":["GET"]}}],"collection":[{"href":"https:\/\/balflex.com\/de\/wp-json\/wp\/v2\/pages"}],"about":[{"href":"https:\/\/balflex.com\/de\/wp-json\/wp\/v2\/types\/page"}],"author":[{"embeddable":true,"href":"https:\/\/balflex.com\/de\/wp-json\/wp\/v2\/users\/1"}],"replies":[{"embeddable":true,"href":"https:\/\/balflex.com\/de\/wp-json\/wp\/v2\/comments?post=1694"}],"version-history":[{"count":5,"href":"https:\/\/balflex.com\/de\/wp-json\/wp\/v2\/pages\/1694\/revisions"}],"predecessor-version":[{"id":2272,"href":"https:\/\/balflex.com\/de\/wp-json\/wp\/v2\/pages\/1694\/revisions\/2272"}],"wp:attachment":[{"href":"https:\/\/balflex.com\/de\/wp-json\/wp\/v2\/media?parent=1694"}],"curies":[{"name":"wp","href":"https:\/\/api.w.org\/{rel}","templated":true}]}}