{"id":1536,"date":"2021-11-17T12:28:34","date_gmt":"2021-11-17T12:28:34","guid":{"rendered":"https:\/\/balflex.com\/?page_id=1536"},"modified":"2024-12-18T10:43:54","modified_gmt":"2024-12-18T10:43:54","slug":"company","status":"publish","type":"page","link":"https:\/\/balflex.com\/de\/company\/","title":{"rendered":"Company"},"content":{"rendered":"<p>[vc_row unlock_row_content=&#8221;&#8221; row_height_percent=&#8221;0&#8243; shift_y=&#8221;0&#8243; z_index=&#8221;0&#8243; el_class=&#8221;hero-bg black&#8221;][vc_column position_horizontal=&#8221;&#8221; mobile_width=&#8221;11&#8243; shift_x=&#8221;0&#8243; shift_y=&#8221;0&#8243; z_index=&#8221;0&#8243; width=&#8221;1\/1&#8243; el_class=&#8221;company-hero&#8221;][vc_row_inner unlock_row_content=&#8221;&#8221; row_height_percent=&#8221;0&#8243; override_padding=&#8221;yes&#8221; h_padding=&#8221;0&#8243; top_padding=&#8221;5&#8243; bottom_padding=&#8221;1&#8243; shift_y=&#8221;0&#8243; z_index=&#8221;0&#8243;][vc_column_inner width=&#8221;1\/12&#8243;][\/vc_column_inner][vc_column_inner width=&#8221;5\/12&#8243;][vc_single_image media_div=&#8221;background&#8221; media=&#8221;379&#8243; css_animation=&#8221;masked&#8221; media_width_pixel=&#8221;547px&#8221; el_class=&#8221;mb-adapt-6 mb-adapt-md-0&#8243;][\/vc_single_image][\/vc_column_inner][vc_column_inner position_horizontal=&#8221;&#8221; mobile_width=&#8221;11&#8243; shift_x=&#8221;0&#8243; shift_y=&#8221;0&#8243; z_index=&#8221;0&#8243; css_animation=&#8221;alpha-anim&#8221; width=&#8221;1\/12&#8243;][\/vc_column_inner][vc_column_inner width=&#8221;4\/12&#8243;][vc_custom_heading heading_semantic=&#8221;h1&#8243; text_weight=&#8221;font-weight-bold&#8221; css_animation=&#8221;alpha-anim&#8221; el_class=&#8221;mb-adapt-3&#8243;]Unsere Geschichte.<br \/>\nWachstum.[\/vc_custom_heading][vc_custom_heading heading_semantic=&#8221;h3&#8243; text_size=&#8221;h4&#8243; text_italic=&#8221;yes&#8221; css_animation=&#8221;alpha-anim&#8221; el_class=&#8221;mb-adapt-3&#8243;]<i><span style=\"font-weight: 400;\">Alles begann mit Herrn Bas\u00edlio Alves.<\/span><\/i>[\/vc_custom_heading][vc_column_text css_animation=&#8221;alpha-anim&#8221;]Balflex\u00ae ist eine seit den fr\u00fchen 60er Jahren bestehende internationale Unternehmensgruppe, die sich der Entwicklung, der Produktion und dem Vertrieb aller Arten von flexiblen Schl\u00e4uchen, Armaturen, Anschl\u00fcssen, Adaptern, Schnellkupplungen und Keilriemen mit sehr hohem Qualit\u00e4tsstandard widmet.<\/p>\n<p>Ihre fast 60 Jahre Know-how und Erfahrung in diesem Bereich machen Balflex\u00ae zur ersten Wahl f\u00fcr die Industrie, \u00d6l &amp; Gas, Bergbau und Landwirtschaft.<\/p>\n<p>Heute beliefert die Balflex\u00ae Gruppe mit ihren eigenen Unternehmen, Produktionsst\u00e4tten und einem Netz von Vertriebspartnern Kunden in aller Welt.[\/vc_column_text][\/vc_column_inner][vc_column_inner width=&#8221;1\/12&#8243;][\/vc_column_inner][\/vc_row_inner][vc_row_inner unlock_row_content=&#8221;&#8221; row_height_percent=&#8221;0&#8243; shift_y=&#8221;0&#8243; z_index=&#8221;0&#8243;][vc_column_inner width=&#8221;1\/1&#8243;][vc_video video_file=&#8221;2547&#8243; controls=&#8221;yes&#8221; muted=&#8221;yes&#8221; autoplay=&#8221;yes&#8221; el_class=&#8221;elements_animated&#8221;][\/vc_column_inner][\/vc_row_inner][\/vc_column][\/vc_row][vc_row unlock_row_content=&#8221;&#8221; row_height_percent=&#8221;0&#8243; override_padding=&#8221;yes&#8221; h_padding=&#8221;0&#8243; top_padding=&#8221;4&#8243; bottom_padding=&#8221;4&#8243; shift_y=&#8221;0&#8243; z_index=&#8221;0&#8243;][vc_column width=&#8221;1\/6&#8243;][\/vc_column][vc_column position_horizontal=&#8221;&#8221; mobile_width=&#8221;11&#8243; shift_x=&#8221;0&#8243; shift_y=&#8221;0&#8243; z_index=&#8221;0&#8243; css_animation=&#8221;alpha-anim&#8221; width=&#8221;2\/3&#8243; el_class=&#8221;company-timeline-block&#8221;]<div class=\"timeline vertical\">\n\t\t<div class=\"timeline-container\">\n\t\t\t<div class=\"timeline-slider slick-slider\"><figure class=\"timeline-block\">\n\t\t\t\t\t\t\t<picture class=\"slide_img\">\n\t\t\t\t\t\t\t\t<div class=\"aspectRatioPlaceholder\">\n\t\t\t\t\t\t\t\t\t<div class=\"fill\" style=\"padding-bottom: 100%\"><\/div>\n\t\t\t\t\t\t\t\t<\/div>\n\t\t\t\t\t\t\t\t<span role=\"img\" aria-label=\"\" title=\"\" class=\"has_bg\" data-background-image=\"https:\/\/balflex.com\/wp-content\/uploads\/2021\/11\/Balflex_Basilio_alves_search.jpg\"><\/span>\n\t\t\t\t\t\t\t<\/picture>\n\t\t\t\t\t\t\t<figcaption>\n\t\t\t\t\t\t\t\t<span class=\"d-block alternative-font h2 font-weight-bold elements_animated\">1963<\/span>\n\t\t\t\t\t\t\t\t<h3 class=\"alternative-font h4 text-medium font-weight-bold mt-adapt-4 elements_animated\">Die Anf\u00e4nge<\/h3>\n\t\t\t\t\t\t\t\t<p class=\"text-light mt-adapt-4 elements_animated\">Gr\u00fcndung von Bas\u00edlio Alves Unipessoal durch den Gr\u00fcnder, Herrn Bas\u00edlio Alves.<br \/> Reise nach Deutschland mit seinem eigenen Fiat 500, wobei er die Kosten f\u00fcr die Schiffsreise f\u00fcr sich und sein Auto durch seine Arbeit an den Maschinen des Schiffes w\u00e4hrend der Reise finanzierte.<\/p>\n\t\t\t\t\t\t\t\t\n\t\t\t\t\t\t\t<\/figcaption>\n\t\t\t\t\t\t\t<svg class=\"will-appear\" viewBox=\"0 0 503 141\" fill=\"none\" xmlns=\"http:\/\/www.w3.org\/2000\/svg\"><path d=\"M499 141C499 78.2 457.667 70.8333 437 71H369.5C253.544 71 140.845 71 71.9566 71C34.4013 71 4 40.5554 4 2.99999V0.345947\" stroke=\"#1770FB\" stroke-width=\"8\"\/><\/svg>\n\t\t\t\t\t\t<\/figure><figure class=\"timeline-block\">\n\t\t\t\t\t\t\t<picture class=\"slide_img\">\n\t\t\t\t\t\t\t\t<div class=\"aspectRatioPlaceholder\">\n\t\t\t\t\t\t\t\t\t<div class=\"fill\" style=\"padding-bottom: 100%\"><\/div>\n\t\t\t\t\t\t\t\t<\/div>\n\t\t\t\t\t\t\t\t<span role=\"img\" aria-label=\"\" title=\"\" class=\"has_bg\" data-background-image=\"https:\/\/balflex.com\/wp-content\/uploads\/2021\/11\/Balflex_Basilio_alves_car.jpg\"><\/span>\n\t\t\t\t\t\t\t<\/picture>\n\t\t\t\t\t\t\t<figcaption>\n\t\t\t\t\t\t\t\t<span class=\"d-block alternative-font h2 font-weight-bold elements_animated\">1975-1986<\/span>\n\t\t\t\t\t\t\t\t<h3 class=\"alternative-font h4 text-medium font-weight-bold mt-adapt-4 elements_animated\">Erste \u00c4nderungen<\/h3>\n\t\t\t\t\t\t\t\t<p class=\"text-light mt-adapt-4 elements_animated\">Erste Zertifizierung als qualifizierter Lieferant von L'Air Liquide Portugal f\u00fcr die Montage von Hochdruckschl\u00e4uchen f\u00fcr medizinischen Sauerstoff.<br \/> Erste Zertifizierung als qualifizierter Lieferant f\u00fcr die Automobilindustrie durch Toyota und Peugeot PSA.<\/p>\n\t\t\t\t\t\t\t\t\n\t\t\t\t\t\t\t<\/figcaption>\n\t\t\t\t\t\t\t<svg class=\"will-appear\" viewBox=\"0 0 503 141\" fill=\"none\" xmlns=\"http:\/\/www.w3.org\/2000\/svg\"><path d=\"M4 141C4 78.2 45.3333 70.8333 66 71H133.5C249.456 71 362.155 71 431.043 71C468.599 71 499 40.5554 499 2.99999V0.345947\" stroke=\"#1770FB\" stroke-width=\"8\"\/><\/svg>\n\t\t\t\t\t\t<\/figure><figure class=\"timeline-block\">\n\t\t\t\t\t\t\t<picture class=\"slide_img\">\n\t\t\t\t\t\t\t\t<div class=\"aspectRatioPlaceholder\">\n\t\t\t\t\t\t\t\t\t<div class=\"fill\" style=\"padding-bottom: 100%\"><\/div>\n\t\t\t\t\t\t\t\t<\/div>\n\t\t\t\t\t\t\t\t<span role=\"img\" aria-label=\"\" title=\"\" class=\"has_bg\" data-background-image=\"https:\/\/balflex.com\/wp-content\/uploads\/2021\/11\/7.png\"><\/span>\n\t\t\t\t\t\t\t<\/picture>\n\t\t\t\t\t\t\t<figcaption>\n\t\t\t\t\t\t\t\t<span class=\"d-block alternative-font h2 font-weight-bold elements_animated\">1987-1988<\/span>\n\t\t\t\t\t\t\t\t<h3 class=\"alternative-font h4 text-medium font-weight-bold mt-adapt-4 elements_animated\">Die Fabrik w\u00e4chst<\/h3>\n\t\t\t\t\t\t\t\t<p class=\"text-light mt-adapt-4 elements_animated\">Einrichtung eines Labors f\u00fcr Produktpr\u00fcfungen mit hydrostatischer Druckpr\u00fcfung und Impuls- und Berstpr\u00fcfstand bis 1800 bar, mit Hochtemperatur- und Erstdruckpr\u00fcfung bis 5000 bar, mit einem Ger\u00e4t zur Messung des Anzugsmoments, einem Pr\u00fcfger\u00e4t f\u00fcr Salzspr\u00fchtests und einem Messger\u00e4t f\u00fcr die Verzinkungsschicht.<\/p>\n\t\t\t\t\t\t\t\t\n\t\t\t\t\t\t\t<\/figcaption>\n\t\t\t\t\t\t\t<svg class=\"will-appear\" viewBox=\"0 0 503 141\" fill=\"none\" xmlns=\"http:\/\/www.w3.org\/2000\/svg\"><path d=\"M499 141C499 78.2 457.667 70.8333 437 71H369.5C253.544 71 140.845 71 71.9566 71C34.4013 71 4 40.5554 4 2.99999V0.345947\" stroke=\"#1770FB\" stroke-width=\"8\"\/><\/svg>\n\t\t\t\t\t\t<\/figure><figure class=\"timeline-block\">\n\t\t\t\t\t\t\t<picture class=\"slide_img\">\n\t\t\t\t\t\t\t\t<div class=\"aspectRatioPlaceholder\">\n\t\t\t\t\t\t\t\t\t<div class=\"fill\" style=\"padding-bottom: 100%\"><\/div>\n\t\t\t\t\t\t\t\t<\/div>\n\t\t\t\t\t\t\t\t<span role=\"img\" aria-label=\"\" title=\"\" class=\"has_bg\" data-background-image=\"https:\/\/balflex.com\/wp-content\/uploads\/2022\/03\/Balflex_timeline.jpg\"><\/span>\n\t\t\t\t\t\t\t<\/picture>\n\t\t\t\t\t\t\t<figcaption>\n\t\t\t\t\t\t\t\t<span class=\"d-block alternative-font h2 font-weight-bold elements_animated\">1999-2010<\/span>\n\t\t\t\t\t\t\t\t<h3 class=\"alternative-font h4 text-medium font-weight-bold mt-adapt-4 elements_animated\">Der Schritt zum Internationalen Unternehmen<\/h3>\n\t\t\t\t\t\t\t\t<p class=\"text-light mt-adapt-4 elements_animated\">Gr\u00fcndung von Balflex Brasil Ltda.<br \/> Gr\u00fcndung von Balflex Peru SAC und Beginn der Produktion und Vermarktung von Hydraulikschl\u00e4uchen bei Balflex Chile Ltda.<br \/> USMSHA Zertifizierung.<br \/> Zertifizierung des Qualit\u00e4tsmanagementsystems nach ISO 9001:1994 bei Balflex Portugal SA und bei Balflex Brasil Ltda.<br \/> GOST Zertifizierung.<\/p>\n\t\t\t\t\t\t\t\t\n\t\t\t\t\t\t\t<\/figcaption>\n\t\t\t\t\t\t\t<svg class=\"will-appear\" width=\"268\" height=\"146\" viewBox=\"0 0 268 146\" fill=\"none\" xmlns=\"http:\/\/www.w3.org\/2000\/svg\"><path d=\"M263.5 0V2.82783C263.5 40.3832 233.074 70.8278 195.518 70.8278C164.951 70.8278 127.104 70.8278 88.503 70.8278C65.5 70.8278 4 68 4 146\" stroke=\"#1770FB\" stroke-width=\"8\"\/><\/svg>\n\t\t\t\t\t\t<\/figure><figure class=\"timeline-block\">\n\t\t\t\t\t\t\t<picture class=\"slide_img\">\n\t\t\t\t\t\t\t\t<div class=\"aspectRatioPlaceholder\">\n\t\t\t\t\t\t\t\t\t<div class=\"fill\" style=\"padding-bottom: 38.618346545866%\"><\/div>\n\t\t\t\t\t\t\t\t<\/div>\n\t\t\t\t\t\t\t\t<span role=\"img\" aria-label=\"\" title=\"\" class=\"has_bg\" data-background-image=\"https:\/\/balflex.com\/wp-content\/uploads\/2022\/03\/Balflex_plant.jpg\"><\/span>\n\t\t\t\t\t\t\t<\/picture>\n\t\t\t\t\t\t\t<figcaption>\n\t\t\t\t\t\t\t\t<span class=\"d-block alternative-font h2 font-weight-bold elements_animated\">2011-2021<\/span>\n\t\t\t\t\t\t\t\t<h3 class=\"alternative-font h4 text-medium font-weight-bold mt-adapt-4 elements_animated\"><\/h3>\n\t\t\t\t\t\t\t\t<p class=\"text-light mt-adapt-4 elements_animated\">Er\u00f6ffnung von Vmflex Lda. Gr\u00fcndung von Balflex USA LLC. Zulassungen: FRAS, RINA, US DOT, Typenzulassung durch Bureau Veritas, BV Mode II - Marine Division und US FDA.<br \/> \u00dcbernahme der 2B Hydraulik GmbH. Beginn des Baus des neuen Schlauchwerks ``Bas\u00edlio Alves`` in Portugal.<\/p>\n\t\t\t\t\t\t\t\t\n\t\t\t\t\t\t\t<\/figcaption>\n\t\t\t\t\t\t\t\n\t\t\t\t\t\t<\/figure><\/div>\n\t\t\t<\/div>\n\t\t<\/div>[vc_row_inner unlock_row_content=&#8221;yes&#8221; row_height_percent=&#8221;0&#8243; columns_gutter=&#8221;&#8221; shift_y=&#8221;0&#8243; z_index=&#8221;0&#8243;][vc_column_inner width=&#8221;1\/1&#8243;][vc_video video_file=&#8221;3317&#8243; controls=&#8221;yes&#8221; autoplay=&#8221;yes&#8221; loop=&#8221;yes&#8221; el_class=&#8221;rounded&#8221;][\/vc_column_inner][\/vc_row_inner][vc_row_inner unlock_row_content=&#8221;yes&#8221; row_height_percent=&#8221;0&#8243; columns_gutter=&#8221;&#8221; shift_y=&#8221;0&#8243; z_index=&#8221;0&#8243;][vc_column_inner width=&#8221;1\/1&#8243;][vc_custom_heading text_weight=&#8221;font-weight-bold&#8221;]2022[\/vc_custom_heading][vc_column_text el_class=&#8221;mt-adapt-2&#8243;]Er\u00f6ffnung des neuen Hydraulikschlauchherstellungswerks in Pindelo dos Milagres, S.P. do Sul, Portugal.[\/vc_column_text][vc_video video_file=&#8221;3268&#8243; controls=&#8221;yes&#8221; muted=&#8221;yes&#8221; autoplay=&#8221;yes&#8221;][vc_custom_heading text_weight=&#8221;font-weight-bold&#8221;]2024[\/vc_custom_heading][vc_column_text]Balflex Group wurde von Henko Partners \u00fcbernommen[\/vc_column_text][vc_single_image media=&#8221;11005&#8243;][\/vc_single_image][\/vc_column_inner][\/vc_row_inner][\/vc_column][vc_column width=&#8221;1\/6&#8243;][\/vc_column][\/vc_row][vc_row unlock_row_content=&#8221;yes&#8221; row_height_percent=&#8221;0&#8243; shift_y=&#8221;0&#8243; z_index=&#8221;0&#8243; back_color=&#8221;#1a1d55&#8243;][vc_column position_horizontal=&#8221;&#8221; mobile_width=&#8221;11&#8243; shift_x=&#8221;0&#8243; shift_y=&#8221;0&#8243; z_index=&#8221;0&#8243; css_animation=&#8221;alpha-anim&#8221; width=&#8221;1\/2&#8243;]<div class=\"map_container h-100\" data-center=\"[&quot;41.2322278&quot;,&quot;-8.5429927&quot;]\" data-style=\"mapbox:\/\/styles\/miewdev\/cjqqtr49y2tu62rqinjbm0ozp\" data-items=\"[{&quot;coordenadas&quot;:&quot;41.2322278,-8.5429927&quot;,&quot;title&quot;:&quot;Balflex&quot;,&quot;text&quot;:&quot;Rua Bou\\u00e7a dos Estilhadouros,&lt;br \\\/&gt; 226\\\/254 Zona Industrial Alto de Vilar&lt;br \\\/&gt; 4445-044 Alfena&lt;\\\/p&gt; &lt;p&gt;Phone: (351) 22 96 98 160&lt;\\\/p&gt; &lt;p&gt;Email: infobalflex@balflex.pt&quot;,&quot;linktext&quot;:&quot;&quot;,&quot;link&quot;:&quot;https:\\\/\\\/www.google.pt\\\/maps\\\/place\\\/R.+Bou%C3%A7a+dos+Estilhadouros+226,+4445-044+Ermesinde\\\/@41.2322278,-8.5429927,17z\\\/data=!3m1!4b1!4m8!1m2!2m1!1sRua+Bouca+dos+Estilhadouros,+226%2F254+Zona+Industrial+Alto+de+Vilar+4445-044+Alfena!3m4!1s0xd24611049397b51:0x94ea16459759bd31!8m2!3d41.2322278!4d-8.540804?hl=pt-PT&quot;,&quot;linktarget&quot;:&quot;_blank&quot;},{&quot;coordenadas&quot;:&quot;40.8056242,-7.9631051&quot;,&quot;title&quot;:&quot;Balflex&quot;,&quot;text&quot;:&quot;Parque Empresarial Pindelo dos Milagres,&lt;\\\/p&gt; &lt;p&gt;Rua da Liberdade - S. Pedro do Sul,&lt;\\\/p&gt; &lt;p&gt;3660-174 Pindelo dos Milagres.&lt;\\\/p&gt; &lt;p&gt;Email: infobalflex@balflex.pt&quot;,&quot;linktext&quot;:&quot;&quot;,&quot;link&quot;:&quot;https:\\\/\\\/www.google.pt\\\/maps\\\/place\\\/R.+Bou%C3%A7a+dos+Estilhadouros+226,+4445-044+Ermesinde\\\/@41.2322278,-8.5429927,17z\\\/data=!3m1!4b1!4m8!1m2!2m1!1sRua+Bouca+dos+Estilhadouros,+226%2F254+Zona+Industrial+Alto+de+Vilar+4445-044+Alfena!3m4!1s0xd24611049397b51:0x94ea16459759bd31!8m2!3d41.2322278!4d-8.540804?hl=pt-PT&quot;,&quot;linktarget&quot;:&quot;_blank&quot;}]\" data-zoom=\"8\" data-zoom2=\"12\">\n\t\t\t<div id=\"mapbox\" data-name=\"mapbox\" style=\"height:100%\" ><\/div>\n\t\t\t\n\t\t<\/div>[\/vc_column][vc_column position_horizontal=&#8221;&#8221; position_vertical=&#8221;d-md-flex align-items-md-center&#8221; override_padding=&#8221;yes&#8221; column_padding=&#8221;5&#8243; style=&#8221;dark&#8221; mobile_width=&#8221;11&#8243; shift_x=&#8221;0&#8243; shift_y=&#8221;0&#8243; z_index=&#8221;0&#8243; css_animation=&#8221;alpha-anim&#8221; width=&#8221;5\/12&#8243;][vc_custom_heading text_weight=&#8221;font-weight-bold&#8221; el_class=&#8221;mb-adapt-4&#8243;]<span style=\"font-weight: 400;\">Wo ist Balflex?<\/span>[\/vc_custom_heading][vc_column_text]Alfena (Headquarters)<br \/>\nRua Bou\u00e7a dos Estilhadouros, 226\/254,<br \/>\nZona Industrial Alto de Vilar,<br \/>\nPortugal.<br \/>\n(351) 22 96 98 160<br \/>\ninfobalflex@balflex.pt[\/vc_column_text][vc_separator el_class=&#8221;mt-adapt-4 mb-adapt-4&#8243;][vc_column_text]Parque Empresarial Pindelo dos Milagres,<br \/>\nRua da Liberdade &#8211; S. Pedro do Sul,<br \/>\n3660-174 Pindelo dos Milagres,<br \/>\nPortugal.<br \/>\ninfobalflex@balflex.pt[\/vc_column_text][vc_btn display=&#8221;inline-block&#8221; btn_size=&#8221;button-big&#8221; id=&#8221;7o7t83qfc&#8221; el_class=&#8221;mt-adapt-6 outlined&#8221; link=&#8221;url:https%3A%2F%2Fbalflex.com%2Fcontact-us%2F%23contact|title:Contact%20us&#8221;]Kontaktieren Sie uns[\/vc_btn][\/vc_column][vc_column width=&#8221;1\/12&#8243;][\/vc_column][\/vc_row][vc_row][vc_column width=&#8221;1\/1&#8243;][miew_block id=&#8221;275&#8243;][\/vc_column][\/vc_row]<\/p>\n","protected":false},"excerpt":{"rendered":"<p>[vc_row unlock_row_content=&#8221;&#8221; row_height_percent=&#8221;0&#8243; shift_y=&#8221;0&#8243; z_index=&#8221;0&#8243; el_class=&#8221;hero-bg black&#8221;][vc_column position_horizontal=&#8221;&#8221; mobile_width=&#8221;11&#8243; shift_x=&#8221;0&#8243; shift_y=&#8221;0&#8243; z_index=&#8221;0&#8243; width=&#8221;1\/1&#8243; el_class=&#8221;company-hero&#8221;][vc_row_inner unlock_row_content=&#8221;&#8221; row_height_percent=&#8221;0&#8243; override_padding=&#8221;yes&#8221; h_padding=&#8221;0&#8243; top_padding=&#8221;5&#8243; bottom_padding=&#8221;1&#8243; shift_y=&#8221;0&#8243; z_index=&#8221;0&#8243;][vc_column_inner width=&#8221;1\/12&#8243;][\/vc_column_inner][vc_column_inner width=&#8221;5\/12&#8243;][vc_single_image media_div=&#8221;background&#8221; media=&#8221;379&#8243; css_animation=&#8221;masked&#8221; media_width_pixel=&#8221;547px&#8221; el_class=&#8221;mb-adapt-6 mb-adapt-md-0&#8243;][\/vc_single_image][\/vc_column_inner][vc_column_inner position_horizontal=&#8221;&#8221; mobile_width=&#8221;11&#8243; shift_x=&#8221;0&#8243; shift_y=&#8221;0&#8243; z_index=&#8221;0&#8243; css_animation=&#8221;alpha-anim&#8221; width=&#8221;1\/12&#8243;][\/vc_column_inner][vc_column_inner width=&#8221;4\/12&#8243;][vc_custom_heading heading_semantic=&#8221;h1&#8243; text_weight=&#8221;font-weight-bold&#8221; css_animation=&#8221;alpha-anim&#8221; el_class=&#8221;mb-adapt-3&#8243;]Unsere Geschichte. Wachstum.[\/vc_custom_heading][vc_custom_heading heading_semantic=&#8221;h3&#8243; text_size=&#8221;h4&#8243; text_italic=&#8221;yes&#8221; css_animation=&#8221;alpha-anim&#8221; el_class=&#8221;mb-adapt-3&#8243;]Alles begann mit Herrn Bas\u00edlio Alves.[\/vc_custom_heading][vc_column_text css_animation=&#8221;alpha-anim&#8221;]Balflex\u00ae [&hellip;]<\/p>\n","protected":false},"author":1,"featured_media":0,"parent":0,"menu_order":0,"comment_status":"closed","ping_status":"closed","template":"","meta":{"footnotes":""},"class_list":["post-1536","page","type-page","status-publish","hentry"],"acf":[],"yoast_head":"<!-- This site is optimized with the Yoast SEO plugin v19.9 - https:\/\/yoast.com\/wordpress\/plugins\/seo\/ -->\n<title>Company - Balflex<\/title>\n<meta name=\"robots\" content=\"index, follow, max-snippet:-1, max-image-preview:large, max-video-preview:-1\" \/>\n<link rel=\"canonical\" href=\"https:\/\/balflex.com\/de\/company\/\" \/>\n<meta property=\"og:locale\" content=\"de_DE\" \/>\n<meta property=\"og:type\" content=\"article\" \/>\n<meta property=\"og:title\" content=\"Company - Balflex\" \/>\n<meta property=\"og:description\" content=\"[vc_row unlock_row_content=&#8221;&#8221; row_height_percent=&#8221;0&#8243; shift_y=&#8221;0&#8243; z_index=&#8221;0&#8243; el_class=&#8221;hero-bg black&#8221;][vc_column position_horizontal=&#8221;&#8221; mobile_width=&#8221;11&#8243; shift_x=&#8221;0&#8243; shift_y=&#8221;0&#8243; z_index=&#8221;0&#8243; width=&#8221;1\/1&#8243; el_class=&#8221;company-hero&#8221;][vc_row_inner unlock_row_content=&#8221;&#8221; row_height_percent=&#8221;0&#8243; override_padding=&#8221;yes&#8221; h_padding=&#8221;0&#8243; top_padding=&#8221;5&#8243; bottom_padding=&#8221;1&#8243; shift_y=&#8221;0&#8243; z_index=&#8221;0&#8243;][vc_column_inner width=&#8221;1\/12&#8243;][\/vc_column_inner][vc_column_inner width=&#8221;5\/12&#8243;][vc_single_image media_div=&#8221;background&#8221; media=&#8221;379&#8243; css_animation=&#8221;masked&#8221; media_width_pixel=&#8221;547px&#8221; el_class=&#8221;mb-adapt-6 mb-adapt-md-0&#8243;][\/vc_single_image][\/vc_column_inner][vc_column_inner position_horizontal=&#8221;&#8221; mobile_width=&#8221;11&#8243; shift_x=&#8221;0&#8243; shift_y=&#8221;0&#8243; z_index=&#8221;0&#8243; css_animation=&#8221;alpha-anim&#8221; width=&#8221;1\/12&#8243;][\/vc_column_inner][vc_column_inner width=&#8221;4\/12&#8243;][vc_custom_heading heading_semantic=&#8221;h1&#8243; text_weight=&#8221;font-weight-bold&#8221; css_animation=&#8221;alpha-anim&#8221; el_class=&#8221;mb-adapt-3&#8243;]Unsere Geschichte. Wachstum.[\/vc_custom_heading][vc_custom_heading heading_semantic=&#8221;h3&#8243; text_size=&#8221;h4&#8243; text_italic=&#8221;yes&#8221; css_animation=&#8221;alpha-anim&#8221; el_class=&#8221;mb-adapt-3&#8243;]Alles begann mit Herrn Bas\u00edlio Alves.[\/vc_custom_heading][vc_column_text css_animation=&#8221;alpha-anim&#8221;]Balflex\u00ae [&hellip;]\" \/>\n<meta property=\"og:url\" content=\"https:\/\/balflex.com\/de\/company\/\" \/>\n<meta property=\"og:site_name\" content=\"Balflex\" \/>\n<meta property=\"article:modified_time\" content=\"2024-12-18T10:43:54+00:00\" \/>\n<meta name=\"twitter:card\" content=\"summary_large_image\" \/>\n<meta name=\"twitter:label1\" content=\"Gesch\u00e4tzte Lesezeit\" \/>\n\t<meta name=\"twitter:data1\" content=\"3\u00a0Minuten\" \/>\n<script type=\"application\/ld+json\" class=\"yoast-schema-graph\">{\"@context\":\"https:\/\/schema.org\",\"@graph\":[{\"@type\":\"WebPage\",\"@id\":\"https:\/\/balflex.com\/de\/company\/\",\"url\":\"https:\/\/balflex.com\/de\/company\/\",\"name\":\"Company - Balflex\",\"isPartOf\":{\"@id\":\"https:\/\/balflex.com\/#website\"},\"datePublished\":\"2021-11-17T12:28:34+00:00\",\"dateModified\":\"2024-12-18T10:43:54+00:00\",\"breadcrumb\":{\"@id\":\"https:\/\/balflex.com\/de\/company\/#breadcrumb\"},\"inLanguage\":\"de\",\"potentialAction\":[{\"@type\":\"ReadAction\",\"target\":[\"https:\/\/balflex.com\/de\/company\/\"]}]},{\"@type\":\"BreadcrumbList\",\"@id\":\"https:\/\/balflex.com\/de\/company\/#breadcrumb\",\"itemListElement\":[{\"@type\":\"ListItem\",\"position\":1,\"name\":\"Home\",\"item\":\"https:\/\/balflex.com\/de\/\"},{\"@type\":\"ListItem\",\"position\":2,\"name\":\"Company\"}]},{\"@type\":\"WebSite\",\"@id\":\"https:\/\/balflex.com\/#website\",\"url\":\"https:\/\/balflex.com\/\",\"name\":\"Balflex\",\"description\":\"The Hose Best Name You Can Get \u2013 The European Technology\",\"potentialAction\":[{\"@type\":\"SearchAction\",\"target\":{\"@type\":\"EntryPoint\",\"urlTemplate\":\"https:\/\/balflex.com\/?s={search_term_string}\"},\"query-input\":\"required name=search_term_string\"}],\"inLanguage\":\"de\"}]}<\/script>\n<!-- \/ Yoast SEO plugin. -->","yoast_head_json":{"title":"Company - Balflex","robots":{"index":"index","follow":"follow","max-snippet":"max-snippet:-1","max-image-preview":"max-image-preview:large","max-video-preview":"max-video-preview:-1"},"canonical":"https:\/\/balflex.com\/de\/company\/","og_locale":"de_DE","og_type":"article","og_title":"Company - Balflex","og_description":"[vc_row unlock_row_content=&#8221;&#8221; row_height_percent=&#8221;0&#8243; shift_y=&#8221;0&#8243; z_index=&#8221;0&#8243; el_class=&#8221;hero-bg black&#8221;][vc_column position_horizontal=&#8221;&#8221; mobile_width=&#8221;11&#8243; shift_x=&#8221;0&#8243; shift_y=&#8221;0&#8243; z_index=&#8221;0&#8243; width=&#8221;1\/1&#8243; el_class=&#8221;company-hero&#8221;][vc_row_inner unlock_row_content=&#8221;&#8221; row_height_percent=&#8221;0&#8243; override_padding=&#8221;yes&#8221; h_padding=&#8221;0&#8243; top_padding=&#8221;5&#8243; bottom_padding=&#8221;1&#8243; shift_y=&#8221;0&#8243; z_index=&#8221;0&#8243;][vc_column_inner width=&#8221;1\/12&#8243;][\/vc_column_inner][vc_column_inner width=&#8221;5\/12&#8243;][vc_single_image media_div=&#8221;background&#8221; media=&#8221;379&#8243; css_animation=&#8221;masked&#8221; media_width_pixel=&#8221;547px&#8221; el_class=&#8221;mb-adapt-6 mb-adapt-md-0&#8243;][\/vc_single_image][\/vc_column_inner][vc_column_inner position_horizontal=&#8221;&#8221; mobile_width=&#8221;11&#8243; shift_x=&#8221;0&#8243; shift_y=&#8221;0&#8243; z_index=&#8221;0&#8243; css_animation=&#8221;alpha-anim&#8221; width=&#8221;1\/12&#8243;][\/vc_column_inner][vc_column_inner width=&#8221;4\/12&#8243;][vc_custom_heading heading_semantic=&#8221;h1&#8243; text_weight=&#8221;font-weight-bold&#8221; css_animation=&#8221;alpha-anim&#8221; el_class=&#8221;mb-adapt-3&#8243;]Unsere Geschichte. Wachstum.[\/vc_custom_heading][vc_custom_heading heading_semantic=&#8221;h3&#8243; text_size=&#8221;h4&#8243; text_italic=&#8221;yes&#8221; css_animation=&#8221;alpha-anim&#8221; el_class=&#8221;mb-adapt-3&#8243;]Alles begann mit Herrn Bas\u00edlio Alves.[\/vc_custom_heading][vc_column_text css_animation=&#8221;alpha-anim&#8221;]Balflex\u00ae [&hellip;]","og_url":"https:\/\/balflex.com\/de\/company\/","og_site_name":"Balflex","article_modified_time":"2024-12-18T10:43:54+00:00","twitter_card":"summary_large_image","twitter_misc":{"Gesch\u00e4tzte Lesezeit":"3\u00a0Minuten"},"schema":{"@context":"https:\/\/schema.org","@graph":[{"@type":"WebPage","@id":"https:\/\/balflex.com\/de\/company\/","url":"https:\/\/balflex.com\/de\/company\/","name":"Company - Balflex","isPartOf":{"@id":"https:\/\/balflex.com\/#website"},"datePublished":"2021-11-17T12:28:34+00:00","dateModified":"2024-12-18T10:43:54+00:00","breadcrumb":{"@id":"https:\/\/balflex.com\/de\/company\/#breadcrumb"},"inLanguage":"de","potentialAction":[{"@type":"ReadAction","target":["https:\/\/balflex.com\/de\/company\/"]}]},{"@type":"BreadcrumbList","@id":"https:\/\/balflex.com\/de\/company\/#breadcrumb","itemListElement":[{"@type":"ListItem","position":1,"name":"Home","item":"https:\/\/balflex.com\/de\/"},{"@type":"ListItem","position":2,"name":"Company"}]},{"@type":"WebSite","@id":"https:\/\/balflex.com\/#website","url":"https:\/\/balflex.com\/","name":"Balflex","description":"The Hose Best Name You Can Get \u2013 The European Technology","potentialAction":[{"@type":"SearchAction","target":{"@type":"EntryPoint","urlTemplate":"https:\/\/balflex.com\/?s={search_term_string}"},"query-input":"required name=search_term_string"}],"inLanguage":"de"}]}},"_links":{"self":[{"href":"https:\/\/balflex.com\/de\/wp-json\/wp\/v2\/pages\/1536","targetHints":{"allow":["GET"]}}],"collection":[{"href":"https:\/\/balflex.com\/de\/wp-json\/wp\/v2\/pages"}],"about":[{"href":"https:\/\/balflex.com\/de\/wp-json\/wp\/v2\/types\/page"}],"author":[{"embeddable":true,"href":"https:\/\/balflex.com\/de\/wp-json\/wp\/v2\/users\/1"}],"replies":[{"embeddable":true,"href":"https:\/\/balflex.com\/de\/wp-json\/wp\/v2\/comments?post=1536"}],"version-history":[{"count":12,"href":"https:\/\/balflex.com\/de\/wp-json\/wp\/v2\/pages\/1536\/revisions"}],"predecessor-version":[{"id":12218,"href":"https:\/\/balflex.com\/de\/wp-json\/wp\/v2\/pages\/1536\/revisions\/12218"}],"wp:attachment":[{"href":"https:\/\/balflex.com\/de\/wp-json\/wp\/v2\/media?parent=1536"}],"curies":[{"name":"wp","href":"https:\/\/api.w.org\/{rel}","templated":true}]}}